{"id":7334,"date":"2026-01-01T14:56:00","date_gmt":"2026-01-01T14:56:00","guid":{"rendered":"https:\/\/officialcannabisseeds.com\/shop\/blauer-traum\/"},"modified":"2026-01-01T14:56:03","modified_gmt":"2026-01-01T14:56:03","slug":"blauer-traum","status":"publish","type":"product","link":"https:\/\/officialcannabisseeds.com\/de\/shop\/blauer-traum\/","title":{"rendered":"Blauer Traum"},"content":{"rendered":"<p><span style=\"font-weight: 400;\">Das Geschmacksprofil von Blue Dream hat etwas unbestreitbar Verlockendes. Es ist s\u00fc\u00df und fruchtig &#8211; man denke an reife Blaubeeren -, aber abgerundet mit erdigen, kr\u00e4uterartigen Untert\u00f6nen, die von ihrer <\/span><a href=\"https:\/\/www.youtube.com\/watch?v=dds86Nm1Mss\" target=\"_blank\" rel=\"noopener\"><span style=\"font-weight: 400;\">Haze-Abstammung<\/span><\/a><span style=\"font-weight: 400;\">herr\u00fchren <\/span><span style=\"font-weight: 400;\">. Es ist nicht zu schwer, nicht zu scharf &#8211; genau richtig. Dieses ausgewogene Aroma macht sie f\u00fcr Neulinge und Kenner gleicherma\u00dfen attraktiv und verwandelt neugierige Erstbesucher leicht in treue Enthusiasten.<\/span><\/p>\n","protected":false},"excerpt":{"rendered":"<p>Ein legend\u00e4rer Hybrid, bekannt f\u00fcr seine ausgewogene Wirkung und sein s\u00fc\u00dfes Beerenaroma<\/p>\n","protected":false},"featured_media":6354,"comment_status":"open","ping_status":"closed","template":"","meta":[],"product_brand":[],"product_cat":[398,403,413,418],"product_tag":[589],"class_list":{"0":"post-7334","1":"product","2":"type-product","3":"status-publish","4":"has-post-thumbnail","6":"product_cat-autos","7":"product_cat-ausgewogen","8":"product_cat-feminisierte-samen","9":"product_cat-hybrid","10":"product_tag-hybrid","12":"first","13":"instock","14":"taxable","15":"shipping-taxable","16":"purchasable","17":"product-type-variable"},"acf":[],"_links":{"self":[{"href":"https:\/\/officialcannabisseeds.com\/de\/wp-json\/wp\/v2\/product\/7334","targetHints":{"allow":["GET"]}}],"collection":[{"href":"https:\/\/officialcannabisseeds.com\/de\/wp-json\/wp\/v2\/product"}],"about":[{"href":"https:\/\/officialcannabisseeds.com\/de\/wp-json\/wp\/v2\/types\/product"}],"replies":[{"embeddable":true,"href":"https:\/\/officialcannabisseeds.com\/de\/wp-json\/wp\/v2\/comments?post=7334"}],"wp:featuredmedia":[{"embeddable":true,"href":"https:\/\/officialcannabisseeds.com\/de\/wp-json\/wp\/v2\/media\/6354"}],"wp:attachment":[{"href":"https:\/\/officialcannabisseeds.com\/de\/wp-json\/wp\/v2\/media?parent=7334"}],"wp:term":[{"taxonomy":"product_brand","embeddable":true,"href":"https:\/\/officialcannabisseeds.com\/de\/wp-json\/wp\/v2\/product_brand?post=7334"},{"taxonomy":"product_cat","embeddable":true,"href":"https:\/\/officialcannabisseeds.com\/de\/wp-json\/wp\/v2\/product_cat?post=7334"},{"taxonomy":"product_tag","embeddable":true,"href":"https:\/\/officialcannabisseeds.com\/de\/wp-json\/wp\/v2\/product_tag?post=7334"}],"curies":[{"name":"wp","href":"https:\/\/api.w.org\/{rel}","templated":true}]}}