{"id":7412,"date":"2025-09-30T14:41:05","date_gmt":"2025-09-30T14:41:05","guid":{"rendered":"https:\/\/officialcannabisseeds.com\/shop\/gelato-2\/"},"modified":"2026-01-02T15:22:40","modified_gmt":"2026-01-02T15:22:40","slug":"gelato-2","status":"publish","type":"product","link":"https:\/\/officialcannabisseeds.com\/de\/shop\/gelato-2\/","title":{"rendered":"GELATO"},"content":{"rendered":"<p class=\"text-body font-regular leading-[24px] pt-[9px] pb-xxs\" dir=\"ltr\">In der Welt der Cannabisgenetik werden Legenden nicht geboren &#8211; sie werden akribisch erschaffen. Nur wenige Sorten veranschaulichen dieses Prinzip besser als Gelato. Ihre Geschichte ist eine Geschichte der Innovation, der Pr\u00e4zision und des unersch\u00fctterlichen Engagements, die Grenzen des M\u00f6glichen zu verschieben. Dies ist die Geschichte, wie im Herzen der kalifornischen Bay Area ein neuer Klassiker geschmiedet wurde, der die Landschaft des modernen Cannabis f\u00fcr immer ver\u00e4ndert hat.<\/p>\n<p class=\"text-body font-regular leading-[24px] pt-[9px] pb-xxs\" dir=\"ltr\">Die Geschichte beginnt mit Cookie Fam Genetics, einem Kollektiv vision\u00e4rer Z\u00fcchter, die bereits f\u00fcr ihre bahnbrechende Arbeit bekannt waren. Sie arbeiteten nach einer einfachen, aber revolution\u00e4ren Pr\u00e4misse: Sorten mit unvergleichlichen Geschmacksprofilen und potenten Wirkungen zu kreieren. Ihr fr\u00fcherer Erfolg mit Girl Scout Cookies hatte bereits einen neuen Industriestandard gesetzt, aber sie wussten, dass etwas noch Umw\u00e4lzenderes am Horizont stand.<\/p>\n<p class=\"text-body font-regular leading-[24px] pt-[9px] pb-xxs\" dir=\"ltr\">Das Projekt, aus dem Gelato hervorgehen sollte, war ehrgeizig. Ziel war es, zwei ihrer wertvollsten Sorten zu kreuzen: die fruchtige, belebende Sunset Sherbet und die potente, aromatische Thin Mint GSC. Es handelte sich dabei nicht um eine einfache Kreuzung, sondern um ein hochentwickeltes genetisches Unterfangen, das ein Expertenwissen \u00fcber die Auspr\u00e4gung des Ph\u00e4notyps und die Wissenschaft der Terpene erforderte. Die Z\u00fcchter waren auf der Suche nach einer spezifischen, schwer fassbaren Kombination &#8211; einer Sorte, die die s\u00fc\u00dfe, cremige Essenz eines feinen Desserts liefern und gleichzeitig ein starkes, ausgewogenes Erlebnis bieten sollte.<\/p>\n<p class=\"text-body font-regular leading-[24px] pt-[9px] pb-xxs\" dir=\"ltr\">Aus der anf\u00e4nglichen Kreuzung ging eine Reihe verschiedener Ph\u00e4notypen hervor. Jeder wurde sorgf\u00e4ltig kultiviert, analysiert und katalogisiert. Das Team suchte nach dem perfekten Ausdruck der Elterngenetik. Ein bestimmter Ph\u00e4notyp, #33, stach sofort hervor. Sein Aroma war eine komplexe Symphonie aus s\u00fc\u00dfen Beeren, Zitrusfr\u00fcchten und einem Hauch von erdiger Minze. Die Trichom-Produktion war au\u00dfergew\u00f6hnlich und \u00fcberzog die dichten, lilafarbenen Knospen mit einem frostigen Mantel. Das war sie. In Anspielung auf ihr dessert\u00e4hnliches Terpenprofil und die Trikotnummer der Basketball-Legende Larry Bird wurde sie &#8222;Larry Bird&#8220; getauft<\/p>\n<p class=\"text-body font-regular leading-[24px] pt-[9px] pb-xxs\" dir=\"ltr\">Es war jedoch ein anderer Ph\u00e4notyp, #45, der die Essenz ihrer Vision wirklich einfing und schlie\u00dflich den Namen Gelato erhielt. Sein Geschmack war sogar noch raffinierter, eine perfekte Verschmelzung von cremiger S\u00fc\u00dfe und fruchtiger Sch\u00e4rfe, die mit nichts anderem auf dem Markt vergleichbar war. Als sie schlie\u00dflich eingef\u00fchrt wurde, war die Wirkung sofort und tiefgreifend. Mundpropaganda verbreitete sich mit unglaublicher Geschwindigkeit.<\/p>\n<p class=\"text-body font-regular leading-[24px] pt-[9px] pb-xxs\" dir=\"ltr\">Gelato war nicht nur eine neue Sorte, sondern ein kulturelles Ph\u00e4nomen. Ihre einzigartige Kombination aus einem euphorischen, erhebenden Kopf-High und einer entspannenden, angenehmen k\u00f6rperlichen Wirkung machte sie au\u00dfergew\u00f6hnlich vielseitig. K\u00fcnstler, Musiker und Kreative wurden von ihrer F\u00e4higkeit angezogen, Kreativit\u00e4t ohne Sedierung zu inspirieren. Kenner lobten ihren komplexen Geschmack und ihr Aroma. Bald war Gelato nicht mehr nur eine Sorte, sondern ein Ma\u00dfstab f\u00fcr Qualit\u00e4t und Innovation. Ihr Aufstieg zum Ruhm demonstrierte die Macht der fachkundigen Z\u00fcchtung und die tiefe Wertsch\u00e4tzung des Marktes f\u00fcr echte Handwerkskunst und zementierte ihren Status als moderne Legende im Pantheon des Cannabis.<\/p>\n","protected":false},"excerpt":{"rendered":"<p>Nicht alle Gelatos sind gleich. Wir rocken den offiziellen &#8222;GUNO&#8220;-Schnitt des Gelatos. Die besten Teile des Gelatos in einem einzigartigen Ph\u00e4nomen, das sich durch hohe Ausbeute und hohe Gaswerte auszeichnet.<\/p>\n","protected":false},"featured_media":5481,"comment_status":"open","ping_status":"closed","template":"","meta":[],"product_brand":[],"product_cat":[403,413,418],"product_tag":[492,494,496,502,589],"class_list":{"0":"post-7412","1":"product","2":"type-product","3":"status-publish","4":"has-post-thumbnail","6":"product_cat-ausgewogen","7":"product_cat-feminisierte-samen","8":"product_cat-hybrid","9":"product_tag-ausgewogen","10":"product_tag-beere","11":"product_tag-blauer-traum","12":"product_tag-kreativ","13":"product_tag-hybrid","15":"first","16":"instock","17":"taxable","18":"shipping-taxable","19":"purchasable","20":"product-type-variable"},"acf":[],"_links":{"self":[{"href":"https:\/\/officialcannabisseeds.com\/de\/wp-json\/wp\/v2\/product\/7412","targetHints":{"allow":["GET"]}}],"collection":[{"href":"https:\/\/officialcannabisseeds.com\/de\/wp-json\/wp\/v2\/product"}],"about":[{"href":"https:\/\/officialcannabisseeds.com\/de\/wp-json\/wp\/v2\/types\/product"}],"replies":[{"embeddable":true,"href":"https:\/\/officialcannabisseeds.com\/de\/wp-json\/wp\/v2\/comments?post=7412"}],"wp:featuredmedia":[{"embeddable":true,"href":"https:\/\/officialcannabisseeds.com\/de\/wp-json\/wp\/v2\/media\/5481"}],"wp:attachment":[{"href":"https:\/\/officialcannabisseeds.com\/de\/wp-json\/wp\/v2\/media?parent=7412"}],"wp:term":[{"taxonomy":"product_brand","embeddable":true,"href":"https:\/\/officialcannabisseeds.com\/de\/wp-json\/wp\/v2\/product_brand?post=7412"},{"taxonomy":"product_cat","embeddable":true,"href":"https:\/\/officialcannabisseeds.com\/de\/wp-json\/wp\/v2\/product_cat?post=7412"},{"taxonomy":"product_tag","embeddable":true,"href":"https:\/\/officialcannabisseeds.com\/de\/wp-json\/wp\/v2\/product_tag?post=7412"}],"curies":[{"name":"wp","href":"https:\/\/api.w.org\/{rel}","templated":true}]}}