{"id":7492,"date":"2025-09-23T11:07:14","date_gmt":"2025-09-23T11:07:14","guid":{"rendered":"https:\/\/officialcannabisseeds.com\/shop\/kosher-kush-2\/"},"modified":"2026-01-02T15:35:03","modified_gmt":"2026-01-02T15:35:03","slug":"kosher-kush-2","status":"publish","type":"product","link":"https:\/\/officialcannabisseeds.com\/de\/shop\/kosher-kush-2\/","title":{"rendered":"Koscher Kush"},"content":{"rendered":"","protected":false},"excerpt":{"rendered":"<p>Ein legend\u00e4rer Hybrid, bekannt f\u00fcr seine ausgewogene Wirkung und sein s\u00fc\u00dfes Beerenaroma<\/p>\n","protected":false},"featured_media":6451,"comment_status":"open","ping_status":"closed","template":"","meta":[],"product_brand":[],"product_cat":[403,413,418],"product_tag":[492,494,496,502,589],"class_list":{"0":"post-7492","1":"product","2":"type-product","3":"status-publish","4":"has-post-thumbnail","6":"product_cat-ausgewogen","7":"product_cat-feminisierte-samen","8":"product_cat-hybrid","9":"product_tag-ausgewogen","10":"product_tag-beere","11":"product_tag-blauer-traum","12":"product_tag-kreativ","13":"product_tag-hybrid","15":"first","16":"instock","17":"taxable","18":"shipping-taxable","19":"purchasable","20":"product-type-variable"},"acf":[],"_links":{"self":[{"href":"https:\/\/officialcannabisseeds.com\/de\/wp-json\/wp\/v2\/product\/7492","targetHints":{"allow":["GET"]}}],"collection":[{"href":"https:\/\/officialcannabisseeds.com\/de\/wp-json\/wp\/v2\/product"}],"about":[{"href":"https:\/\/officialcannabisseeds.com\/de\/wp-json\/wp\/v2\/types\/product"}],"replies":[{"embeddable":true,"href":"https:\/\/officialcannabisseeds.com\/de\/wp-json\/wp\/v2\/comments?post=7492"}],"wp:featuredmedia":[{"embeddable":true,"href":"https:\/\/officialcannabisseeds.com\/de\/wp-json\/wp\/v2\/media\/6451"}],"wp:attachment":[{"href":"https:\/\/officialcannabisseeds.com\/de\/wp-json\/wp\/v2\/media?parent=7492"}],"wp:term":[{"taxonomy":"product_brand","embeddable":true,"href":"https:\/\/officialcannabisseeds.com\/de\/wp-json\/wp\/v2\/product_brand?post=7492"},{"taxonomy":"product_cat","embeddable":true,"href":"https:\/\/officialcannabisseeds.com\/de\/wp-json\/wp\/v2\/product_cat?post=7492"},{"taxonomy":"product_tag","embeddable":true,"href":"https:\/\/officialcannabisseeds.com\/de\/wp-json\/wp\/v2\/product_tag?post=7492"}],"curies":[{"name":"wp","href":"https:\/\/api.w.org\/{rel}","templated":true}]}}