{"id":7512,"date":"2025-09-30T15:24:51","date_gmt":"2025-09-30T15:24:51","guid":{"rendered":"https:\/\/officialcannabisseeds.com\/shop\/kush-mints\/"},"modified":"2026-01-02T15:36:05","modified_gmt":"2026-01-02T15:36:05","slug":"kush-mints","status":"publish","type":"product","link":"https:\/\/officialcannabisseeds.com\/de\/shop\/kush-mints\/","title":{"rendered":"Kush-Bonbons"},"content":{"rendered":"<p class=\"text-body font-regular leading-[24px] pt-[9px] pb-xxs\" dir=\"ltr\">In den Annalen der Cannabisgeschichte dienen bestimmte Sorten als Grundpfeiler, auf denen ganze genetische Dynastien aufgebaut werden. Sie sind nicht einfach nur beliebte Sorten, sondern genetische Eckpfeiler, die die Landschaft neu definieren. Dies ist die endg\u00fcltige Geschichte von Kush Mints, einer Sorte, deren tadellose Zucht und tiefgreifender Einfluss ihren Platz als wesentliches Kapitel in der Entwicklung des modernen Cannabis zementiert haben.<\/p>\n<p class=\"text-body font-regular leading-[24px] pt-[9px] pb-xxs\" dir=\"ltr\">Das Verm\u00e4chtnis der Kush Mints beginnt mit Seed Junky Genetics, einem Z\u00fcchterkollektiv, das bereits f\u00fcr seine kompromisslosen Standards und seine genetische Elitebibliothek bekannt ist. Ihr Ziel war es nicht, einem fl\u00fcchtigen Trend hinterherzujagen, sondern eine neue Grundlage f\u00fcr k\u00fcnftige Z\u00fcchtungsprojekte zu schaffen. Sie stellten sich eine Sorte mit der perfekten Balance aus klassischer Kush-Struktur, zeitgem\u00e4\u00dfem Bag-Appeal und einem einzigartigen, unvergesslichen Terpenprofil vor. Die gew\u00e4hlte Abstammung war ein Meisterst\u00fcck genetischer Einsicht: die potente und geschmacksintensive Animal Mints gekreuzt mit der legend\u00e4ren Bubba Kush.<\/p>\n<p class=\"text-body font-regular leading-[24px] pt-[9px] pb-xxs\" dir=\"ltr\">Dies war eine bewusste und strategische Paarung. Bubba Kush, eine Ikone aus der Zeit vor &#8217;98, brachte ihre ber\u00fchmte beruhigende Wirkung, ihre dichte Knospenstruktur und ihr tiefes, erdiges Haschischaroma ein. Animal Mints, selbst eine komplexe Kreuzung aus Animal Cookies und SinMint Cookies, steuerte ihre gewaltige Potenz und ihren scharfen Minz- und Keks-Funk bei. Die Fusion dieser beiden Kraftpakete sollte eine &#8222;Z\u00fcchter-Sorte&#8220; hervorbringen &#8211; eine Sorte, die so stabil, potent und einzigartig ist, dass sie zu einem unsch\u00e4tzbaren Elternteil f\u00fcr eine neue Generation von Hybriden werden w\u00fcrde.<\/p>\n<p class=\"text-body font-regular leading-[24px] pt-[9px] pb-xxs\" dir=\"ltr\">Aus dieser Kreuzung ging Kush Mints als unangefochtener Champion-Ph\u00e4notyp hervor. Sie war eine unmittelbare Offenbarung. Die Pflanze wies die besten Eigenschaften ihres Erbes auf: die robuste, kompakte Struktur von Bubba Kush in Kombination mit der atemberaubenden Trichomenproduktion von Animal Mints. Die Knospen waren dicht, perfekt geformt und von einer dicken Harzschicht \u00fcberzogen, die von ihrer immensen Potenz zeugte. Ihr Terpenprofil war bahnbrechend &#8211; eine raffinierte Mischung aus scharfer Minze, erdigem Kiefernholz und einem s\u00fc\u00dfen, keksteigartigen Unterton. Es war komplex, kraftvoll und ganz und gar einzigartig.<\/p>\n<p class=\"text-body font-regular leading-[24px] pt-[9px] pb-xxs\" dir=\"ltr\">W\u00e4hrend Kush Mints schnell zu einem erstklassigen Kennerliebling wurde, liegt ihre wahre historische Bedeutung in ihrer Rolle als genetischer Baustein. Z\u00fcchter erkannten ihr Potenzial sofort. Ihre stabile Genetik, ihr hoher THC-Gehalt und ihr einzigartiger Geschmack machten sie zum perfekten Elternteil f\u00fcr die Schaffung neuer und aufregender Kreuzungen. Ihr genetischer Code wurde zum Schl\u00fcssel f\u00fcr die Erschlie\u00dfung neuartiger Terpenkombinationen und die Steigerung der Potenz in nachfolgenden Generationen.<\/p>\n<p class=\"text-body font-regular leading-[24px] pt-[9px] pb-xxs\" dir=\"ltr\">Unz\u00e4hlige preisgekr\u00f6nte und kommerziell dominante Sorten tragen heute die Kush Mints-Linie. Ihr Einfluss ist ein Zeugnis f\u00fcr die Weitsicht ihrer Sch\u00f6pfer. Sie wurde zu mehr als nur einer Sorte, die man konsumieren kann; sie wurde zu einem Werkzeug f\u00fcr Innovationen, einem genetischen Schl\u00fcssel, der den modernen Cannabismarkt geformt hat. Die Geschichte der Kush Mints ist eine eindrucksvolle Lektion in der Kunst der Z\u00fcchtung: dass das dauerhafteste Verm\u00e4chtnis nicht nur der Bl\u00fcte geh\u00f6rt, sondern dem Samen, der einen ganzen Wald entstehen l\u00e4sst. Sie ist ein moderner Klassiker, eine zentrale Sorte, die noch jahrzehntelang respektiert und genutzt werden wird.<\/p>\n","protected":false},"excerpt":{"rendered":"<p>Bubba Kush x Animal Mints<\/p>\n","protected":false},"featured_media":6275,"comment_status":"open","ping_status":"closed","template":"","meta":[],"product_brand":[],"product_cat":[403,413,418],"product_tag":[492,494,496,502,589],"class_list":{"0":"post-7512","1":"product","2":"type-product","3":"status-publish","4":"has-post-thumbnail","6":"product_cat-ausgewogen","7":"product_cat-feminisierte-samen","8":"product_cat-hybrid","9":"product_tag-ausgewogen","10":"product_tag-beere","11":"product_tag-blauer-traum","12":"product_tag-kreativ","13":"product_tag-hybrid","15":"first","16":"instock","17":"taxable","18":"shipping-taxable","19":"purchasable","20":"product-type-variable"},"acf":[],"_links":{"self":[{"href":"https:\/\/officialcannabisseeds.com\/de\/wp-json\/wp\/v2\/product\/7512","targetHints":{"allow":["GET"]}}],"collection":[{"href":"https:\/\/officialcannabisseeds.com\/de\/wp-json\/wp\/v2\/product"}],"about":[{"href":"https:\/\/officialcannabisseeds.com\/de\/wp-json\/wp\/v2\/types\/product"}],"replies":[{"embeddable":true,"href":"https:\/\/officialcannabisseeds.com\/de\/wp-json\/wp\/v2\/comments?post=7512"}],"wp:featuredmedia":[{"embeddable":true,"href":"https:\/\/officialcannabisseeds.com\/de\/wp-json\/wp\/v2\/media\/6275"}],"wp:attachment":[{"href":"https:\/\/officialcannabisseeds.com\/de\/wp-json\/wp\/v2\/media?parent=7512"}],"wp:term":[{"taxonomy":"product_brand","embeddable":true,"href":"https:\/\/officialcannabisseeds.com\/de\/wp-json\/wp\/v2\/product_brand?post=7512"},{"taxonomy":"product_cat","embeddable":true,"href":"https:\/\/officialcannabisseeds.com\/de\/wp-json\/wp\/v2\/product_cat?post=7512"},{"taxonomy":"product_tag","embeddable":true,"href":"https:\/\/officialcannabisseeds.com\/de\/wp-json\/wp\/v2\/product_tag?post=7512"}],"curies":[{"name":"wp","href":"https:\/\/api.w.org\/{rel}","templated":true}]}}