{"id":7592,"date":"2025-09-23T11:05:07","date_gmt":"2025-09-23T11:05:07","guid":{"rendered":"https:\/\/officialcannabisseeds.com\/shop\/oreoz-2\/"},"modified":"2026-01-02T17:55:23","modified_gmt":"2026-01-02T17:55:23","slug":"oreoz-2","status":"publish","type":"product","link":"https:\/\/officialcannabisseeds.com\/de\/shop\/oreoz-2\/","title":{"rendered":"Oreoz"},"content":{"rendered":"<p class=\"text-body font-regular leading-[24px] pt-[9px] pb-xxs\" dir=\"ltr\">Von Zeit zu Zeit taucht eine Sorte auf, die nicht nur mitredet, sondern sie dominiert. Dies ist die Geschichte von Oreoz, einer Sorte, deren kalkulierte Abstammung und explosiver kommerzieller Erfolg eine Meisterklasse in moderner genetischer Kunst darstellen. Ihr Aufstieg ist ein Beweis daf\u00fcr, was passiert, wenn ein starkes Erbe auf eine unbestreitbare Marktattraktivit\u00e4t trifft.<\/p>\n<p class=\"text-body font-regular leading-[24px] pt-[9px] pb-xxs\" dir=\"ltr\">Der Ursprung von Oreoz liegt bei den vision\u00e4ren Z\u00fcchtern von 3rd Coast Genetics, einem Team, das f\u00fcr seine methodische Herangehensweise und seine elit\u00e4re genetische Bibliothek bekannt ist. Das Ziel war klar: eine Sorte zu erschaffen, die ein \u00fcberw\u00e4ltigendes dessert\u00e4hnliches Geschmacksprofil bietet, ohne dabei auf erstklassige Potenz zu verzichten. Die genetische Architektur f\u00fcr dieses Projekt war ehrgeizig, denn es wurden zwei Kraftpaket-Sorten miteinander gepaart: die optisch und geschmacklich beeindruckende Cookies and Cream mit der zutiefst potenten und geheimnisvollen Secret Weapon.<\/p>\n<p class=\"text-body font-regular leading-[24px] pt-[9px] pb-xxs\" dir=\"ltr\">Bei dieser genetischen Paarung stand viel auf dem Spiel: Cookies and Cream, eine Kreuzung aus Starfighter und GSC, brachte ihr ber\u00fchmtes s\u00fc\u00dfes Vanillearoma und ihre dichte, trichomenreiche Struktur ein. Secret Weapon, ein potenter Hybrid, der White Widow in seiner Abstammung hat, steuerte seinen gewaltigen THC-Gehalt und seine komplexen, erdigen Untert\u00f6ne bei. Das Ziel der Kreuzung war es, einen Ph\u00e4notyp zu isolieren, der diese Eigenschaften perfekt vereint &#8211; eine Pflanze, die aussieht, riecht und sich anf\u00fchlt wie ein Luxus-Erlebnis.<\/p>\n<p class=\"text-body font-regular leading-[24px] pt-[9px] pb-xxs\" dir=\"ltr\">Das Ergebnis dieses akribischen Selektionsprozesses war Oreoz. Schon beim ersten Anblick war klar, dass es sich um eine besondere Sorte handelte. Die Sorte produzierte unglaublich dichte, dunkle Knospen, die oft tief violette und gr\u00fcne Farbt\u00f6ne aufwiesen und von einer dicken, kristallinen Decke aus Trichomen umh\u00fcllt waren, die ihr ein gefrostetes Aussehen verliehen. Der Name passte perfekt, da er den visuellen Kontrast und das reichhaltige Schokoladen-Keks-Sahne-Aroma beschwor, das ihr Terpenprofil definierte. Der Duft war eine komplexe Mischung aus s\u00fc\u00dfer Schokolade, nussigem Kaffee und einem cremigen, gasartigen Abgang, der sowohl einzigartig als auch \u00e4u\u00dferst begehrenswert war.<\/p>\n<p class=\"text-body font-regular leading-[24px] pt-[9px] pb-xxs\" dir=\"ltr\">Als Oreoz auf den kommerziellen Markt kam, war ihr Aufstieg kometenhaft. Sie kam zu einer Zeit auf den Markt, in der die Konsumenten aktiv nach neuartigen Terpenprofilen mit Dessertcharakter suchten, und ihr Name und ihr Geschmack schufen eine sofortige Verbindung. Aber es waren die tiefgreifenden Wirkungen der Sorte, die ihre kommerzielle Herrschaft sicherten. Mit THC-Werten, die oft in den hohen 20er und sogar niedrigen 30er Jahren lagen, lieferte Oreoz ein starkes, lang anhaltendes Erlebnis, das durch tiefe k\u00f6rperliche Entspannung und einen gl\u00fcckseligen, euphorischen Geisteszustand gekennzeichnet war.<\/p>\n<p class=\"text-body font-regular leading-[24px] pt-[9px] pb-xxs\" dir=\"ltr\">Dispenser hatten M\u00fche, die Sorte vorr\u00e4tig zu halten, als sich die Nachricht in den sozialen Medien und in Kennerkreisen verbreitete. Sie war nicht nur eine Sorte, sondern ein Statussymbol, ein Muss f\u00fcr jeden, der es mit erstklassigem Cannabis ernst meint. Der kommerzielle Erfolg von Oreoz war kein Zufall, sondern das direkte Ergebnis einer brillanten Z\u00fcchtungsstrategie, die Markttrends vorwegnahm und ein Produkt von kompromissloser Qualit\u00e4t lieferte, das sein Erbe als moderner Titan der Cannabisindustrie festigte.<\/p>\n","protected":false},"excerpt":{"rendered":"<p>Ein moderner Fleck, der durch seine cremige Note auff\u00e4llt.<\/p>\n<p>Genetics: Cookies &amp; Cream x Secret Weapon<\/p>\n","protected":false},"featured_media":5531,"comment_status":"open","ping_status":"closed","template":"","meta":[],"product_brand":[],"product_cat":[403,413,418],"product_tag":[492,494,496,502,589],"class_list":{"0":"post-7592","1":"product","2":"type-product","3":"status-publish","4":"has-post-thumbnail","6":"product_cat-ausgewogen","7":"product_cat-feminisierte-samen","8":"product_cat-hybrid","9":"product_tag-ausgewogen","10":"product_tag-beere","11":"product_tag-blauer-traum","12":"product_tag-kreativ","13":"product_tag-hybrid","15":"first","16":"instock","17":"taxable","18":"shipping-taxable","19":"purchasable","20":"product-type-variable"},"acf":[],"_links":{"self":[{"href":"https:\/\/officialcannabisseeds.com\/de\/wp-json\/wp\/v2\/product\/7592","targetHints":{"allow":["GET"]}}],"collection":[{"href":"https:\/\/officialcannabisseeds.com\/de\/wp-json\/wp\/v2\/product"}],"about":[{"href":"https:\/\/officialcannabisseeds.com\/de\/wp-json\/wp\/v2\/types\/product"}],"replies":[{"embeddable":true,"href":"https:\/\/officialcannabisseeds.com\/de\/wp-json\/wp\/v2\/comments?post=7592"}],"wp:featuredmedia":[{"embeddable":true,"href":"https:\/\/officialcannabisseeds.com\/de\/wp-json\/wp\/v2\/media\/5531"}],"wp:attachment":[{"href":"https:\/\/officialcannabisseeds.com\/de\/wp-json\/wp\/v2\/media?parent=7592"}],"wp:term":[{"taxonomy":"product_brand","embeddable":true,"href":"https:\/\/officialcannabisseeds.com\/de\/wp-json\/wp\/v2\/product_brand?post=7592"},{"taxonomy":"product_cat","embeddable":true,"href":"https:\/\/officialcannabisseeds.com\/de\/wp-json\/wp\/v2\/product_cat?post=7592"},{"taxonomy":"product_tag","embeddable":true,"href":"https:\/\/officialcannabisseeds.com\/de\/wp-json\/wp\/v2\/product_tag?post=7592"}],"curies":[{"name":"wp","href":"https:\/\/api.w.org\/{rel}","templated":true}]}}