{"id":7788,"date":"2026-01-05T14:30:24","date_gmt":"2026-01-05T14:30:24","guid":{"rendered":"https:\/\/officialcannabisseeds.com\/shop\/blauer-traum-hut\/"},"modified":"2026-01-05T14:30:26","modified_gmt":"2026-01-05T14:30:26","slug":"blauer-traum-hut","status":"publish","type":"product","link":"https:\/\/officialcannabisseeds.com\/de\/shop\/merchandise\/blauer-traum-hut\/","title":{"rendered":"Blauer Traum Hut"},"content":{"rendered":"<p>Vervollst\u00e4ndigen Sie Ihren Look mit diesem hochwertigen Hut der Sorte Blue Dream mit unserem gestickten Blue-Dream-Cannabis-Stempelmotiv. Dieser verstellbare Hut ist bequem zu tragen und eignet sich perfekt, um Ihre Wertsch\u00e4tzung f\u00fcr diese legend\u00e4re Sorte zu zeigen.<\/p>\n","protected":false},"excerpt":{"rendered":"<p>Premium Blue Dream Hut mit gesticktem Cannabis-Stempeldesign<\/p>\n","protected":false},"featured_media":5413,"comment_status":"open","ping_status":"closed","template":"","meta":[],"product_brand":[],"product_cat":[446],"product_tag":[],"class_list":{"0":"post-7788","1":"product","2":"type-product","3":"status-publish","4":"has-post-thumbnail","6":"product_types-hat","7":"product_cat-nicht-kategorisiert","9":"first","10":"instock","11":"taxable","12":"shipping-taxable","13":"purchasable","14":"product-type-variable"},"acf":[],"_links":{"self":[{"href":"https:\/\/officialcannabisseeds.com\/de\/wp-json\/wp\/v2\/product\/7788","targetHints":{"allow":["GET"]}}],"collection":[{"href":"https:\/\/officialcannabisseeds.com\/de\/wp-json\/wp\/v2\/product"}],"about":[{"href":"https:\/\/officialcannabisseeds.com\/de\/wp-json\/wp\/v2\/types\/product"}],"replies":[{"embeddable":true,"href":"https:\/\/officialcannabisseeds.com\/de\/wp-json\/wp\/v2\/comments?post=7788"}],"wp:featuredmedia":[{"embeddable":true,"href":"https:\/\/officialcannabisseeds.com\/de\/wp-json\/wp\/v2\/media\/5413"}],"wp:attachment":[{"href":"https:\/\/officialcannabisseeds.com\/de\/wp-json\/wp\/v2\/media?parent=7788"}],"wp:term":[{"taxonomy":"product_brand","embeddable":true,"href":"https:\/\/officialcannabisseeds.com\/de\/wp-json\/wp\/v2\/product_brand?post=7788"},{"taxonomy":"product_cat","embeddable":true,"href":"https:\/\/officialcannabisseeds.com\/de\/wp-json\/wp\/v2\/product_cat?post=7788"},{"taxonomy":"product_tag","embeddable":true,"href":"https:\/\/officialcannabisseeds.com\/de\/wp-json\/wp\/v2\/product_tag?post=7788"}],"curies":[{"name":"wp","href":"https:\/\/api.w.org\/{rel}","templated":true}]}}