{"id":8481,"date":"2025-06-24T05:16:31","date_gmt":"2025-06-24T05:16:31","guid":{"rendered":"https:\/\/officialcannabisseeds.com\/shop\/sour-diesel-hut\/"},"modified":"2026-01-05T15:52:08","modified_gmt":"2026-01-05T15:52:08","slug":"sour-diesel-hut","status":"publish","type":"product","link":"https:\/\/officialcannabisseeds.com\/de\/shop\/merchandise\/sour-diesel-hut\/","title":{"rendered":"Sour Diesel Hut"},"content":{"rendered":"<p>Vervollst\u00e4ndigen Sie Ihren Look mit diesem Premium-Hut der Sorte Sour Diesel mit unserem gestickten Sour-Diesel-Cannabis-Stempel. Dieser verstellbare Hut ist den ganzen Tag \u00fcber bequem zu tragen und perfekt, um Ihre Wertsch\u00e4tzung f\u00fcr diese legend\u00e4re Sorte zu zeigen.<\/p>\n","protected":false},"excerpt":{"rendered":"<p>Premium Sour Diesel Sorte Hut mit gesticktem Cannabis-Stempel-Design<\/p>\n","protected":false},"featured_media":5420,"comment_status":"open","ping_status":"closed","template":"","meta":[],"product_brand":[],"product_cat":[446],"product_tag":[],"class_list":{"0":"post-8481","1":"product","2":"type-product","3":"status-publish","4":"has-post-thumbnail","6":"product_types-hat","7":"product_cat-nicht-kategorisiert","9":"first","10":"instock","11":"taxable","12":"shipping-taxable","13":"purchasable","14":"product-type-variable"},"acf":[],"_links":{"self":[{"href":"https:\/\/officialcannabisseeds.com\/de\/wp-json\/wp\/v2\/product\/8481","targetHints":{"allow":["GET"]}}],"collection":[{"href":"https:\/\/officialcannabisseeds.com\/de\/wp-json\/wp\/v2\/product"}],"about":[{"href":"https:\/\/officialcannabisseeds.com\/de\/wp-json\/wp\/v2\/types\/product"}],"replies":[{"embeddable":true,"href":"https:\/\/officialcannabisseeds.com\/de\/wp-json\/wp\/v2\/comments?post=8481"}],"wp:featuredmedia":[{"embeddable":true,"href":"https:\/\/officialcannabisseeds.com\/de\/wp-json\/wp\/v2\/media\/5420"}],"wp:attachment":[{"href":"https:\/\/officialcannabisseeds.com\/de\/wp-json\/wp\/v2\/media?parent=8481"}],"wp:term":[{"taxonomy":"product_brand","embeddable":true,"href":"https:\/\/officialcannabisseeds.com\/de\/wp-json\/wp\/v2\/product_brand?post=8481"},{"taxonomy":"product_cat","embeddable":true,"href":"https:\/\/officialcannabisseeds.com\/de\/wp-json\/wp\/v2\/product_cat?post=8481"},{"taxonomy":"product_tag","embeddable":true,"href":"https:\/\/officialcannabisseeds.com\/de\/wp-json\/wp\/v2\/product_tag?post=8481"}],"curies":[{"name":"wp","href":"https:\/\/api.w.org\/{rel}","templated":true}]}}