{"id":8484,"date":"2025-06-24T05:16:30","date_gmt":"2025-06-24T05:16:30","guid":{"rendered":"https:\/\/officialcannabisseeds.com\/shop\/sour-diesel-hoodie-2\/"},"modified":"2026-01-05T15:57:47","modified_gmt":"2026-01-05T15:57:47","slug":"sour-diesel-hoodie-2","status":"publish","type":"product","link":"https:\/\/officialcannabisseeds.com\/de\/shop\/merchandise\/sour-diesel-hoodie-2\/","title":{"rendered":"Sour Diesel Hoodie"},"content":{"rendered":"<p>Halten Sie sich warm und zeigen Sie Ihre Wertsch\u00e4tzung f\u00fcr die legend\u00e4re Sour Diesel-Sorte mit diesem Premium-Kapuzenpullover mit unserem exklusiven Sour Diesel-Cannabis-Stempeldesign. Dieser bequeme und strapazierf\u00e4hige Kapuzenpullover ist perfekt f\u00fcr Cannabis-Liebhaber bei jedem Wetter.<\/p>\n","protected":false},"excerpt":{"rendered":"<p>Premium-Kapuzenpullover der Sorte Sour Diesel mit unserem exklusiven Cannabis-Stempeldesign<\/p>\n","protected":false},"featured_media":5433,"comment_status":"open","ping_status":"closed","template":"","meta":[],"product_brand":[],"product_cat":[446],"product_tag":[],"class_list":{"0":"post-8484","1":"product","2":"type-product","3":"status-publish","4":"has-post-thumbnail","6":"product_types-hoodie","7":"product_cat-nicht-kategorisiert","9":"first","10":"instock","11":"taxable","12":"shipping-taxable","13":"purchasable","14":"product-type-variable"},"acf":[],"_links":{"self":[{"href":"https:\/\/officialcannabisseeds.com\/de\/wp-json\/wp\/v2\/product\/8484","targetHints":{"allow":["GET"]}}],"collection":[{"href":"https:\/\/officialcannabisseeds.com\/de\/wp-json\/wp\/v2\/product"}],"about":[{"href":"https:\/\/officialcannabisseeds.com\/de\/wp-json\/wp\/v2\/types\/product"}],"replies":[{"embeddable":true,"href":"https:\/\/officialcannabisseeds.com\/de\/wp-json\/wp\/v2\/comments?post=8484"}],"wp:featuredmedia":[{"embeddable":true,"href":"https:\/\/officialcannabisseeds.com\/de\/wp-json\/wp\/v2\/media\/5433"}],"wp:attachment":[{"href":"https:\/\/officialcannabisseeds.com\/de\/wp-json\/wp\/v2\/media?parent=8484"}],"wp:term":[{"taxonomy":"product_brand","embeddable":true,"href":"https:\/\/officialcannabisseeds.com\/de\/wp-json\/wp\/v2\/product_brand?post=8484"},{"taxonomy":"product_cat","embeddable":true,"href":"https:\/\/officialcannabisseeds.com\/de\/wp-json\/wp\/v2\/product_cat?post=8484"},{"taxonomy":"product_tag","embeddable":true,"href":"https:\/\/officialcannabisseeds.com\/de\/wp-json\/wp\/v2\/product_tag?post=8484"}],"curies":[{"name":"wp","href":"https:\/\/api.w.org\/{rel}","templated":true}]}}