{"id":7408,"date":"2025-09-30T14:41:05","date_gmt":"2025-09-30T14:41:05","guid":{"rendered":"https:\/\/officialcannabisseeds.com\/shop\/gelato-2\/"},"modified":"2026-01-02T15:22:40","modified_gmt":"2026-01-02T15:22:40","slug":"gelato-2","status":"publish","type":"product","link":"https:\/\/officialcannabisseeds.com\/es\/producto\/gelato-2\/","title":{"rendered":"GELATO"},"content":{"rendered":"<p class=\"text-body font-regular leading-[24px] pt-[9px] pb-xxs\" dir=\"ltr\">En el mundo de la gen\u00e9tica cann\u00e1bica, las leyendas no nacen, se forjan meticulosamente. Pocas variedades ejemplifican mejor este principio que la Gelato. Su historia es la de la innovaci\u00f3n, la precisi\u00f3n y un compromiso inquebrantable con la superaci\u00f3n de los l\u00edmites de lo posible. Esta es la historia de c\u00f3mo se forj\u00f3 un nuevo cl\u00e1sico en el coraz\u00f3n de la Bay Area californiana, cambiando para siempre el panorama del cannabis moderno.<\/p>\n<p class=\"text-body font-regular leading-[24px] pt-[9px] pb-xxs\" dir=\"ltr\">La narraci\u00f3n comienza con Cookie Fam Genetics, un colectivo de criadores visionarios ya conocidos por su trabajo pionero. Trabajaban con una premisa simple pero revolucionaria: crear cepas con perfiles de sabor incomparables respaldados por efectos potentes. Su \u00e9xito anterior con Girl Scout Cookies ya hab\u00eda establecido un nuevo est\u00e1ndar en la industria, pero sab\u00edan que algo a\u00fan m\u00e1s transformador estaba en el horizonte.<\/p>\n<p class=\"text-body font-regular leading-[24px] pt-[9px] pb-xxs\" dir=\"ltr\">El proyecto que dar\u00eda lugar a Gelato era ambicioso. El objetivo era hibridar dos de sus variedades m\u00e1s preciadas: la afrutada y vigorizante Sunset Sherbet y la potente y arom\u00e1tica Thin Mint GSC. No se trataba de una simple polinizaci\u00f3n cruzada, sino de una sofisticada empresa gen\u00e9tica que requer\u00eda un conocimiento experto de la expresi\u00f3n del fenotipo y la ciencia de los terpenos. Los criadores buscaban una combinaci\u00f3n espec\u00edfica y dif\u00edcil de alcanzar: una variedad que ofreciera la esencia dulce y cremosa de un postre exquisito y, al mismo tiempo, una experiencia potente y equilibrada.<\/p>\n<p class=\"text-body font-regular leading-[24px] pt-[9px] pb-xxs\" dir=\"ltr\">Del cruce inicial surgieron una serie de fenotipos distintos, cada uno de los cuales fue cuidadosamente cultivado, analizado y catalogado. El equipo buscaba la expresi\u00f3n perfecta de la gen\u00e9tica parental. Un fenotipo en particular, el #33, destac\u00f3 de inmediato. Su aroma era una compleja sinfon\u00eda de bayas dulces, c\u00edtricos y un toque de menta terrosa. La producci\u00f3n de tricomas era excepcional, cubriendo los densos cogollos de color p\u00farpura con una capa escarchada. Era el elegido. En un gui\u00f1o a su perfil de terpenos de postre y al n\u00famero de la camiseta de la leyenda del baloncesto Larry Bird, fue bautizado como \u00abLarry Bird\u00bb<\/p>\n<p class=\"text-body font-regular leading-[24px] pt-[9px] pb-xxs\" dir=\"ltr\">Sin embargo, fue otro fenotipo, el #45, el que realmente capt\u00f3 la esencia de su visi\u00f3n, gan\u00e1ndose finalmente el nombre de Gelato. Su sabor era a\u00fan m\u00e1s refinado, una fusi\u00f3n perfecta de dulzor cremoso y sabor afrutado que no se parec\u00eda a nada en el mercado. Cuando finalmente se present\u00f3, el impacto fue inmediato y profundo. El boca a boca se extendi\u00f3 con una velocidad incre\u00edble.<\/p>\n<p class=\"text-body font-regular leading-[24px] pt-[9px] pb-xxs\" dir=\"ltr\">Gelato no era s\u00f3lo una nueva variedad, era un fen\u00f3meno cultural. Su combinaci\u00f3n \u00fanica de euforia y subid\u00f3n mental con un efecto corporal relajante y confortable la hac\u00eda excepcionalmente vers\u00e1til. Artistas, m\u00fasicos y creadores se sintieron atra\u00eddos por su capacidad para inspirar la creatividad sin sedaci\u00f3n. Los entendidos alabaron su intrincado sabor y aroma. Pronto, Gelato no era s\u00f3lo una variedad, sino un referente de calidad e innovaci\u00f3n. Su ascenso a la fama demostr\u00f3 el poder de la cr\u00eda experta y el profundo aprecio del mercado por la verdadera artesan\u00eda, consolidando su estatus como una leyenda moderna en el pante\u00f3n del cannabis.<\/p>\n","protected":false},"excerpt":{"rendered":"<p>No todos los Gelatos son creados de la misma manera. Nosotros rockeamos el corte Oficial \u00abGUNO\u00bb de Gelato. Las mejores partes de Gelato en un feno \u00fanico que presenta un rendimiento pesado y gas pesado.<\/p>\n","protected":false},"featured_media":5481,"comment_status":"open","ping_status":"closed","template":"","meta":[],"product_brand":[],"product_cat":[401,411,420],"product_tag":[532,534,536,542,625],"class_list":{"0":"post-7408","1":"product","2":"type-product","3":"status-publish","4":"has-post-thumbnail","6":"product_cat-equilibrado","7":"product_cat-semillas-feminizadas","8":"product_cat-hibrida","9":"product_tag-equilibrado","10":"product_tag-baya","11":"product_tag-sueno-azul","12":"product_tag-creativo","13":"product_tag-hybrid","15":"first","16":"instock","17":"taxable","18":"shipping-taxable","19":"purchasable","20":"product-type-variable"},"acf":[],"_links":{"self":[{"href":"https:\/\/officialcannabisseeds.com\/es\/wp-json\/wp\/v2\/product\/7408","targetHints":{"allow":["GET"]}}],"collection":[{"href":"https:\/\/officialcannabisseeds.com\/es\/wp-json\/wp\/v2\/product"}],"about":[{"href":"https:\/\/officialcannabisseeds.com\/es\/wp-json\/wp\/v2\/types\/product"}],"replies":[{"embeddable":true,"href":"https:\/\/officialcannabisseeds.com\/es\/wp-json\/wp\/v2\/comments?post=7408"}],"wp:featuredmedia":[{"embeddable":true,"href":"https:\/\/officialcannabisseeds.com\/es\/wp-json\/wp\/v2\/media\/5481"}],"wp:attachment":[{"href":"https:\/\/officialcannabisseeds.com\/es\/wp-json\/wp\/v2\/media?parent=7408"}],"wp:term":[{"taxonomy":"product_brand","embeddable":true,"href":"https:\/\/officialcannabisseeds.com\/es\/wp-json\/wp\/v2\/product_brand?post=7408"},{"taxonomy":"product_cat","embeddable":true,"href":"https:\/\/officialcannabisseeds.com\/es\/wp-json\/wp\/v2\/product_cat?post=7408"},{"taxonomy":"product_tag","embeddable":true,"href":"https:\/\/officialcannabisseeds.com\/es\/wp-json\/wp\/v2\/product_tag?post=7408"}],"curies":[{"name":"wp","href":"https:\/\/api.w.org\/{rel}","templated":true}]}}