{"id":7508,"date":"2025-09-30T15:24:51","date_gmt":"2025-09-30T15:24:51","guid":{"rendered":"https:\/\/officialcannabisseeds.com\/shop\/kush-mints\/"},"modified":"2026-01-02T15:36:33","modified_gmt":"2026-01-02T15:36:33","slug":"kush-mints","status":"publish","type":"product","link":"https:\/\/officialcannabisseeds.com\/es\/producto\/kush-mints\/","title":{"rendered":"Mentas Kush"},"content":{"rendered":"<p class=\"text-body font-regular leading-[24px] pt-[9px] pb-xxs\" dir=\"ltr\">En los anales de la historia del cannabis, algunas variedades sirven como pilares fundacionales sobre los que se construyen dinast\u00edas gen\u00e9ticas enteras. No son simplemente variedades populares; son piedras angulares gen\u00e9ticas que redefinen el paisaje. Esta es la historia definitiva de la Kush Mints, una variedad cuya impecable cr\u00eda y profunda influencia han cimentado su lugar como un cap\u00edtulo esencial en la evoluci\u00f3n del cannabis moderno.<\/p>\n<p class=\"text-body font-regular leading-[24px] pt-[9px] pb-xxs\" dir=\"ltr\">El legado de la Kush Mints comienza con Seed Junky Genetics, un colectivo de criadores ya venerado por sus est\u00e1ndares inflexibles y su biblioteca gen\u00e9tica de \u00e9lite. Su objetivo no era perseguir una tendencia pasajera, sino crear una nueva base para futuros proyectos de cr\u00eda. Imaginaron una cepa con el equilibrio perfecto entre la estructura cl\u00e1sica kush, el atractivo contempor\u00e1neo de las bolsas y un perfil de terpenos \u00fanico e inolvidable. El linaje elegido fue un golpe maestro de perspicacia gen\u00e9tica: la potente y sabrosa Animal Mints cruzada con la legendaria Bubba Kush.<\/p>\n<p class=\"text-body font-regular leading-[24px] pt-[9px] pb-xxs\" dir=\"ltr\">Bubba Kush, un icono anterior a 1998, aport\u00f3 sus famosos efectos tranquilizantes, su densa estructura de cogollos y su profundo aroma a hach\u00eds terroso. Animal Mints, a su vez un complejo h\u00edbrido de Animal Cookies y SinMint Cookies, contribuy\u00f3 con su formidable potencia y su penetrante sabor a menta y galleta. La fusi\u00f3n de estas dos potentes variedades se dise\u00f1\u00f3 para crear una \u00abcepa de criador\u00bb, una variedad tan estable, potente y \u00fanica que se convertir\u00eda en un valioso progenitor para una nueva generaci\u00f3n de h\u00edbridos.<\/p>\n<p class=\"text-body font-regular leading-[24px] pt-[9px] pb-xxs\" dir=\"ltr\">De este cruce, Kush Mints surgi\u00f3 como el fenotipo campe\u00f3n indiscutible. Fue una revelaci\u00f3n inmediata. La planta mostraba los mejores rasgos de su herencia: la estructura robusta y compacta de Bubba Kush combinada con la asombrosa producci\u00f3n de tricomas de Animal Mints. Los cogollos eran densos, perfectamente formados y recubiertos de una gruesa capa de resina que hablaba de su inmensa potencia. Su perfil de terpenos era innovador: una sofisticada mezcla de menta afilada, pino terroso y un trasfondo dulce de masa de galleta. Era compleja, potente y totalmente distinta.<\/p>\n<p class=\"text-body font-regular leading-[24px] pt-[9px] pb-xxs\" dir=\"ltr\">Aunque la Kush Mints se convirti\u00f3 r\u00e1pidamente en una de las favoritas de los entendidos por derecho propio, su verdadera importancia hist\u00f3rica radica en su papel como bloque de construcci\u00f3n gen\u00e9tica. Los criadores reconocieron su potencial de inmediato. Su gen\u00e9tica estable, sus altos niveles de THC y su sabor \u00fanico la convirtieron en el progenitor perfecto para crear nuevos y emocionantes cruces. Su c\u00f3digo gen\u00e9tico se convirti\u00f3 en la clave para descubrir nuevas combinaciones de terpenos y mejorar la potencia en generaciones posteriores.<\/p>\n<p class=\"text-body font-regular leading-[24px] pt-[9px] pb-xxs\" dir=\"ltr\">Innumerables cepas premiadas y comercialmente dominantes llevan ahora el linaje de la Kush Mints. Su influencia es un testimonio de la previsi\u00f3n de sus creadores. Se convirti\u00f3 en algo m\u00e1s que una cepa para el consumo; se convirti\u00f3 en una herramienta para la innovaci\u00f3n, una clave gen\u00e9tica que ha dado forma al mercado moderno del cannabis. La historia de la Kush Mints es una poderosa lecci\u00f3n en el arte de la cr\u00eda: que el legado m\u00e1s duradero pertenece no s\u00f3lo a la flor que florece, sino a la semilla que inicia todo un bosque. Se erige como un cl\u00e1sico moderno, una cepa fundamental que ser\u00e1 respetada y utilizada en las pr\u00f3ximas d\u00e9cadas.<\/p>\n","protected":false},"excerpt":{"rendered":"<p>Bubba Kush x Animal Mints<\/p>\n","protected":false},"featured_media":6275,"comment_status":"open","ping_status":"closed","template":"","meta":[],"product_brand":[],"product_cat":[401,411,420],"product_tag":[532,534,536,542,625],"class_list":{"0":"post-7508","1":"product","2":"type-product","3":"status-publish","4":"has-post-thumbnail","6":"product_cat-equilibrado","7":"product_cat-semillas-feminizadas","8":"product_cat-hibrida","9":"product_tag-equilibrado","10":"product_tag-baya","11":"product_tag-sueno-azul","12":"product_tag-creativo","13":"product_tag-hybrid","15":"first","16":"instock","17":"taxable","18":"shipping-taxable","19":"purchasable","20":"product-type-variable"},"acf":[],"_links":{"self":[{"href":"https:\/\/officialcannabisseeds.com\/es\/wp-json\/wp\/v2\/product\/7508","targetHints":{"allow":["GET"]}}],"collection":[{"href":"https:\/\/officialcannabisseeds.com\/es\/wp-json\/wp\/v2\/product"}],"about":[{"href":"https:\/\/officialcannabisseeds.com\/es\/wp-json\/wp\/v2\/types\/product"}],"replies":[{"embeddable":true,"href":"https:\/\/officialcannabisseeds.com\/es\/wp-json\/wp\/v2\/comments?post=7508"}],"wp:featuredmedia":[{"embeddable":true,"href":"https:\/\/officialcannabisseeds.com\/es\/wp-json\/wp\/v2\/media\/6275"}],"wp:attachment":[{"href":"https:\/\/officialcannabisseeds.com\/es\/wp-json\/wp\/v2\/media?parent=7508"}],"wp:term":[{"taxonomy":"product_brand","embeddable":true,"href":"https:\/\/officialcannabisseeds.com\/es\/wp-json\/wp\/v2\/product_brand?post=7508"},{"taxonomy":"product_cat","embeddable":true,"href":"https:\/\/officialcannabisseeds.com\/es\/wp-json\/wp\/v2\/product_cat?post=7508"},{"taxonomy":"product_tag","embeddable":true,"href":"https:\/\/officialcannabisseeds.com\/es\/wp-json\/wp\/v2\/product_tag?post=7508"}],"curies":[{"name":"wp","href":"https:\/\/api.w.org\/{rel}","templated":true}]}}