{"id":7528,"date":"2025-06-24T05:16:24","date_gmt":"2025-06-24T05:16:24","guid":{"rendered":"https:\/\/officialcannabisseeds.com\/shop\/lambs-breath-2\/"},"modified":"2026-01-05T10:45:51","modified_gmt":"2026-01-05T10:45:51","slug":"lambs-breath-2","status":"publish","type":"product","link":"https:\/\/officialcannabisseeds.com\/es\/producto\/lambs-breath-2\/","title":{"rendered":"Aliento de cordero"},"content":{"rendered":"<p>Bajo el sol dorado de las exuberantes colinas de Jamaica, se dec\u00eda que una cepa \u00fanica hab\u00eda sido regalada al mundo. Lamb&#8217;s Breath, a menudo susurrada con reverencia, ocupa un lugar en el folclore cann\u00e1bico como una legendaria cepa de dominancia sativa, venerada por sus efectos estimulantes y energizantes. Se dice que esta cepa era la favorita del mism\u00edsimo Bob Marley, quien la llam\u00f3 \u00abel aliento de la vida\u00bb.<\/p>\n<p>Los or\u00edgenes de Lamb&#8217;s Breath est\u00e1n llenos de misterio, aunque las leyendas locales afirman que floreci\u00f3 de forma natural en los f\u00e9rtiles suelos del Caribe, nutrida por las lluvias tropicales y acariciada por los c\u00e1lidos vientos alisios. Su supuesto linaje podr\u00eda estar vinculado a una rara variedad aut\u00f3ctona de la isla, imbuida de un inconfundible esp\u00edritu de vitalidad y creatividad.<\/p>\n<p>La leyenda cuenta que las plantas de Lamb&#8217;s Breath brillan con un intenso tono verde y amarillo, con sus cogollos tan cubiertos de resina que parecen centellear bajo el sol de Jamaica. El aroma de la cepa, una mezcla inolvidable de hierbas dulces y pino terroso con un toque de c\u00edtricos cremosos, viaj\u00f3 en el viento como una canci\u00f3n antigua.<\/p>\n<p>Los sabios del cannabis creen que Lamb&#8217;s Breath es m\u00e1s que una simple variedad: es inspiraci\u00f3n en forma de planta. Se dice que invoca concentraci\u00f3n, felicidad y profunda claridad, y se convirti\u00f3 en una compa\u00f1era sagrada para visionarios y so\u00f1adores art\u00edsticos de generaciones anteriores. Su legado perdura, celebrado por entusiastas y cultivadores que veneran Lamb&#8217;s Breath como un v\u00ednculo ic\u00f3nico con las ra\u00edces m\u00e1s profundas de la cultura del cannabis.<\/p>\n","protected":false},"excerpt":{"rendered":"<p>Una sativa jamaicana legendaria con efectos estimulantes y un distintivo aroma herbal<\/p>\n","protected":false},"featured_media":3513,"comment_status":"open","ping_status":"closed","template":"","meta":[],"product_brand":[],"product_cat":[451,441,411],"product_tag":[627,542,641,551,635],"class_list":{"0":"post-7528","1":"product","2":"type-product","3":"status-publish","4":"has-post-thumbnail","6":"product_cat-edificante","7":"product_cat-sativo","8":"product_cat-semillas-feminizadas","9":"product_tag-aliento-de-cordero","10":"product_tag-creativo","11":"product_tag-edificante","12":"product_tag-herbario","13":"product_tag-sativo","15":"first","16":"instock","17":"taxable","18":"shipping-taxable","19":"purchasable","20":"product-type-variable"},"acf":[],"_links":{"self":[{"href":"https:\/\/officialcannabisseeds.com\/es\/wp-json\/wp\/v2\/product\/7528","targetHints":{"allow":["GET"]}}],"collection":[{"href":"https:\/\/officialcannabisseeds.com\/es\/wp-json\/wp\/v2\/product"}],"about":[{"href":"https:\/\/officialcannabisseeds.com\/es\/wp-json\/wp\/v2\/types\/product"}],"replies":[{"embeddable":true,"href":"https:\/\/officialcannabisseeds.com\/es\/wp-json\/wp\/v2\/comments?post=7528"}],"wp:featuredmedia":[{"embeddable":true,"href":"https:\/\/officialcannabisseeds.com\/es\/wp-json\/wp\/v2\/media\/3513"}],"wp:attachment":[{"href":"https:\/\/officialcannabisseeds.com\/es\/wp-json\/wp\/v2\/media?parent=7528"}],"wp:term":[{"taxonomy":"product_brand","embeddable":true,"href":"https:\/\/officialcannabisseeds.com\/es\/wp-json\/wp\/v2\/product_brand?post=7528"},{"taxonomy":"product_cat","embeddable":true,"href":"https:\/\/officialcannabisseeds.com\/es\/wp-json\/wp\/v2\/product_cat?post=7528"},{"taxonomy":"product_tag","embeddable":true,"href":"https:\/\/officialcannabisseeds.com\/es\/wp-json\/wp\/v2\/product_tag?post=7528"}],"curies":[{"name":"wp","href":"https:\/\/api.w.org\/{rel}","templated":true}]}}