{"id":7548,"date":"2025-06-24T05:16:25","date_gmt":"2025-06-24T05:16:25","guid":{"rendered":"https:\/\/officialcannabisseeds.com\/shop\/lemon-kush-2\/"},"modified":"2026-01-05T11:00:34","modified_gmt":"2026-01-05T11:00:34","slug":"lemon-kush-2","status":"publish","type":"product","link":"https:\/\/officialcannabisseeds.com\/es\/producto\/lemon-kush-2\/","title":{"rendered":"Lemon Kush"},"content":{"rendered":"<p>En los soleados valles del coraz\u00f3n cann\u00e1bico de California, donde la brisa del Pac\u00edfico transporta el aroma de los c\u00edtricos silvestres, naci\u00f3 la ilustre variedad Lemon Kush de la uni\u00f3n de linajes legendarios. Esta maravilla de dominancia \u00edndica surgi\u00f3 a finales de la d\u00e9cada de 2000 mediante la m\u00edstica uni\u00f3n de Master Kush y Lemon Joy, una combinaci\u00f3n que, seg\u00fan los sabios del cannabis, estaba escrita en las estrellas sobre el f\u00e9rtil suelo del Estado Dorado.<\/p>\n<p>Los creadores de la variedad, trabajando bajo la atenta mirada del eterno sol del sur de California, buscaron capturar la esencia misma del verano en cogollos cristalinos. Master Kush aport\u00f3 su gen\u00e9tica afgana real, proporcionando una relajaci\u00f3n profunda y la s\u00f3lida base que consolidar\u00eda la legendaria potencia de la variedad. Lemon Joy le otorg\u00f3 su luminosa esencia c\u00edtrica, impregnando cada flor con la brillante esencia de limones reci\u00e9n pelados, acariciados por el roc\u00edo matutino.<\/p>\n<p>Los antiguos cultivadores cuentan c\u00f3mo los primeros jardines de Lemon Kush parec\u00edan brillar con una luz dorada al amanecer, y sus densos cogollos recubiertos de resina emanaban un aroma embriagador que combinaba matices terrosos de kush con vibrantes notas de lim\u00f3n. Esta sinfon\u00eda arom\u00e1tica se convirti\u00f3 en la se\u00f1a de identidad de la cepa, reconocible al instante para quienes se inician en sus misterios sagrados.<\/p>\n<p>La leyenda cuenta que Lemon Kush posee la rara capacidad de elevar el \u00e1nimo y, al mismo tiempo, instaurar una profunda tranquilidad. Su legado perdura en jardines de todo el mundo, donde los cultivadores contin\u00faan honrando el minucioso arte que dio origen a este tesoro bendecido por los c\u00edtricos, preservando para siempre la armon\u00eda entre la tierra y el sol.<\/p>\n","protected":false},"excerpt":{"rendered":"<p>Un h\u00edbrido equilibrado con un brillante sabor c\u00edtrico y efectos estimulantes pero relajantes.<\/p>\n","protected":false},"featured_media":3529,"comment_status":"open","ping_status":"closed","template":"","meta":[],"product_brand":[],"product_cat":[],"product_tag":[625],"class_list":{"0":"post-7548","1":"product","2":"type-product","3":"status-publish","4":"has-post-thumbnail","6":"product_tag-hybrid","8":"first","9":"instock","10":"taxable","11":"shipping-taxable","12":"purchasable","13":"product-type-variable"},"acf":[],"_links":{"self":[{"href":"https:\/\/officialcannabisseeds.com\/es\/wp-json\/wp\/v2\/product\/7548","targetHints":{"allow":["GET"]}}],"collection":[{"href":"https:\/\/officialcannabisseeds.com\/es\/wp-json\/wp\/v2\/product"}],"about":[{"href":"https:\/\/officialcannabisseeds.com\/es\/wp-json\/wp\/v2\/types\/product"}],"replies":[{"embeddable":true,"href":"https:\/\/officialcannabisseeds.com\/es\/wp-json\/wp\/v2\/comments?post=7548"}],"wp:featuredmedia":[{"embeddable":true,"href":"https:\/\/officialcannabisseeds.com\/es\/wp-json\/wp\/v2\/media\/3529"}],"wp:attachment":[{"href":"https:\/\/officialcannabisseeds.com\/es\/wp-json\/wp\/v2\/media?parent=7548"}],"wp:term":[{"taxonomy":"product_brand","embeddable":true,"href":"https:\/\/officialcannabisseeds.com\/es\/wp-json\/wp\/v2\/product_brand?post=7548"},{"taxonomy":"product_cat","embeddable":true,"href":"https:\/\/officialcannabisseeds.com\/es\/wp-json\/wp\/v2\/product_cat?post=7548"},{"taxonomy":"product_tag","embeddable":true,"href":"https:\/\/officialcannabisseeds.com\/es\/wp-json\/wp\/v2\/product_tag?post=7548"}],"curies":[{"name":"wp","href":"https:\/\/api.w.org\/{rel}","templated":true}]}}