{"id":7588,"date":"2025-09-23T11:05:07","date_gmt":"2025-09-23T11:05:07","guid":{"rendered":"https:\/\/officialcannabisseeds.com\/shop\/oreoz-2\/"},"modified":"2026-01-02T17:55:23","modified_gmt":"2026-01-02T17:55:23","slug":"oreoz-2","status":"publish","type":"product","link":"https:\/\/officialcannabisseeds.com\/es\/producto\/oreoz-2\/","title":{"rendered":"Oreoz"},"content":{"rendered":"<p class=\"text-body font-regular leading-[24px] pt-[9px] pb-xxs\" dir=\"ltr\">De vez en cuando, surge una variedad que no s\u00f3lo se une a la conversaci\u00f3n, sino que la domina. \u00c9sta es la historia de la Oreoz, una variedad cuyo linaje calculado y explosivo \u00e9xito comercial representan una clase magistral de arte gen\u00e9tico moderno. Su ascenso es un testimonio de lo que ocurre cuando una herencia potente se une a un atractivo de mercado innegable.<\/p>\n<p class=\"text-body font-regular leading-[24px] pt-[9px] pb-xxs\" dir=\"ltr\">La g\u00e9nesis de la Oreoz se debe a los visionarios criadores de 3rd Coast Genetics, un equipo conocido por su enfoque met\u00f3dico y su biblioteca gen\u00e9tica de \u00e9lite. El objetivo estaba claro: crear una variedad que ofreciera un abrumador perfil de sabor a postre sin renunciar a una potencia de primer nivel. La arquitectura gen\u00e9tica de este proyecto era ambiciosa, ya que emparejaba dos potentes variedades: la visualmente impresionante y sabrosa Cookies and Cream con la profundamente potente y misteriosa Secret Weapon.<\/p>\n<p class=\"text-body font-regular leading-[24px] pt-[9px] pb-xxs\" dir=\"ltr\">Se trataba de un emparejamiento gen\u00e9tico de alto riesgo. Cookies and Cream, un cruce de Starfighter y GSC, aport\u00f3 su famoso sabor dulce a vainilla y su estructura densa y cargada de tricomas. Secret Weapon, un potente h\u00edbrido con White Widow en su linaje, contribuy\u00f3 con sus formidables niveles de THC y sus matices complejos y terrosos. El objetivo de la polinizaci\u00f3n cruzada era aislar un fenotipo que sintetizara a la perfecci\u00f3n estos rasgos, una planta que pareciera, oliera y se sintiera como una experiencia de lujo.<\/p>\n<p class=\"text-body font-regular leading-[24px] pt-[9px] pb-xxs\" dir=\"ltr\">El resultado de este meticuloso proceso de selecci\u00f3n fue Oreoz. Desde su primera aparici\u00f3n, era evidente que se trataba de un cultivar especial. La cepa produc\u00eda cogollos incre\u00edblemente densos y oscuros, a menudo con tonalidades moradas y verdes profundas, todo ello envuelto en una gruesa capa cristalina de tricomas que le daban un aspecto escarchado. El nombre encajaba a la perfecci\u00f3n, evocando el contraste visual y el rico aroma a galleta de chocolate y nata que defin\u00eda su perfil de terpenos. El aroma era una compleja mezcla de chocolate dulce, caf\u00e9 con nueces y un final cremoso y gaseoso que era a la vez \u00fanico e intensamente deseable.<\/p>\n<p class=\"text-body font-regular leading-[24px] pt-[9px] pb-xxs\" dir=\"ltr\">Cuando Oreoz lleg\u00f3 al mercado comercial, su ascenso fue mete\u00f3rico. Lleg\u00f3 en un momento en el que los consumidores buscaban activamente perfiles terp\u00e9nicos novedosos, con tem\u00e1tica de postres, y su nombre y sabor crearon una conexi\u00f3n instant\u00e1nea. Pero fueron los profundos efectos de la cepa los que aseguraron su reinado comercial. Con niveles de THC que a menudo se situaban entre los 20 y los 30, Oreoz proporcionaba una experiencia potente y duradera, marcada por una profunda relajaci\u00f3n f\u00edsica y un estado mental euf\u00f3rico y dichoso.<\/p>\n<p class=\"text-body font-regular leading-[24px] pt-[9px] pb-xxs\" dir=\"ltr\">Los dispensarios luchaban por mantenerla en stock a medida que se corr\u00eda la voz en las redes sociales y en los c\u00edrculos de entendidos. No era s\u00f3lo una variedad; era un s\u00edmbolo de estatus, una prueba obligada para cualquiera que se tomara en serio el cannabis de primera calidad. El \u00e9xito comercial de Oreoz no fue casualidad. Fue el resultado directo de una brillante estrategia de cultivo que se anticip\u00f3 a las tendencias del mercado y ofreci\u00f3 un producto de calidad sin concesiones, consolidando su legado como un tit\u00e1n moderno de la industria del cannabis.<\/p>\n","protected":false},"excerpt":{"rendered":"<p>Una mancha moderna conocida girar cabezas con su toque cremoso.<\/p>\n<p>Gen\u00e9tica: Cookies &amp; Cream x Secret Weapon<\/p>\n","protected":false},"featured_media":5531,"comment_status":"open","ping_status":"closed","template":"","meta":[],"product_brand":[],"product_cat":[401,411,420],"product_tag":[532,534,536,542,625],"class_list":{"0":"post-7588","1":"product","2":"type-product","3":"status-publish","4":"has-post-thumbnail","6":"product_cat-equilibrado","7":"product_cat-semillas-feminizadas","8":"product_cat-hibrida","9":"product_tag-equilibrado","10":"product_tag-baya","11":"product_tag-sueno-azul","12":"product_tag-creativo","13":"product_tag-hybrid","15":"first","16":"instock","17":"taxable","18":"shipping-taxable","19":"purchasable","20":"product-type-variable"},"acf":[],"_links":{"self":[{"href":"https:\/\/officialcannabisseeds.com\/es\/wp-json\/wp\/v2\/product\/7588","targetHints":{"allow":["GET"]}}],"collection":[{"href":"https:\/\/officialcannabisseeds.com\/es\/wp-json\/wp\/v2\/product"}],"about":[{"href":"https:\/\/officialcannabisseeds.com\/es\/wp-json\/wp\/v2\/types\/product"}],"replies":[{"embeddable":true,"href":"https:\/\/officialcannabisseeds.com\/es\/wp-json\/wp\/v2\/comments?post=7588"}],"wp:featuredmedia":[{"embeddable":true,"href":"https:\/\/officialcannabisseeds.com\/es\/wp-json\/wp\/v2\/media\/5531"}],"wp:attachment":[{"href":"https:\/\/officialcannabisseeds.com\/es\/wp-json\/wp\/v2\/media?parent=7588"}],"wp:term":[{"taxonomy":"product_brand","embeddable":true,"href":"https:\/\/officialcannabisseeds.com\/es\/wp-json\/wp\/v2\/product_brand?post=7588"},{"taxonomy":"product_cat","embeddable":true,"href":"https:\/\/officialcannabisseeds.com\/es\/wp-json\/wp\/v2\/product_cat?post=7588"},{"taxonomy":"product_tag","embeddable":true,"href":"https:\/\/officialcannabisseeds.com\/es\/wp-json\/wp\/v2\/product_tag?post=7588"}],"curies":[{"name":"wp","href":"https:\/\/api.w.org\/{rel}","templated":true}]}}