{"id":7608,"date":"2025-06-24T05:16:25","date_gmt":"2025-06-24T05:16:25","guid":{"rendered":"https:\/\/officialcannabisseeds.com\/shop\/purple-urkle-2\/"},"modified":"2026-01-06T10:53:09","modified_gmt":"2026-01-06T10:53:09","slug":"purple-urkle-2","status":"publish","type":"product","link":"https:\/\/officialcannabisseeds.com\/es\/producto\/purple-urkle-2\/","title":{"rendered":"Urkle morado"},"content":{"rendered":"","protected":false},"excerpt":{"rendered":"<p>Una \u00edndica profundamente relajante con una llamativa coloraci\u00f3n p\u00farpura y sabor a caramelo de uva<\/p>\n","protected":false},"featured_media":6403,"comment_status":"open","ping_status":"closed","template":"","meta":[],"product_brand":[],"product_cat":[],"product_tag":[],"class_list":{"0":"post-7608","1":"product","2":"type-product","3":"status-publish","4":"has-post-thumbnail","7":"first","8":"instock","9":"taxable","10":"shipping-taxable","11":"purchasable","12":"product-type-variable"},"acf":[],"_links":{"self":[{"href":"https:\/\/officialcannabisseeds.com\/es\/wp-json\/wp\/v2\/product\/7608","targetHints":{"allow":["GET"]}}],"collection":[{"href":"https:\/\/officialcannabisseeds.com\/es\/wp-json\/wp\/v2\/product"}],"about":[{"href":"https:\/\/officialcannabisseeds.com\/es\/wp-json\/wp\/v2\/types\/product"}],"replies":[{"embeddable":true,"href":"https:\/\/officialcannabisseeds.com\/es\/wp-json\/wp\/v2\/comments?post=7608"}],"wp:featuredmedia":[{"embeddable":true,"href":"https:\/\/officialcannabisseeds.com\/es\/wp-json\/wp\/v2\/media\/6403"}],"wp:attachment":[{"href":"https:\/\/officialcannabisseeds.com\/es\/wp-json\/wp\/v2\/media?parent=7608"}],"wp:term":[{"taxonomy":"product_brand","embeddable":true,"href":"https:\/\/officialcannabisseeds.com\/es\/wp-json\/wp\/v2\/product_brand?post=7608"},{"taxonomy":"product_cat","embeddable":true,"href":"https:\/\/officialcannabisseeds.com\/es\/wp-json\/wp\/v2\/product_cat?post=7608"},{"taxonomy":"product_tag","embeddable":true,"href":"https:\/\/officialcannabisseeds.com\/es\/wp-json\/wp\/v2\/product_tag?post=7608"}],"curies":[{"name":"wp","href":"https:\/\/api.w.org\/{rel}","templated":true}]}}