{"id":7784,"date":"2025-06-24T05:16:23","date_gmt":"2025-06-24T05:16:23","guid":{"rendered":"https:\/\/officialcannabisseeds.com\/shop\/uva-ape\/"},"modified":"2026-01-05T14:12:01","modified_gmt":"2026-01-05T14:12:01","slug":"uva-ape","status":"publish","type":"product","link":"https:\/\/officialcannabisseeds.com\/es\/producto\/uva-ape\/","title":{"rendered":"Uva Ape"},"content":{"rendered":"<p>En los jardines sagrados del norte de California, donde las antiguas secuoyas susurran secretos a los cultivadores, la legendaria cepa Grape Ape naci\u00f3 de una trinidad de nobles linajes. Esta venerada \u00edndica surgi\u00f3 a principios de la d\u00e9cada del 2000 mediante la magistral uni\u00f3n de Mendocino Purps, Skunk #1 y la m\u00edstica raza aut\u00f3ctona afgana, una combinaci\u00f3n que, seg\u00fan el folclore cann\u00e1bico, fue predestinada por la tierra misma.<\/p>\n<p>Los creadores de la cepa, trabajando a la sombra del tri\u00e1ngulo esmeralda del condado de Humboldt, seleccionaron cuidadosamente a estos tres ancestros por sus poderes complementarios. Mendocino Purps aport\u00f3 sus profundos tonos p\u00farpura y su dulce esencia de frutos rojos, mientras que Skunk #1 aport\u00f3 una gen\u00e9tica potente y patrones de crecimiento fiables. El antiguo linaje afgano aport\u00f3 la profunda relajaci\u00f3n corporal que ha convertido a Grape Ape en una piedra angular de las tradiciones curativas del cannabis.<\/p>\n<p>Cuenta la leyenda que las primeras plantas de Grape Ape parec\u00edan brillar con un resplandor p\u00farpura sobrenatural al atardecer, y sus densos y resinosos cogollos se asemejaban a racimos de uvas m\u00edticas acariciadas por la niebla de la monta\u00f1a. El distintivo aroma dulce y afrutado de la cepa, que recuerda al Kool-Aid de uva con matices terrosos, se convirti\u00f3 en su se\u00f1a de identidad entre quienes buscaban un respiro de las cargas de la vida.<\/p>\n<p>Hoy en d\u00eda, Grape Ape es un testimonio de la meticulosa t\u00e9cnica de cultivo, ofreciendo una profunda relajaci\u00f3n y una tranquilidad euf\u00f3rica a quienes disfrutan de su humo sagrado. Su legado contin\u00faa floreciendo en jardines de todo el mundo, transmitiendo la antigua sabidur\u00eda de su linaje cuidadosamente seleccionado.<\/p>\n","protected":false},"excerpt":{"rendered":"<p>Una potente variedad \u00edndica con distintivo sabor a uva y profundos efectos de relajaci\u00f3n f\u00edsica<\/p>\n","protected":false},"featured_media":6396,"comment_status":"open","ping_status":"closed","template":"","meta":[],"product_brand":[],"product_cat":[],"product_tag":[],"class_list":{"0":"post-7784","1":"product","2":"type-product","3":"status-publish","4":"has-post-thumbnail","7":"first","8":"instock","9":"taxable","10":"shipping-taxable","11":"purchasable","12":"product-type-variable"},"acf":[],"_links":{"self":[{"href":"https:\/\/officialcannabisseeds.com\/es\/wp-json\/wp\/v2\/product\/7784","targetHints":{"allow":["GET"]}}],"collection":[{"href":"https:\/\/officialcannabisseeds.com\/es\/wp-json\/wp\/v2\/product"}],"about":[{"href":"https:\/\/officialcannabisseeds.com\/es\/wp-json\/wp\/v2\/types\/product"}],"replies":[{"embeddable":true,"href":"https:\/\/officialcannabisseeds.com\/es\/wp-json\/wp\/v2\/comments?post=7784"}],"wp:featuredmedia":[{"embeddable":true,"href":"https:\/\/officialcannabisseeds.com\/es\/wp-json\/wp\/v2\/media\/6396"}],"wp:attachment":[{"href":"https:\/\/officialcannabisseeds.com\/es\/wp-json\/wp\/v2\/media?parent=7784"}],"wp:term":[{"taxonomy":"product_brand","embeddable":true,"href":"https:\/\/officialcannabisseeds.com\/es\/wp-json\/wp\/v2\/product_brand?post=7784"},{"taxonomy":"product_cat","embeddable":true,"href":"https:\/\/officialcannabisseeds.com\/es\/wp-json\/wp\/v2\/product_cat?post=7784"},{"taxonomy":"product_tag","embeddable":true,"href":"https:\/\/officialcannabisseeds.com\/es\/wp-json\/wp\/v2\/product_tag?post=7784"}],"curies":[{"name":"wp","href":"https:\/\/api.w.org\/{rel}","templated":true}]}}