{"id":7791,"date":"2026-01-05T14:44:18","date_gmt":"2026-01-05T14:44:18","guid":{"rendered":"https:\/\/officialcannabisseeds.com\/shop\/sombrero-sueno-azul\/"},"modified":"2026-01-05T14:44:19","modified_gmt":"2026-01-05T14:44:19","slug":"sombrero-sueno-azul","status":"publish","type":"product","link":"https:\/\/officialcannabisseeds.com\/es\/producto\/sombrero-sueno-azul\/","title":{"rendered":"Sombrero Sue\u00f1o Azul"},"content":{"rendered":"<p>Completa tu look con esta gorra de primera calidad de la variedad Blue Dream, con nuestro dise\u00f1o bordado del sello de cannabis Blue Dream. Esta gorra ajustable es c\u00f3moda de llevar durante todo el d\u00eda y perfecta para mostrar tu aprecio por esta legendaria variedad.<\/p>\n","protected":false},"excerpt":{"rendered":"<p>Sombrero de alta calidad de la variedad Blue Dream con dise\u00f1o de sello de cannabis bordado<\/p>\n","protected":false},"featured_media":5413,"comment_status":"open","ping_status":"closed","template":"","meta":[],"product_brand":[],"product_cat":[58],"product_tag":[],"class_list":{"0":"post-7791","1":"product","2":"type-product","3":"status-publish","4":"has-post-thumbnail","6":"product_types-hat","7":"product_cat-sin-categoria","9":"first","10":"instock","11":"taxable","12":"shipping-taxable","13":"purchasable","14":"product-type-variable"},"acf":[],"_links":{"self":[{"href":"https:\/\/officialcannabisseeds.com\/es\/wp-json\/wp\/v2\/product\/7791","targetHints":{"allow":["GET"]}}],"collection":[{"href":"https:\/\/officialcannabisseeds.com\/es\/wp-json\/wp\/v2\/product"}],"about":[{"href":"https:\/\/officialcannabisseeds.com\/es\/wp-json\/wp\/v2\/types\/product"}],"replies":[{"embeddable":true,"href":"https:\/\/officialcannabisseeds.com\/es\/wp-json\/wp\/v2\/comments?post=7791"}],"wp:featuredmedia":[{"embeddable":true,"href":"https:\/\/officialcannabisseeds.com\/es\/wp-json\/wp\/v2\/media\/5413"}],"wp:attachment":[{"href":"https:\/\/officialcannabisseeds.com\/es\/wp-json\/wp\/v2\/media?parent=7791"}],"wp:term":[{"taxonomy":"product_brand","embeddable":true,"href":"https:\/\/officialcannabisseeds.com\/es\/wp-json\/wp\/v2\/product_brand?post=7791"},{"taxonomy":"product_cat","embeddable":true,"href":"https:\/\/officialcannabisseeds.com\/es\/wp-json\/wp\/v2\/product_cat?post=7791"},{"taxonomy":"product_tag","embeddable":true,"href":"https:\/\/officialcannabisseeds.com\/es\/wp-json\/wp\/v2\/product_tag?post=7791"}],"curies":[{"name":"wp","href":"https:\/\/api.w.org\/{rel}","templated":true}]}}