{"id":7947,"date":"2026-01-05T15:03:55","date_gmt":"2026-01-05T15:03:55","guid":{"rendered":"https:\/\/officialcannabisseeds.com\/shop\/sombrero-cenicienta-99\/"},"modified":"2026-01-05T15:03:57","modified_gmt":"2026-01-05T15:03:57","slug":"sombrero-cenicienta-99","status":"publish","type":"product","link":"https:\/\/officialcannabisseeds.com\/es\/producto\/sombrero-cenicienta-99\/","title":{"rendered":"Sombrero Cenicienta 99"},"content":{"rendered":"<p>Completa tu look con esta gorra de primera calidad de la variedad Cinderella 99 con nuestro dise\u00f1o bordado del sello de cannabis Cinderella 99. Esta gorra ajustable es c\u00f3moda para llevarla todo el d\u00eda y perfecta para mostrar tu aprecio por esta potente variedad.<\/p>\n","protected":false},"excerpt":{"rendered":"<p>Sombrero Premium de la variedad Cinderella 99 con dise\u00f1o de sello de cannabis bordado<\/p>\n","protected":false},"featured_media":5394,"comment_status":"open","ping_status":"closed","template":"","meta":[],"product_brand":[],"product_cat":[58],"product_tag":[],"class_list":{"0":"post-7947","1":"product","2":"type-product","3":"status-publish","4":"has-post-thumbnail","6":"product_types-hat","7":"product_cat-sin-categoria","9":"first","10":"instock","11":"taxable","12":"shipping-taxable","13":"purchasable","14":"product-type-variable"},"acf":[],"_links":{"self":[{"href":"https:\/\/officialcannabisseeds.com\/es\/wp-json\/wp\/v2\/product\/7947","targetHints":{"allow":["GET"]}}],"collection":[{"href":"https:\/\/officialcannabisseeds.com\/es\/wp-json\/wp\/v2\/product"}],"about":[{"href":"https:\/\/officialcannabisseeds.com\/es\/wp-json\/wp\/v2\/types\/product"}],"replies":[{"embeddable":true,"href":"https:\/\/officialcannabisseeds.com\/es\/wp-json\/wp\/v2\/comments?post=7947"}],"wp:featuredmedia":[{"embeddable":true,"href":"https:\/\/officialcannabisseeds.com\/es\/wp-json\/wp\/v2\/media\/5394"}],"wp:attachment":[{"href":"https:\/\/officialcannabisseeds.com\/es\/wp-json\/wp\/v2\/media?parent=7947"}],"wp:term":[{"taxonomy":"product_brand","embeddable":true,"href":"https:\/\/officialcannabisseeds.com\/es\/wp-json\/wp\/v2\/product_brand?post=7947"},{"taxonomy":"product_cat","embeddable":true,"href":"https:\/\/officialcannabisseeds.com\/es\/wp-json\/wp\/v2\/product_cat?post=7947"},{"taxonomy":"product_tag","embeddable":true,"href":"https:\/\/officialcannabisseeds.com\/es\/wp-json\/wp\/v2\/product_tag?post=7947"}],"curies":[{"name":"wp","href":"https:\/\/api.w.org\/{rel}","templated":true}]}}