{"id":8287,"date":"2026-01-05T15:36:39","date_gmt":"2026-01-05T15:36:39","guid":{"rendered":"https:\/\/officialcannabisseeds.com\/shop\/camiseta-purple-urkle\/"},"modified":"2026-01-05T15:36:52","modified_gmt":"2026-01-05T15:36:52","slug":"camiseta-purple-urkle","status":"publish","type":"product","link":"https:\/\/officialcannabisseeds.com\/es\/producto\/camiseta-purple-urkle\/","title":{"rendered":"Camiseta Purple Urkle"},"content":{"rendered":"<p>Demuestra tu amor por la cepa cl\u00e1sica Purple Urkle con esta camiseta de algod\u00f3n de primera calidad con nuestro exclusivo dise\u00f1o de sello cann\u00e1bico Purple Urkle. Esta camiseta c\u00f3moda y elegante es perfecta tanto para los entusiastas del cannabis como para los coleccionistas.<\/p>\n","protected":false},"excerpt":{"rendered":"<p>Camiseta oficial de la variedad Purple Urkle con nuestro exclusivo dise\u00f1o de sello cann\u00e1bico<\/p>\n","protected":false},"featured_media":4861,"comment_status":"open","ping_status":"closed","template":"","meta":[],"product_brand":[],"product_cat":[58],"product_tag":[],"class_list":{"0":"post-8287","1":"product","2":"type-product","3":"status-publish","4":"has-post-thumbnail","6":"product_types-t-shirt","7":"product_cat-sin-categoria","9":"first","10":"instock","11":"taxable","12":"shipping-taxable","13":"purchasable","14":"product-type-variable"},"acf":[],"_links":{"self":[{"href":"https:\/\/officialcannabisseeds.com\/es\/wp-json\/wp\/v2\/product\/8287","targetHints":{"allow":["GET"]}}],"collection":[{"href":"https:\/\/officialcannabisseeds.com\/es\/wp-json\/wp\/v2\/product"}],"about":[{"href":"https:\/\/officialcannabisseeds.com\/es\/wp-json\/wp\/v2\/types\/product"}],"replies":[{"embeddable":true,"href":"https:\/\/officialcannabisseeds.com\/es\/wp-json\/wp\/v2\/comments?post=8287"}],"wp:featuredmedia":[{"embeddable":true,"href":"https:\/\/officialcannabisseeds.com\/es\/wp-json\/wp\/v2\/media\/4861"}],"wp:attachment":[{"href":"https:\/\/officialcannabisseeds.com\/es\/wp-json\/wp\/v2\/media?parent=8287"}],"wp:term":[{"taxonomy":"product_brand","embeddable":true,"href":"https:\/\/officialcannabisseeds.com\/es\/wp-json\/wp\/v2\/product_brand?post=8287"},{"taxonomy":"product_cat","embeddable":true,"href":"https:\/\/officialcannabisseeds.com\/es\/wp-json\/wp\/v2\/product_cat?post=8287"},{"taxonomy":"product_tag","embeddable":true,"href":"https:\/\/officialcannabisseeds.com\/es\/wp-json\/wp\/v2\/product_tag?post=8287"}],"curies":[{"name":"wp","href":"https:\/\/api.w.org\/{rel}","templated":true}]}}