{"id":8322,"date":"2026-01-05T15:39:58","date_gmt":"2026-01-05T15:39:58","guid":{"rendered":"https:\/\/officialcannabisseeds.com\/shop\/sombrero-schwag\/"},"modified":"2026-01-05T15:40:00","modified_gmt":"2026-01-05T15:40:00","slug":"sombrero-schwag","status":"publish","type":"product","link":"https:\/\/officialcannabisseeds.com\/es\/producto\/sombrero-schwag\/","title":{"rendered":"Sombrero Schwag"},"content":{"rendered":"<p>Completa tu look con esta gorra de alta calidad de la variedad Schwag con nuestro dise\u00f1o de sello de cannabis Schwag bordado. Esta gorra ajustable es c\u00f3moda para llevar durante todo el d\u00eda y perfecta para mostrar tu aprecio por esta variedad cl\u00e1sica.<\/p>\n","protected":false},"excerpt":{"rendered":"<p>Gorra Schwag de primera calidad con dise\u00f1o de sello de cannabis bordado<\/p>\n","protected":false},"featured_media":5394,"comment_status":"open","ping_status":"closed","template":"","meta":[],"product_brand":[],"product_cat":[58],"product_tag":[],"class_list":{"0":"post-8322","1":"product","2":"type-product","3":"status-publish","4":"has-post-thumbnail","6":"product_types-hat","7":"product_cat-sin-categoria","9":"first","10":"instock","11":"taxable","12":"shipping-taxable","13":"purchasable","14":"product-type-variable"},"acf":[],"_links":{"self":[{"href":"https:\/\/officialcannabisseeds.com\/es\/wp-json\/wp\/v2\/product\/8322","targetHints":{"allow":["GET"]}}],"collection":[{"href":"https:\/\/officialcannabisseeds.com\/es\/wp-json\/wp\/v2\/product"}],"about":[{"href":"https:\/\/officialcannabisseeds.com\/es\/wp-json\/wp\/v2\/types\/product"}],"replies":[{"embeddable":true,"href":"https:\/\/officialcannabisseeds.com\/es\/wp-json\/wp\/v2\/comments?post=8322"}],"wp:featuredmedia":[{"embeddable":true,"href":"https:\/\/officialcannabisseeds.com\/es\/wp-json\/wp\/v2\/media\/5394"}],"wp:attachment":[{"href":"https:\/\/officialcannabisseeds.com\/es\/wp-json\/wp\/v2\/media?parent=8322"}],"wp:term":[{"taxonomy":"product_brand","embeddable":true,"href":"https:\/\/officialcannabisseeds.com\/es\/wp-json\/wp\/v2\/product_brand?post=8322"},{"taxonomy":"product_cat","embeddable":true,"href":"https:\/\/officialcannabisseeds.com\/es\/wp-json\/wp\/v2\/product_cat?post=8322"},{"taxonomy":"product_tag","embeddable":true,"href":"https:\/\/officialcannabisseeds.com\/es\/wp-json\/wp\/v2\/product_tag?post=8322"}],"curies":[{"name":"wp","href":"https:\/\/api.w.org\/{rel}","templated":true}]}}