{"id":8367,"date":"2026-01-05T15:43:23","date_gmt":"2026-01-05T15:43:23","guid":{"rendered":"https:\/\/officialcannabisseeds.com\/shop\/sudadera-schwag\/"},"modified":"2026-01-05T15:43:39","modified_gmt":"2026-01-05T15:43:39","slug":"sudadera-schwag","status":"publish","type":"product","link":"https:\/\/officialcannabisseeds.com\/es\/producto\/sudadera-schwag\/","title":{"rendered":"Sudadera Schwag"},"content":{"rendered":"<p>Mantente abrigado y muestra tu aprecio por la cepa cl\u00e1sica Schwag con esta sudadera con capucha de primera calidad que presenta nuestro exclusivo dise\u00f1o de sello de cannabis Schwag. Esta sudadera con capucha c\u00f3moda y duradera es perfecta para los entusiastas del cannabis en cualquier clima.<\/p>\n","protected":false},"excerpt":{"rendered":"<p>Sudadera con capucha de primera calidad de la variedad Schwag con nuestro exclusivo dise\u00f1o de sello cann\u00e1bico<\/p>\n","protected":false},"featured_media":5433,"comment_status":"open","ping_status":"closed","template":"","meta":[],"product_brand":[],"product_cat":[58],"product_tag":[],"class_list":{"0":"post-8367","1":"product","2":"type-product","3":"status-publish","4":"has-post-thumbnail","6":"product_types-hoodie","7":"product_cat-sin-categoria","9":"first","10":"instock","11":"taxable","12":"shipping-taxable","13":"purchasable","14":"product-type-variable"},"acf":[],"_links":{"self":[{"href":"https:\/\/officialcannabisseeds.com\/es\/wp-json\/wp\/v2\/product\/8367","targetHints":{"allow":["GET"]}}],"collection":[{"href":"https:\/\/officialcannabisseeds.com\/es\/wp-json\/wp\/v2\/product"}],"about":[{"href":"https:\/\/officialcannabisseeds.com\/es\/wp-json\/wp\/v2\/types\/product"}],"replies":[{"embeddable":true,"href":"https:\/\/officialcannabisseeds.com\/es\/wp-json\/wp\/v2\/comments?post=8367"}],"wp:featuredmedia":[{"embeddable":true,"href":"https:\/\/officialcannabisseeds.com\/es\/wp-json\/wp\/v2\/media\/5433"}],"wp:attachment":[{"href":"https:\/\/officialcannabisseeds.com\/es\/wp-json\/wp\/v2\/media?parent=8367"}],"wp:term":[{"taxonomy":"product_brand","embeddable":true,"href":"https:\/\/officialcannabisseeds.com\/es\/wp-json\/wp\/v2\/product_brand?post=8367"},{"taxonomy":"product_cat","embeddable":true,"href":"https:\/\/officialcannabisseeds.com\/es\/wp-json\/wp\/v2\/product_cat?post=8367"},{"taxonomy":"product_tag","embeddable":true,"href":"https:\/\/officialcannabisseeds.com\/es\/wp-json\/wp\/v2\/product_tag?post=8367"}],"curies":[{"name":"wp","href":"https:\/\/api.w.org\/{rel}","templated":true}]}}