{"id":8405,"date":"2026-01-05T15:48:09","date_gmt":"2026-01-05T15:48:09","guid":{"rendered":"https:\/\/officialcannabisseeds.com\/shop\/camiseta-sour-d\/"},"modified":"2026-01-05T15:48:21","modified_gmt":"2026-01-05T15:48:21","slug":"camiseta-sour-d","status":"publish","type":"product","link":"https:\/\/officialcannabisseeds.com\/es\/producto\/camiseta-sour-d\/","title":{"rendered":"Camiseta Sour D"},"content":{"rendered":"<p>Demuestra tu amor por la potente variedad Sour D con esta camiseta de algod\u00f3n de primera calidad con nuestro exclusivo dise\u00f1o de sello de cannabis Sour D. Esta c\u00f3moda y elegante camiseta es perfecta tanto para los entusiastas del cannabis como para los coleccionistas.<\/p>\n","protected":false},"excerpt":{"rendered":"<p>Camiseta oficial de la variedad Sour D con nuestro exclusivo dise\u00f1o de sello cann\u00e1bico<\/p>\n","protected":false},"featured_media":0,"comment_status":"open","ping_status":"closed","template":"","meta":[],"product_brand":[],"product_cat":[58],"product_tag":[],"class_list":{"0":"post-8405","1":"product","2":"type-product","3":"status-publish","5":"product_types-t-shirt","6":"product_cat-sin-categoria","8":"first","9":"instock","10":"taxable","11":"shipping-taxable","12":"purchasable","13":"product-type-variable"},"acf":[],"_links":{"self":[{"href":"https:\/\/officialcannabisseeds.com\/es\/wp-json\/wp\/v2\/product\/8405","targetHints":{"allow":["GET"]}}],"collection":[{"href":"https:\/\/officialcannabisseeds.com\/es\/wp-json\/wp\/v2\/product"}],"about":[{"href":"https:\/\/officialcannabisseeds.com\/es\/wp-json\/wp\/v2\/types\/product"}],"replies":[{"embeddable":true,"href":"https:\/\/officialcannabisseeds.com\/es\/wp-json\/wp\/v2\/comments?post=8405"}],"wp:attachment":[{"href":"https:\/\/officialcannabisseeds.com\/es\/wp-json\/wp\/v2\/media?parent=8405"}],"wp:term":[{"taxonomy":"product_brand","embeddable":true,"href":"https:\/\/officialcannabisseeds.com\/es\/wp-json\/wp\/v2\/product_brand?post=8405"},{"taxonomy":"product_cat","embeddable":true,"href":"https:\/\/officialcannabisseeds.com\/es\/wp-json\/wp\/v2\/product_cat?post=8405"},{"taxonomy":"product_tag","embeddable":true,"href":"https:\/\/officialcannabisseeds.com\/es\/wp-json\/wp\/v2\/product_tag?post=8405"}],"curies":[{"name":"wp","href":"https:\/\/api.w.org\/{rel}","templated":true}]}}