{"id":8478,"date":"2025-06-24T05:16:31","date_gmt":"2025-06-24T05:16:31","guid":{"rendered":"https:\/\/officialcannabisseeds.com\/shop\/sombrero-sour-diesel\/"},"modified":"2026-01-05T15:51:56","modified_gmt":"2026-01-05T15:51:56","slug":"sombrero-sour-diesel","status":"publish","type":"product","link":"https:\/\/officialcannabisseeds.com\/es\/producto\/sombrero-sour-diesel\/","title":{"rendered":"Sombrero Sour Diesel"},"content":{"rendered":"<p>Completa tu look con esta gorra premium de la variedad Sour Diesel con nuestro dise\u00f1o bordado del sello de cannabis Sour Diesel. Esta gorra ajustable es c\u00f3moda para llevar durante todo el d\u00eda y perfecta para mostrar tu aprecio por esta legendaria variedad.<\/p>\n","protected":false},"excerpt":{"rendered":"<p>Gorra de la variedad Premium Sour Diesel con dise\u00f1o de sello de cannabis bordado<\/p>\n","protected":false},"featured_media":5420,"comment_status":"open","ping_status":"closed","template":"","meta":[],"product_brand":[],"product_cat":[58],"product_tag":[],"class_list":{"0":"post-8478","1":"product","2":"type-product","3":"status-publish","4":"has-post-thumbnail","6":"product_types-hat","7":"product_cat-sin-categoria","9":"first","10":"instock","11":"taxable","12":"shipping-taxable","13":"purchasable","14":"product-type-variable"},"acf":[],"_links":{"self":[{"href":"https:\/\/officialcannabisseeds.com\/es\/wp-json\/wp\/v2\/product\/8478","targetHints":{"allow":["GET"]}}],"collection":[{"href":"https:\/\/officialcannabisseeds.com\/es\/wp-json\/wp\/v2\/product"}],"about":[{"href":"https:\/\/officialcannabisseeds.com\/es\/wp-json\/wp\/v2\/types\/product"}],"replies":[{"embeddable":true,"href":"https:\/\/officialcannabisseeds.com\/es\/wp-json\/wp\/v2\/comments?post=8478"}],"wp:featuredmedia":[{"embeddable":true,"href":"https:\/\/officialcannabisseeds.com\/es\/wp-json\/wp\/v2\/media\/5420"}],"wp:attachment":[{"href":"https:\/\/officialcannabisseeds.com\/es\/wp-json\/wp\/v2\/media?parent=8478"}],"wp:term":[{"taxonomy":"product_brand","embeddable":true,"href":"https:\/\/officialcannabisseeds.com\/es\/wp-json\/wp\/v2\/product_brand?post=8478"},{"taxonomy":"product_cat","embeddable":true,"href":"https:\/\/officialcannabisseeds.com\/es\/wp-json\/wp\/v2\/product_cat?post=8478"},{"taxonomy":"product_tag","embeddable":true,"href":"https:\/\/officialcannabisseeds.com\/es\/wp-json\/wp\/v2\/product_tag?post=8478"}],"curies":[{"name":"wp","href":"https:\/\/api.w.org\/{rel}","templated":true}]}}