{"id":8555,"date":"2026-01-05T15:58:47","date_gmt":"2026-01-05T15:58:47","guid":{"rendered":"https:\/\/officialcannabisseeds.com\/shop\/camiseta-sour-diesel\/"},"modified":"2026-01-05T15:59:00","modified_gmt":"2026-01-05T15:59:00","slug":"camiseta-sour-diesel","status":"publish","type":"product","link":"https:\/\/officialcannabisseeds.com\/es\/producto\/camiseta-sour-diesel\/","title":{"rendered":"Camiseta Sour Diesel"},"content":{"rendered":"<p>Demuestra tu amor por la legendaria variedad Sour Diesel con esta camiseta de algod\u00f3n de primera calidad con nuestro exclusivo dise\u00f1o de sello cann\u00e1bico Sour Diesel. Esta c\u00f3moda y elegante camiseta es perfecta tanto para los entusiastas del cannabis como para los coleccionistas.<\/p>\n","protected":false},"excerpt":{"rendered":"<p>Camiseta oficial de la variedad Sour Diesel con nuestro exclusivo dise\u00f1o de sello cann\u00e1bico<\/p>\n","protected":false},"featured_media":4877,"comment_status":"open","ping_status":"closed","template":"","meta":[],"product_brand":[],"product_cat":[58],"product_tag":[],"class_list":{"0":"post-8555","1":"product","2":"type-product","3":"status-publish","4":"has-post-thumbnail","6":"product_types-t-shirt","7":"product_cat-sin-categoria","9":"first","10":"instock","11":"taxable","12":"shipping-taxable","13":"purchasable","14":"product-type-variable"},"acf":[],"_links":{"self":[{"href":"https:\/\/officialcannabisseeds.com\/es\/wp-json\/wp\/v2\/product\/8555","targetHints":{"allow":["GET"]}}],"collection":[{"href":"https:\/\/officialcannabisseeds.com\/es\/wp-json\/wp\/v2\/product"}],"about":[{"href":"https:\/\/officialcannabisseeds.com\/es\/wp-json\/wp\/v2\/types\/product"}],"replies":[{"embeddable":true,"href":"https:\/\/officialcannabisseeds.com\/es\/wp-json\/wp\/v2\/comments?post=8555"}],"wp:featuredmedia":[{"embeddable":true,"href":"https:\/\/officialcannabisseeds.com\/es\/wp-json\/wp\/v2\/media\/4877"}],"wp:attachment":[{"href":"https:\/\/officialcannabisseeds.com\/es\/wp-json\/wp\/v2\/media?parent=8555"}],"wp:term":[{"taxonomy":"product_brand","embeddable":true,"href":"https:\/\/officialcannabisseeds.com\/es\/wp-json\/wp\/v2\/product_brand?post=8555"},{"taxonomy":"product_cat","embeddable":true,"href":"https:\/\/officialcannabisseeds.com\/es\/wp-json\/wp\/v2\/product_cat?post=8555"},{"taxonomy":"product_tag","embeddable":true,"href":"https:\/\/officialcannabisseeds.com\/es\/wp-json\/wp\/v2\/product_tag?post=8555"}],"curies":[{"name":"wp","href":"https:\/\/api.w.org\/{rel}","templated":true}]}}