{"id":7344,"date":"2026-01-02T14:37:15","date_gmt":"2026-01-02T14:37:15","guid":{"rendered":"https:\/\/officialcannabisseeds.com\/shop\/reve-bleu\/"},"modified":"2026-01-02T14:37:25","modified_gmt":"2026-01-02T14:37:25","slug":"reve-bleu","status":"publish","type":"product","link":"https:\/\/officialcannabisseeds.com\/fr\/produit\/reve-bleu\/","title":{"rendered":"R\u00eave bleu"},"content":{"rendered":"<p><span style=\"font-weight: 400;\">Il y a quelque chose d&rsquo;ind\u00e9niablement s\u00e9duisant dans le profil de saveur de la Blue Dream. Elle est douce et fruit\u00e9e &#8211; pensez \u00e0 des myrtilles m\u00fbres &#8211; mais arrondie par des nuances terreuses et herbac\u00e9es provenant de sa <\/span><a href=\"https:\/\/www.youtube.com\/watch?v=dds86Nm1Mss\" target=\"_blank\" rel=\"noopener\"><span style=\"font-weight: 400;\">lign\u00e9e Haze<\/span><\/a><span style=\"font-weight: 400;\">. Elle n&rsquo;est ni trop lourde, ni trop piquante &#8211; juste ce qu&rsquo;il faut. Cet ar\u00f4me \u00e9quilibr\u00e9 la rend attrayante pour les nouveaux venus comme pour les connaisseurs, transformant facilement les curieux de la premi\u00e8re heure en fid\u00e8les enthousiastes.<\/span><\/p>\n","protected":false},"excerpt":{"rendered":"<p>Un hybride l\u00e9gendaire connu pour ses effets \u00e9quilibr\u00e9s et son ar\u00f4me de baies sucr\u00e9es<\/p>\n","protected":false},"featured_media":6354,"comment_status":"open","ping_status":"closed","template":"","meta":[],"product_brand":[],"product_cat":[397,404,414,417],"product_tag":[586],"class_list":{"0":"post-7344","1":"product","2":"type-product","3":"status-publish","4":"has-post-thumbnail","6":"product_cat-automobiles","7":"product_cat-equilibre","8":"product_cat-graines-feminisees","9":"product_cat-hybride","10":"product_tag-hybride","12":"first","13":"instock","14":"taxable","15":"shipping-taxable","16":"purchasable","17":"product-type-variable"},"acf":[],"_links":{"self":[{"href":"https:\/\/officialcannabisseeds.com\/fr\/wp-json\/wp\/v2\/product\/7344","targetHints":{"allow":["GET"]}}],"collection":[{"href":"https:\/\/officialcannabisseeds.com\/fr\/wp-json\/wp\/v2\/product"}],"about":[{"href":"https:\/\/officialcannabisseeds.com\/fr\/wp-json\/wp\/v2\/types\/product"}],"replies":[{"embeddable":true,"href":"https:\/\/officialcannabisseeds.com\/fr\/wp-json\/wp\/v2\/comments?post=7344"}],"wp:featuredmedia":[{"embeddable":true,"href":"https:\/\/officialcannabisseeds.com\/fr\/wp-json\/wp\/v2\/media\/6354"}],"wp:attachment":[{"href":"https:\/\/officialcannabisseeds.com\/fr\/wp-json\/wp\/v2\/media?parent=7344"}],"wp:term":[{"taxonomy":"product_brand","embeddable":true,"href":"https:\/\/officialcannabisseeds.com\/fr\/wp-json\/wp\/v2\/product_brand?post=7344"},{"taxonomy":"product_cat","embeddable":true,"href":"https:\/\/officialcannabisseeds.com\/fr\/wp-json\/wp\/v2\/product_cat?post=7344"},{"taxonomy":"product_tag","embeddable":true,"href":"https:\/\/officialcannabisseeds.com\/fr\/wp-json\/wp\/v2\/product_tag?post=7344"}],"curies":[{"name":"wp","href":"https:\/\/api.w.org\/{rel}","templated":true}]}}