{"id":7400,"date":"2025-09-30T14:41:05","date_gmt":"2025-09-30T14:41:05","guid":{"rendered":"https:\/\/officialcannabisseeds.com\/shop\/gelato-2\/"},"modified":"2026-01-02T15:22:40","modified_gmt":"2026-01-02T15:22:40","slug":"gelato-2","status":"publish","type":"product","link":"https:\/\/officialcannabisseeds.com\/fr\/produit\/gelato-2\/","title":{"rendered":"GELATO"},"content":{"rendered":"<p class=\"text-body font-regular leading-[24px] pt-[9px] pb-xxs\" dir=\"ltr\">Dans le monde de la g\u00e9n\u00e9tique du cannabis, les l\u00e9gendes ne naissent pas &#8211; elles sont m\u00e9ticuleusement cr\u00e9\u00e9es. Peu de vari\u00e9t\u00e9s illustrent mieux ce principe que la Gelato. Son histoire est celle de l&rsquo;innovation, de la pr\u00e9cision et d&rsquo;un engagement in\u00e9branlable \u00e0 repousser les limites du possible. Voici l&rsquo;histoire de la fa\u00e7on dont un nouveau classique a \u00e9t\u00e9 forg\u00e9 au c\u0153ur de la Bay Area de Californie, changeant \u00e0 jamais le paysage du cannabis moderne.<\/p>\n<p class=\"text-body font-regular leading-[24px] pt-[9px] pb-xxs\" dir=\"ltr\">L&rsquo;histoire commence avec Cookie Fam Genetics, un collectif de s\u00e9lectionneurs visionnaires d\u00e9j\u00e0 r\u00e9put\u00e9s pour leur travail r\u00e9volutionnaire. Ils partaient d&rsquo;un principe simple mais r\u00e9volutionnaire : cr\u00e9er des vari\u00e9t\u00e9s avec des profils de saveurs in\u00e9gal\u00e9s et des effets puissants. Leur succ\u00e8s ant\u00e9rieur avec les Girl Scout Cookies avait d\u00e9j\u00e0 \u00e9tabli une nouvelle norme dans l&rsquo;industrie, mais ils savaient que quelque chose d&rsquo;encore plus transformateur se profilait \u00e0 l&rsquo;horizon.<\/p>\n<p class=\"text-body font-regular leading-[24px] pt-[9px] pb-xxs\" dir=\"ltr\">Le projet qui allait donner naissance \u00e0 Gelato \u00e9tait ambitieux. L&rsquo;objectif \u00e9tait d&rsquo;hybrider deux de leurs cultivars les plus pris\u00e9s : le fruit\u00e9 et revigorant Sunset Sherbet et le puissant et aromatique Thin Mint GSC. Il ne s&rsquo;agissait pas d&rsquo;une simple pollinisation crois\u00e9e, mais d&rsquo;une entreprise g\u00e9n\u00e9tique sophistiqu\u00e9e, n\u00e9cessitant une compr\u00e9hension experte de l&rsquo;expression du ph\u00e9notype et de la science des terp\u00e8nes. Les s\u00e9lectionneurs \u00e9taient \u00e0 la recherche d&rsquo;une combinaison sp\u00e9cifique et insaisissable &#8211; une vari\u00e9t\u00e9 qui offrirait l&rsquo;essence sucr\u00e9e et cr\u00e9meuse d&rsquo;un dessert raffin\u00e9 tout en procurant une exp\u00e9rience puissante et bien \u00e9quilibr\u00e9e.<\/p>\n<p class=\"text-body font-regular leading-[24px] pt-[9px] pb-xxs\" dir=\"ltr\">Le croisement initial a donn\u00e9 naissance \u00e0 une s\u00e9rie de ph\u00e9notypes distincts. Chacun a \u00e9t\u00e9 soigneusement cultiv\u00e9, analys\u00e9 et catalogu\u00e9. L&rsquo;\u00e9quipe \u00e9tait \u00e0 la recherche de l&rsquo;expression parfaite de la g\u00e9n\u00e9tique parentale. Un ph\u00e9notype particulier, le #33, s&rsquo;est imm\u00e9diatement distingu\u00e9. Son ar\u00f4me \u00e9tait une symphonie complexe de baies sucr\u00e9es, d&rsquo;agrumes et d&rsquo;un soup\u00e7on de menthe terreuse. La production de trichomes \u00e9tait exceptionnelle, recouvrant les bourgeons denses et violets d&rsquo;un manteau givr\u00e9. C&rsquo;\u00e9tait le bon. En clin d&rsquo;\u0153il \u00e0 son profil terp\u00e9nique de dessert et au num\u00e9ro de maillot de la l\u00e9gende du basket-ball Larry Bird, il a \u00e9t\u00e9 baptis\u00e9 \u00ab\u00a0Larry Bird\u00a0\u00bb<\/p>\n<p class=\"text-body font-regular leading-[24px] pt-[9px] pb-xxs\" dir=\"ltr\">Cependant, c&rsquo;est un autre ph\u00e9notype, le #45, qui a v\u00e9ritablement captur\u00e9 l&rsquo;essence de leur vision et qui a finalement re\u00e7u le nom de Gelato. Son go\u00fbt \u00e9tait encore plus raffin\u00e9, une fusion parfaite de douceur cr\u00e9meuse et de zeste fruit\u00e9 qui ne ressemblait \u00e0 rien d&rsquo;autre sur le march\u00e9. Lorsqu&rsquo;elle a finalement \u00e9t\u00e9 introduite, l&rsquo;impact a \u00e9t\u00e9 imm\u00e9diat et profond. Le bouche \u00e0 oreille s&rsquo;est r\u00e9pandu \u00e0 une vitesse incroyable.<\/p>\n<p class=\"text-body font-regular leading-[24px] pt-[9px] pb-xxs\" dir=\"ltr\">Gelato n&rsquo;\u00e9tait pas seulement une nouvelle vari\u00e9t\u00e9, c&rsquo;\u00e9tait un ph\u00e9nom\u00e8ne culturel. Sa combinaison unique d&rsquo;un effet euphorisant et exaltant sur la t\u00eate et d&rsquo;un effet corporel relaxant et confortable la rendait exceptionnellement polyvalente. Les artistes, les musiciens et les cr\u00e9ateurs \u00e9taient attir\u00e9s par sa capacit\u00e9 \u00e0 inspirer la cr\u00e9ativit\u00e9 sans s\u00e9dation. Les connaisseurs louaient sa saveur et son ar\u00f4me complexes. Bient\u00f4t, Gelato n&rsquo;\u00e9tait plus seulement une vari\u00e9t\u00e9, mais une r\u00e9f\u00e9rence en mati\u00e8re de qualit\u00e9 et d&rsquo;innovation. Son ascension vers la c\u00e9l\u00e9brit\u00e9 a d\u00e9montr\u00e9 le pouvoir de la s\u00e9lection experte et l&rsquo;appr\u00e9ciation profonde du march\u00e9 pour le v\u00e9ritable artisanat, cimentant son statut de l\u00e9gende moderne dans le panth\u00e9on du cannabis.<\/p>\n","protected":false},"excerpt":{"rendered":"<p>Tous les Gelatos ne sont pas cr\u00e9\u00e9s de la m\u00eame mani\u00e8re. Nous avons la coupe officielle \u00ab\u00a0GUNO\u00a0\u00bb de Gelato. Les meilleurs \u00e9l\u00e9ments de Gelato dans un ph\u00e9no unique qui se caract\u00e9rise par un rendement \u00e9lev\u00e9 et un gaz lourd.<\/p>\n","protected":false},"featured_media":5481,"comment_status":"open","ping_status":"closed","template":"","meta":[],"product_brand":[],"product_cat":[404,414,417],"product_tag":[491,489,487,481,586],"class_list":{"0":"post-7400","1":"product","2":"type-product","3":"status-publish","4":"has-post-thumbnail","6":"product_cat-equilibre","7":"product_cat-graines-feminisees","8":"product_cat-hybride","9":"product_tag-equilibree","10":"product_tag-baie","11":"product_tag-reve-bleu","12":"product_tag-creative","13":"product_tag-hybride","15":"first","16":"instock","17":"taxable","18":"shipping-taxable","19":"purchasable","20":"product-type-variable"},"acf":[],"_links":{"self":[{"href":"https:\/\/officialcannabisseeds.com\/fr\/wp-json\/wp\/v2\/product\/7400","targetHints":{"allow":["GET"]}}],"collection":[{"href":"https:\/\/officialcannabisseeds.com\/fr\/wp-json\/wp\/v2\/product"}],"about":[{"href":"https:\/\/officialcannabisseeds.com\/fr\/wp-json\/wp\/v2\/types\/product"}],"replies":[{"embeddable":true,"href":"https:\/\/officialcannabisseeds.com\/fr\/wp-json\/wp\/v2\/comments?post=7400"}],"wp:featuredmedia":[{"embeddable":true,"href":"https:\/\/officialcannabisseeds.com\/fr\/wp-json\/wp\/v2\/media\/5481"}],"wp:attachment":[{"href":"https:\/\/officialcannabisseeds.com\/fr\/wp-json\/wp\/v2\/media?parent=7400"}],"wp:term":[{"taxonomy":"product_brand","embeddable":true,"href":"https:\/\/officialcannabisseeds.com\/fr\/wp-json\/wp\/v2\/product_brand?post=7400"},{"taxonomy":"product_cat","embeddable":true,"href":"https:\/\/officialcannabisseeds.com\/fr\/wp-json\/wp\/v2\/product_cat?post=7400"},{"taxonomy":"product_tag","embeddable":true,"href":"https:\/\/officialcannabisseeds.com\/fr\/wp-json\/wp\/v2\/product_tag?post=7400"}],"curies":[{"name":"wp","href":"https:\/\/api.w.org\/{rel}","templated":true}]}}