{"id":7420,"date":"2025-06-24T05:16:23","date_gmt":"2025-06-24T05:16:23","guid":{"rendered":"https:\/\/officialcannabisseeds.com\/shop\/raisin-de-cuve\/"},"modified":"2026-01-05T14:10:58","modified_gmt":"2026-01-05T14:10:58","slug":"raisin-de-cuve","status":"publish","type":"product","link":"https:\/\/officialcannabisseeds.com\/fr\/produit\/raisin-de-cuve\/","title":{"rendered":"Raisin de cuve"},"content":{"rendered":"<p>Dans les jardins sacr\u00e9s du nord de la Californie, o\u00f9 les s\u00e9quoias centenaires murmurent leurs secrets aux cultivateurs, la l\u00e9gendaire vari\u00e9t\u00e9 Grape Ape est n\u00e9e d&rsquo;un croisement exceptionnel. Cette indica v\u00e9n\u00e9r\u00e9e a vu le jour au d\u00e9but des ann\u00e9es 2000 gr\u00e2ce \u00e0 l&rsquo;union magistrale de la Mendocino Purps, de la Skunk #1 et de la mystique vari\u00e9t\u00e9 afghane \u2013 une combinaison que la tradition cannabique consid\u00e8re comme une \u00e9vidence.<\/p>\n<p>Les cr\u00e9ateurs de cette vari\u00e9t\u00e9, \u0153uvrant dans l&rsquo;ombre du triangle d&rsquo;\u00e9meraude du comt\u00e9 de Humboldt, ont soigneusement s\u00e9lectionn\u00e9 ces trois anc\u00eatres pour leurs vertus compl\u00e9mentaires. La Mendocino Purps lui a conf\u00e9r\u00e9 ses teintes pourpres profondes et son ar\u00f4me sucr\u00e9 de baies, tandis que la Skunk #1 lui a apport\u00e9 une g\u00e9n\u00e9tique puissante et une croissance r\u00e9guli\u00e8re. L&rsquo;ancienne lign\u00e9e afghane, quant \u00e0 elle, a conf\u00e9r\u00e9 la profonde relaxation corporelle qui a fait de la Grape Ape une pierre angulaire des traditions cannabiques th\u00e9rapeutiques.<\/p>\n<p>La l\u00e9gende raconte que les premiers plants de Grape Ape semblaient irradier d&rsquo;une lueur pourpre surnaturelle au cr\u00e9puscule, leurs bourgeons denses et r\u00e9sineux \u00e9voquant des grappes de raisin mythiques caress\u00e9es par la brume des montagnes. Son ar\u00f4me sucr\u00e9 et fruit\u00e9 si particulier, rappelant le Kool-Aid au raisin m\u00eal\u00e9 \u00e0 des notes terreuses, devint sa signature aupr\u00e8s de ceux qui cherchaient \u00e0 \u00e9chapper aux tracas du quotidien.<\/p>\n<p>Aujourd&rsquo;hui, la Grape Ape t\u00e9moigne d&rsquo;un art de la s\u00e9lection m\u00e9ticuleux, offrant une relaxation profonde et une tranquillit\u00e9 euphorique \u00e0 ceux qui appr\u00e9cient sa fum\u00e9e sacr\u00e9e. Son h\u00e9ritage continue de s&rsquo;\u00e9panouir dans les jardins du monde entier, perp\u00e9tuant la sagesse ancestrale de sa lign\u00e9e soigneusement choisie.<\/p>\n","protected":false},"excerpt":{"rendered":"<p>Une souche indica puissante avec un go\u00fbt de raisin distinctif et des effets de relaxation physique profonde<\/p>\n","protected":false},"featured_media":6398,"comment_status":"open","ping_status":"closed","template":"","meta":[],"product_brand":[],"product_cat":[414,424,437],"product_tag":[],"class_list":{"0":"post-7420","1":"product","2":"type-product","3":"status-publish","4":"has-post-thumbnail","6":"product_cat-graines-feminisees","7":"product_cat-indica","8":"product_cat-relaxante","10":"first","11":"instock","12":"taxable","13":"shipping-taxable","14":"purchasable","15":"product-type-variable"},"acf":[],"_links":{"self":[{"href":"https:\/\/officialcannabisseeds.com\/fr\/wp-json\/wp\/v2\/product\/7420","targetHints":{"allow":["GET"]}}],"collection":[{"href":"https:\/\/officialcannabisseeds.com\/fr\/wp-json\/wp\/v2\/product"}],"about":[{"href":"https:\/\/officialcannabisseeds.com\/fr\/wp-json\/wp\/v2\/types\/product"}],"replies":[{"embeddable":true,"href":"https:\/\/officialcannabisseeds.com\/fr\/wp-json\/wp\/v2\/comments?post=7420"}],"wp:featuredmedia":[{"embeddable":true,"href":"https:\/\/officialcannabisseeds.com\/fr\/wp-json\/wp\/v2\/media\/6398"}],"wp:attachment":[{"href":"https:\/\/officialcannabisseeds.com\/fr\/wp-json\/wp\/v2\/media?parent=7420"}],"wp:term":[{"taxonomy":"product_brand","embeddable":true,"href":"https:\/\/officialcannabisseeds.com\/fr\/wp-json\/wp\/v2\/product_brand?post=7420"},{"taxonomy":"product_cat","embeddable":true,"href":"https:\/\/officialcannabisseeds.com\/fr\/wp-json\/wp\/v2\/product_cat?post=7420"},{"taxonomy":"product_tag","embeddable":true,"href":"https:\/\/officialcannabisseeds.com\/fr\/wp-json\/wp\/v2\/product_tag?post=7420"}],"curies":[{"name":"wp","href":"https:\/\/api.w.org\/{rel}","templated":true}]}}