{"id":7480,"date":"2025-09-23T11:07:14","date_gmt":"2025-09-23T11:07:14","guid":{"rendered":"https:\/\/officialcannabisseeds.com\/shop\/kosher-kush-2\/"},"modified":"2026-01-02T15:33:57","modified_gmt":"2026-01-02T15:33:57","slug":"kosher-kush-2","status":"publish","type":"product","link":"https:\/\/officialcannabisseeds.com\/fr\/produit\/kosher-kush-2\/","title":{"rendered":"Kosher Kush"},"content":{"rendered":"","protected":false},"excerpt":{"rendered":"<p>Un hybride l\u00e9gendaire connu pour ses effets \u00e9quilibr\u00e9s et son ar\u00f4me de baies sucr\u00e9es<\/p>\n","protected":false},"featured_media":6451,"comment_status":"open","ping_status":"closed","template":"","meta":[],"product_brand":[],"product_cat":[404,414,417],"product_tag":[491,489,487,481,586],"class_list":{"0":"post-7480","1":"product","2":"type-product","3":"status-publish","4":"has-post-thumbnail","6":"product_cat-equilibre","7":"product_cat-graines-feminisees","8":"product_cat-hybride","9":"product_tag-equilibree","10":"product_tag-baie","11":"product_tag-reve-bleu","12":"product_tag-creative","13":"product_tag-hybride","15":"first","16":"instock","17":"taxable","18":"shipping-taxable","19":"purchasable","20":"product-type-variable"},"acf":[],"_links":{"self":[{"href":"https:\/\/officialcannabisseeds.com\/fr\/wp-json\/wp\/v2\/product\/7480","targetHints":{"allow":["GET"]}}],"collection":[{"href":"https:\/\/officialcannabisseeds.com\/fr\/wp-json\/wp\/v2\/product"}],"about":[{"href":"https:\/\/officialcannabisseeds.com\/fr\/wp-json\/wp\/v2\/types\/product"}],"replies":[{"embeddable":true,"href":"https:\/\/officialcannabisseeds.com\/fr\/wp-json\/wp\/v2\/comments?post=7480"}],"wp:featuredmedia":[{"embeddable":true,"href":"https:\/\/officialcannabisseeds.com\/fr\/wp-json\/wp\/v2\/media\/6451"}],"wp:attachment":[{"href":"https:\/\/officialcannabisseeds.com\/fr\/wp-json\/wp\/v2\/media?parent=7480"}],"wp:term":[{"taxonomy":"product_brand","embeddable":true,"href":"https:\/\/officialcannabisseeds.com\/fr\/wp-json\/wp\/v2\/product_brand?post=7480"},{"taxonomy":"product_cat","embeddable":true,"href":"https:\/\/officialcannabisseeds.com\/fr\/wp-json\/wp\/v2\/product_cat?post=7480"},{"taxonomy":"product_tag","embeddable":true,"href":"https:\/\/officialcannabisseeds.com\/fr\/wp-json\/wp\/v2\/product_tag?post=7480"}],"curies":[{"name":"wp","href":"https:\/\/api.w.org\/{rel}","templated":true}]}}