{"id":7500,"date":"2025-09-30T15:24:51","date_gmt":"2025-09-30T15:24:51","guid":{"rendered":"https:\/\/officialcannabisseeds.com\/shop\/kush-mints\/"},"modified":"2026-01-02T15:37:01","modified_gmt":"2026-01-02T15:37:01","slug":"kush-mints","status":"publish","type":"product","link":"https:\/\/officialcannabisseeds.com\/fr\/produit\/kush-mints\/","title":{"rendered":"Menthes Kush"},"content":{"rendered":"<p class=\"text-body font-regular leading-[24px] pt-[9px] pb-xxs\" dir=\"ltr\">Dans les annales de l?histoire du cannabis, certains cultivars servent de piliers fondamentaux sur lesquels des dynasties g\u00e9n\u00e9tiques enti\u00e8res sont construites. Ce ne sont pas simplement des vari\u00e9t\u00e9s populaires, ce sont des pierres angulaires g\u00e9n\u00e9tiques qui red\u00e9finissent le paysage. Voici l?histoire d\u00e9finitive de la Kush Mints, une vari\u00e9t\u00e9 dont la s\u00e9lection impeccable et l?influence profonde ont ciment\u00e9 sa place en tant que chapitre essentiel de l?\u00e9volution du cannabis moderne.<\/p>\n<p class=\"text-body font-regular leading-[24px] pt-[9px] pb-xxs\" dir=\"ltr\">L?h\u00e9ritage de la Kush Mints commence avec Seed Junky Genetics, un collectif de s\u00e9lection d\u00e9j\u00e0 v\u00e9n\u00e9r\u00e9 pour ses standards intransigeants et sa biblioth\u00e8que g\u00e9n\u00e9tique d?\u00e9lite. Leur but n?\u00e9tait pas de suivre une tendance \u00e9ph\u00e9m\u00e8re mais de cr\u00e9er une nouvelle base pour de futurs projets de s\u00e9lection. Ils ont imagin\u00e9 une vari\u00e9t\u00e9 avec un \u00e9quilibre parfait entre la structure classique de la Kush, l?attrait contemporain du sac et un profil terp\u00e9nique unique et inoubliable. La lign\u00e9e choisie a \u00e9t\u00e9 un coup de ma\u00eetre de perspicacit\u00e9 g\u00e9n\u00e9tique : la puissante et savoureuse Animal Mints crois\u00e9e avec la l\u00e9gendaire Bubba Kush.<\/p>\n<p class=\"text-body font-regular leading-[24px] pt-[9px] pb-xxs\" dir=\"ltr\">Il s&rsquo;agissait d&rsquo;une association d\u00e9lib\u00e9r\u00e9e et strat\u00e9gique. La Bubba Kush, une ic\u00f4ne d&rsquo;avant 1998, a apport\u00e9 ses c\u00e9l\u00e8bres effets tranquillisants, sa structure de bourgeons dense et un ar\u00f4me de haschisch profond et terreux. L&rsquo;Animal Mints, elle-m\u00eame un hybride complexe d&rsquo;Animal Cookies et de SinMint Cookies, a apport\u00e9 sa formidable puissance et un funk tranchant de menthe et de biscuit. La fusion de ces deux puissances a \u00e9t\u00e9 con\u00e7ue pour cr\u00e9er une \u00ab\u00a0souche de s\u00e9lectionneur\u00a0\u00bb &#8211; un cultivar si stable, si puissant et si unique qu&rsquo;il deviendrait un parent inestimable pour une nouvelle g\u00e9n\u00e9ration d&rsquo;hybrides.<\/p>\n<p class=\"text-body font-regular leading-[24px] pt-[9px] pb-xxs\" dir=\"ltr\">De ce croisement, la Kush Mints est apparue comme le ph\u00e9notype champion incontest\u00e9. Ce fut une r\u00e9v\u00e9lation imm\u00e9diate. La plante pr\u00e9sentait les meilleurs traits de son h\u00e9ritage : la structure robuste et compacte de la Bubba Kush combin\u00e9e \u00e0 la production stup\u00e9fiante de trichomes de l&rsquo;Animal Mints. Les t\u00eates \u00e9taient denses, parfaitement form\u00e9es et recouvertes d&rsquo;une \u00e9paisse couche de r\u00e9sine qui t\u00e9moignait de leur immense puissance. Son profil terp\u00e9nique \u00e9tait r\u00e9volutionnaire &#8211; un m\u00e9lange sophistiqu\u00e9 de menthe piquante, de pin terreux et d&rsquo;un arri\u00e8re-go\u00fbt sucr\u00e9 de p\u00e2te \u00e0 biscuit. Elle \u00e9tait complexe, puissante et tout \u00e0 fait distincte.<\/p>\n<p class=\"text-body font-regular leading-[24px] pt-[9px] pb-xxs\" dir=\"ltr\">Bien que la Kush Mints soit rapidement devenue la favorite des connaisseurs, sa v\u00e9ritable importance historique r\u00e9side dans son r\u00f4le d&rsquo;\u00e9l\u00e9ment g\u00e9n\u00e9tique. Les s\u00e9lectionneurs ont imm\u00e9diatement reconnu son potentiel. Sa g\u00e9n\u00e9tique stable, ses niveaux \u00e9lev\u00e9s de THC et sa saveur unique en ont fait le parent parfait pour cr\u00e9er de nouveaux croisements passionnants. Son code g\u00e9n\u00e9tique est devenu une cl\u00e9 pour d\u00e9bloquer de nouvelles combinaisons de terp\u00e8nes et am\u00e9liorer la puissance dans les g\u00e9n\u00e9rations suivantes.<\/p>\n<p class=\"text-body font-regular leading-[24px] pt-[9px] pb-xxs\" dir=\"ltr\">D&rsquo;innombrables vari\u00e9t\u00e9s prim\u00e9es et commercialement dominantes portent aujourd&rsquo;hui la lign\u00e9e Kush Mints. Son influence t\u00e9moigne de la clairvoyance de ses cr\u00e9ateurs. Elle est devenue plus qu&rsquo;une simple vari\u00e9t\u00e9 \u00e0 consommer ; elle est devenue un outil d&rsquo;innovation, une cl\u00e9 g\u00e9n\u00e9tique qui a fa\u00e7onn\u00e9 le march\u00e9 moderne du cannabis. L&rsquo;histoire de Kush Mints est une le\u00e7on puissante dans l&rsquo;art de la s\u00e9lection : l&rsquo;h\u00e9ritage le plus durable n&rsquo;appartient pas seulement \u00e0 la fleur qui s&rsquo;\u00e9panouit, mais \u00e0 la graine qui donne naissance \u00e0 toute une for\u00eat. Elle est un classique moderne, une vari\u00e9t\u00e9 pivot qui sera respect\u00e9e et utilis\u00e9e dans les d\u00e9cennies \u00e0 venir.<\/p>\n","protected":false},"excerpt":{"rendered":"<p>Bubba Kush x Animal Mints<\/p>\n","protected":false},"featured_media":6275,"comment_status":"open","ping_status":"closed","template":"","meta":[],"product_brand":[],"product_cat":[404,414,417],"product_tag":[491,489,487,481,586],"class_list":{"0":"post-7500","1":"product","2":"type-product","3":"status-publish","4":"has-post-thumbnail","6":"product_cat-equilibre","7":"product_cat-graines-feminisees","8":"product_cat-hybride","9":"product_tag-equilibree","10":"product_tag-baie","11":"product_tag-reve-bleu","12":"product_tag-creative","13":"product_tag-hybride","15":"first","16":"instock","17":"taxable","18":"shipping-taxable","19":"purchasable","20":"product-type-variable"},"acf":[],"_links":{"self":[{"href":"https:\/\/officialcannabisseeds.com\/fr\/wp-json\/wp\/v2\/product\/7500","targetHints":{"allow":["GET"]}}],"collection":[{"href":"https:\/\/officialcannabisseeds.com\/fr\/wp-json\/wp\/v2\/product"}],"about":[{"href":"https:\/\/officialcannabisseeds.com\/fr\/wp-json\/wp\/v2\/types\/product"}],"replies":[{"embeddable":true,"href":"https:\/\/officialcannabisseeds.com\/fr\/wp-json\/wp\/v2\/comments?post=7500"}],"wp:featuredmedia":[{"embeddable":true,"href":"https:\/\/officialcannabisseeds.com\/fr\/wp-json\/wp\/v2\/media\/6275"}],"wp:attachment":[{"href":"https:\/\/officialcannabisseeds.com\/fr\/wp-json\/wp\/v2\/media?parent=7500"}],"wp:term":[{"taxonomy":"product_brand","embeddable":true,"href":"https:\/\/officialcannabisseeds.com\/fr\/wp-json\/wp\/v2\/product_brand?post=7500"},{"taxonomy":"product_cat","embeddable":true,"href":"https:\/\/officialcannabisseeds.com\/fr\/wp-json\/wp\/v2\/product_cat?post=7500"},{"taxonomy":"product_tag","embeddable":true,"href":"https:\/\/officialcannabisseeds.com\/fr\/wp-json\/wp\/v2\/product_tag?post=7500"}],"curies":[{"name":"wp","href":"https:\/\/api.w.org\/{rel}","templated":true}]}}