{"id":7520,"date":"2025-06-24T05:16:24","date_gmt":"2025-06-24T05:16:24","guid":{"rendered":"https:\/\/officialcannabisseeds.com\/shop\/lambs-breath-2\/"},"modified":"2026-01-05T10:47:54","modified_gmt":"2026-01-05T10:47:54","slug":"lambs-breath-2","status":"publish","type":"product","link":"https:\/\/officialcannabisseeds.com\/fr\/produit\/lambs-breath-2\/","title":{"rendered":"Haleine d&rsquo;agneau"},"content":{"rendered":"<p>Sous le soleil dor\u00e9 des collines luxuriantes de la Jama\u00efque, une vari\u00e9t\u00e9 unique en son genre aurait \u00e9t\u00e9 offerte au monde. La Lamb&rsquo;s Breath, souvent murmur\u00e9e avec respect, occupe une place de choix dans le folklore cannabique comme une vari\u00e9t\u00e9 l\u00e9gendaire \u00e0 dominance sativa, v\u00e9n\u00e9r\u00e9e pour ses effets stimulants et \u00e9nergisants. On raconte que cette vari\u00e9t\u00e9 \u00e9tait la pr\u00e9f\u00e9r\u00e9e de Bob Marley en personne, qui la surnommait \u00ab le souffle de la vie \u00bb.<\/p>\n<p>Les origines de la Lamb&rsquo;s Breath restent nimb\u00e9es de myst\u00e8re, bien que les l\u00e9gendes locales racontent qu&rsquo;elle a \u00e9clos naturellement dans les sols fertiles des Cara\u00efbes, nourrie par les pluies tropicales et caress\u00e9e par les aliz\u00e9s chauds. Son ascendance suppos\u00e9e serait li\u00e9e \u00e0 une vari\u00e9t\u00e9 locale rare, originaire de l&rsquo;\u00eele, impr\u00e9gn\u00e9e d&rsquo;un esprit de vitalit\u00e9 et de cr\u00e9ativit\u00e9 incomparable.<\/p>\n<p>La l\u00e9gende d\u00e9crit des plants de Lamb&rsquo;s Breath aux teintes vert vif et jaune, leurs bourgeons si givr\u00e9s de r\u00e9sine qu&rsquo;ils semblaient scintiller sous le soleil jama\u00efcain. L&rsquo;ar\u00f4me de cette vari\u00e9t\u00e9, un m\u00e9lange inoubliable d&rsquo;herbes douces et de pin terreux, rehauss\u00e9 d&rsquo;une pointe d&rsquo;agrumes cr\u00e9meux, se r\u00e9pandait dans le vent comme un chant ancestral.<\/p>\n<p>Les connaisseurs du cannabis consid\u00e8rent Lamb&rsquo;s Breath comme bien plus qu&rsquo;une simple vari\u00e9t\u00e9\u00a0: c&rsquo;est l&rsquo;inspiration incarn\u00e9e. R\u00e9put\u00e9e pour favoriser la concentration, le bonheur et une clart\u00e9 profonde, elle est devenue une compagne sacr\u00e9e pour les visionnaires et les r\u00eaveurs \u00e0 travers les g\u00e9n\u00e9rations. Son h\u00e9ritage perdure, c\u00e9l\u00e9br\u00e9 par les passionn\u00e9s et les cultivateurs qui v\u00e9n\u00e8rent Lamb&rsquo;s Breath comme un lien embl\u00e9matique avec les racines les plus profondes de la culture cannabique.<\/p>\n","protected":false},"excerpt":{"rendered":"<p>Une sativa jama\u00efcaine l\u00e9gendaire aux effets stimulants et \u00e0 l&rsquo;ar\u00f4me herbac\u00e9 distinctif<\/p>\n","protected":false},"featured_media":3511,"comment_status":"open","ping_status":"closed","template":"","meta":[],"product_brand":[],"product_cat":[449,414,444],"product_tag":[472,481,570,576,584],"class_list":{"0":"post-7520","1":"product","2":"type-product","3":"status-publish","4":"has-post-thumbnail","6":"product_cat-edifiante","7":"product_cat-graines-feminisees","8":"product_cat-sativa","9":"product_tag-a-base-de-plantes","10":"product_tag-creative","11":"product_tag-edifiant","12":"product_tag-sativa","13":"product_tag-souffle-dagneau","15":"first","16":"instock","17":"taxable","18":"shipping-taxable","19":"purchasable","20":"product-type-variable"},"acf":[],"_links":{"self":[{"href":"https:\/\/officialcannabisseeds.com\/fr\/wp-json\/wp\/v2\/product\/7520","targetHints":{"allow":["GET"]}}],"collection":[{"href":"https:\/\/officialcannabisseeds.com\/fr\/wp-json\/wp\/v2\/product"}],"about":[{"href":"https:\/\/officialcannabisseeds.com\/fr\/wp-json\/wp\/v2\/types\/product"}],"replies":[{"embeddable":true,"href":"https:\/\/officialcannabisseeds.com\/fr\/wp-json\/wp\/v2\/comments?post=7520"}],"wp:featuredmedia":[{"embeddable":true,"href":"https:\/\/officialcannabisseeds.com\/fr\/wp-json\/wp\/v2\/media\/3511"}],"wp:attachment":[{"href":"https:\/\/officialcannabisseeds.com\/fr\/wp-json\/wp\/v2\/media?parent=7520"}],"wp:term":[{"taxonomy":"product_brand","embeddable":true,"href":"https:\/\/officialcannabisseeds.com\/fr\/wp-json\/wp\/v2\/product_brand?post=7520"},{"taxonomy":"product_cat","embeddable":true,"href":"https:\/\/officialcannabisseeds.com\/fr\/wp-json\/wp\/v2\/product_cat?post=7520"},{"taxonomy":"product_tag","embeddable":true,"href":"https:\/\/officialcannabisseeds.com\/fr\/wp-json\/wp\/v2\/product_tag?post=7520"}],"curies":[{"name":"wp","href":"https:\/\/api.w.org\/{rel}","templated":true}]}}