{"id":7540,"date":"2025-06-24T05:16:25","date_gmt":"2025-06-24T05:16:25","guid":{"rendered":"https:\/\/officialcannabisseeds.com\/shop\/lemon-kush-2\/"},"modified":"2026-01-05T10:58:45","modified_gmt":"2026-01-05T10:58:45","slug":"lemon-kush-2","status":"publish","type":"product","link":"https:\/\/officialcannabisseeds.com\/fr\/produit\/lemon-kush-2\/","title":{"rendered":"Lemon Kush"},"content":{"rendered":"<p>Dans les vall\u00e9es ensoleill\u00e9es du c\u0153ur cannabique californien, o\u00f9 les brises du Pacifique charrient le parfum des agrumes sauvages, la c\u00e9l\u00e8bre vari\u00e9t\u00e9 Lemon Kush est n\u00e9e d&rsquo;une alliance de lign\u00e9es l\u00e9gendaires. Ce joyau \u00e0 dominance indica a vu le jour \u00e0 la fin des ann\u00e9es 2000 gr\u00e2ce \u00e0 l&rsquo;union mystique de Master Kush et de Lemon Joy, un mariage que les experts du cannabis affirment avoir \u00e9t\u00e9 pr\u00e9destin\u00e9 au-dessus des terres fertiles de l&rsquo;\u00c9tat dor\u00e9.<\/p>\n<p>Sous le regard bienveillant du soleil \u00e9ternel de la Californie du Sud, les cr\u00e9ateurs de cette vari\u00e9t\u00e9 ont cherch\u00e9 \u00e0 capturer l&rsquo;essence m\u00eame de l&rsquo;\u00e9t\u00e9 dans des bourgeons cristallins. Master Kush a apport\u00e9 sa g\u00e9n\u00e9tique royale afghane, conf\u00e9rant une relaxation profonde et la base solide qui allait ancrer la puissance l\u00e9gendaire de la vari\u00e9t\u00e9. Lemon Joy a offert son \u00e2me d&rsquo;agrumes lumineuse, infusant chaque fleur de l&rsquo;essence \u00e9clatante de citrons fra\u00eechement pel\u00e9s caress\u00e9s par la ros\u00e9e du matin.<\/p>\n<p>Les cultivateurs d&rsquo;antan racontent comment les premiers jardins de Lemon Kush semblaient resplendir d&rsquo;une lumi\u00e8re dor\u00e9e \u00e0 l&rsquo;aube, leurs t\u00eates denses et r\u00e9sineuses exhalant un bouquet enivrant m\u00ealant les notes terreuses du kush \u00e0 la fra\u00eecheur acidul\u00e9e du citron. Cette symphonie aromatique devint la signature divine de la vari\u00e9t\u00e9, imm\u00e9diatement reconnaissable par ceux qui \u00e9taient initi\u00e9s \u00e0 ses myst\u00e8res sacr\u00e9s.<\/p>\n<p>La l\u00e9gende veut que la Lemon Kush poss\u00e8de le don rare d&rsquo;\u00e9lever l&rsquo;esprit tout en plongeant le corps dans une profonde tranquillit\u00e9. Son h\u00e9ritage perdure dans les jardins du monde entier, o\u00f9 les cultivateurs continuent d&rsquo;honorer le savoir-faire ancestral qui a donn\u00e9 naissance \u00e0 ce tr\u00e9sor d&rsquo;agrumes, pr\u00e9servant \u00e0 jamais l&rsquo;harmonie entre la terre et le soleil.<\/p>\n","protected":false},"excerpt":{"rendered":"<p>Un hybride \u00e9quilibr\u00e9 avec une saveur d&rsquo;agrumes brillante et des effets \u00e0 la fois stimulants et relaxants.<\/p>\n","protected":false},"featured_media":3529,"comment_status":"open","ping_status":"closed","template":"","meta":[],"product_brand":[],"product_cat":[],"product_tag":[586],"class_list":{"0":"post-7540","1":"product","2":"type-product","3":"status-publish","4":"has-post-thumbnail","6":"product_tag-hybride","8":"first","9":"instock","10":"taxable","11":"shipping-taxable","12":"purchasable","13":"product-type-variable"},"acf":[],"_links":{"self":[{"href":"https:\/\/officialcannabisseeds.com\/fr\/wp-json\/wp\/v2\/product\/7540","targetHints":{"allow":["GET"]}}],"collection":[{"href":"https:\/\/officialcannabisseeds.com\/fr\/wp-json\/wp\/v2\/product"}],"about":[{"href":"https:\/\/officialcannabisseeds.com\/fr\/wp-json\/wp\/v2\/types\/product"}],"replies":[{"embeddable":true,"href":"https:\/\/officialcannabisseeds.com\/fr\/wp-json\/wp\/v2\/comments?post=7540"}],"wp:featuredmedia":[{"embeddable":true,"href":"https:\/\/officialcannabisseeds.com\/fr\/wp-json\/wp\/v2\/media\/3529"}],"wp:attachment":[{"href":"https:\/\/officialcannabisseeds.com\/fr\/wp-json\/wp\/v2\/media?parent=7540"}],"wp:term":[{"taxonomy":"product_brand","embeddable":true,"href":"https:\/\/officialcannabisseeds.com\/fr\/wp-json\/wp\/v2\/product_brand?post=7540"},{"taxonomy":"product_cat","embeddable":true,"href":"https:\/\/officialcannabisseeds.com\/fr\/wp-json\/wp\/v2\/product_cat?post=7540"},{"taxonomy":"product_tag","embeddable":true,"href":"https:\/\/officialcannabisseeds.com\/fr\/wp-json\/wp\/v2\/product_tag?post=7540"}],"curies":[{"name":"wp","href":"https:\/\/api.w.org\/{rel}","templated":true}]}}