{"id":7580,"date":"2025-09-23T11:05:07","date_gmt":"2025-09-23T11:05:07","guid":{"rendered":"https:\/\/officialcannabisseeds.com\/shop\/oreoz-2\/"},"modified":"2026-01-02T17:55:23","modified_gmt":"2026-01-02T17:55:23","slug":"oreoz-2","status":"publish","type":"product","link":"https:\/\/officialcannabisseeds.com\/fr\/produit\/oreoz-2\/","title":{"rendered":"Oreoz"},"content":{"rendered":"<p class=\"text-body font-regular leading-[24px] pt-[9px] pb-xxs\" dir=\"ltr\">De temps en temps, un cultivar \u00e9merge qui ne se contente pas de participer \u00e0 la conversation &#8211; il la domine. C&rsquo;est l&rsquo;histoire d&rsquo;Oreoz, une vari\u00e9t\u00e9 dont la lign\u00e9e calcul\u00e9e et le succ\u00e8s commercial explosif repr\u00e9sentent une classe de ma\u00eetre dans l&rsquo;art g\u00e9n\u00e9tique moderne. Son ascension est un testament de ce qui arrive quand un h\u00e9ritage puissant rencontre un attrait commercial ind\u00e9niable.<\/p>\n<p class=\"text-body font-regular leading-[24px] pt-[9px] pb-xxs\" dir=\"ltr\">La gen\u00e8se d&rsquo;Oreoz est due aux s\u00e9lectionneurs visionnaires de 3rd Coast Genetics, une \u00e9quipe connue pour son approche m\u00e9thodique et sa biblioth\u00e8que g\u00e9n\u00e9tique d&rsquo;\u00e9lite. L&rsquo;objectif \u00e9tait clair : cr\u00e9er une vari\u00e9t\u00e9 qui offrirait un profil aromatique de dessert sans sacrifier la puissance de premier ordre. L&rsquo;architecture g\u00e9n\u00e9tique de ce projet \u00e9tait ambitieuse, associant deux cultivars puissants : la Cookies and Cream, visuellement stup\u00e9fiante et savoureuse, et la Secret Weapon, profond\u00e9ment puissante et myst\u00e9rieuse.<\/p>\n<p class=\"text-body font-regular leading-[24px] pt-[9px] pb-xxs\" dir=\"ltr\">Il s&rsquo;agissait d&rsquo;un couplage g\u00e9n\u00e9tique aux enjeux \u00e9lev\u00e9s. Cookies and Cream, un croisement de Starfighter et de GSC, a apport\u00e9 sa c\u00e9l\u00e8bre saveur de vanille sucr\u00e9e et sa structure dense et charg\u00e9e de trichomes. Secret Weapon, un hybride puissant dont la lign\u00e9e comprend la White Widow, a apport\u00e9 ses formidables niveaux de THC et ses nuances complexes et terreuses. L&rsquo;objectif de la pollinisation crois\u00e9e \u00e9tait d&rsquo;isoler un ph\u00e9notype qui synth\u00e9tisait parfaitement ces caract\u00e9ristiques &#8211; une plante qui avait l&rsquo;apparence, l&rsquo;odeur et la sensation d&rsquo;une exp\u00e9rience de luxe.<\/p>\n<p class=\"text-body font-regular leading-[24px] pt-[9px] pb-xxs\" dir=\"ltr\">Le r\u00e9sultat de ce processus de s\u00e9lection m\u00e9ticuleux fut l&rsquo;Oreoz. D\u00e8s sa premi\u00e8re apparition, il \u00e9tait \u00e9vident qu&rsquo;il s&rsquo;agissait d&rsquo;un cultivar sp\u00e9cial. La vari\u00e9t\u00e9 produisait des t\u00eates incroyablement denses et sombres, pr\u00e9sentant souvent des teintes violettes et vertes profondes, le tout envelopp\u00e9 d&rsquo;une \u00e9paisse couverture cristalline de trichomes qui lui donnait un aspect givr\u00e9. Le nom convenait parfaitement, \u00e9voquant le contraste visuel et le riche ar\u00f4me de biscuit au chocolat et de cr\u00e8me qui d\u00e9finissait son profil terp\u00e9nique. Le parfum \u00e9tait un m\u00e9lange complexe de chocolat sucr\u00e9, de caf\u00e9 aux noix et d&rsquo;une finale cr\u00e9meuse et gazeuse \u00e0 la fois unique et intens\u00e9ment d\u00e9sirable.<\/p>\n<p class=\"text-body font-regular leading-[24px] pt-[9px] pb-xxs\" dir=\"ltr\">Lorsque l&rsquo;Oreoz est arriv\u00e9e sur le march\u00e9 commercial, son ascension a \u00e9t\u00e9 fulgurante. Elle est arriv\u00e9e \u00e0 une \u00e9poque o\u00f9 les consommateurs recherchaient activement de nouveaux profils terp\u00e9niques sur le th\u00e8me des desserts, et son nom et son ar\u00f4me ont cr\u00e9\u00e9 une connexion instantan\u00e9e. Mais ce sont les effets profonds de la vari\u00e9t\u00e9 qui ont assur\u00e9 son r\u00e8gne commercial. Avec des niveaux de THC souvent sup\u00e9rieurs \u00e0 20, voire inf\u00e9rieurs \u00e0 30, l&rsquo;Oreoz a procur\u00e9 une exp\u00e9rience puissante et durable marqu\u00e9e par une profonde relaxation physique et un \u00e9tat d&rsquo;esprit b\u00e9at et euphorique.<\/p>\n<p class=\"text-body font-regular leading-[24px] pt-[9px] pb-xxs\" dir=\"ltr\">Les dispensaires se sont battus pour la garder en stock alors que la nouvelle se r\u00e9pandait dans les m\u00e9dias sociaux et les cercles de connaisseurs. Ce n&rsquo;\u00e9tait pas seulement une vari\u00e9t\u00e9, c&rsquo;\u00e9tait un symbole de statut, un essai incontournable pour tous ceux qui prennent le cannabis au s\u00e9rieux. Le succ\u00e8s commercial d&rsquo;Oreoz n&rsquo;\u00e9tait pas un accident. C&rsquo;\u00e9tait le r\u00e9sultat direct d&rsquo;une strat\u00e9gie de s\u00e9lection brillante qui a anticip\u00e9 les tendances du march\u00e9 et a fourni un produit d&rsquo;une qualit\u00e9 sans compromis, cimentant son h\u00e9ritage en tant que titan moderne de l&rsquo;industrie du cannabis.<\/p>\n","protected":false},"excerpt":{"rendered":"<p>Une tache moderne connue pour faire tourner les t\u00eates avec sa touche cr\u00e9meuse.<\/p>\n<p>Genetics : Cookies &amp; Cream x Secret Weapon<\/p>\n","protected":false},"featured_media":5531,"comment_status":"open","ping_status":"closed","template":"","meta":[],"product_brand":[],"product_cat":[404,414,417],"product_tag":[491,489,487,481,586],"class_list":{"0":"post-7580","1":"product","2":"type-product","3":"status-publish","4":"has-post-thumbnail","6":"product_cat-equilibre","7":"product_cat-graines-feminisees","8":"product_cat-hybride","9":"product_tag-equilibree","10":"product_tag-baie","11":"product_tag-reve-bleu","12":"product_tag-creative","13":"product_tag-hybride","15":"first","16":"instock","17":"taxable","18":"shipping-taxable","19":"purchasable","20":"product-type-variable"},"acf":[],"_links":{"self":[{"href":"https:\/\/officialcannabisseeds.com\/fr\/wp-json\/wp\/v2\/product\/7580","targetHints":{"allow":["GET"]}}],"collection":[{"href":"https:\/\/officialcannabisseeds.com\/fr\/wp-json\/wp\/v2\/product"}],"about":[{"href":"https:\/\/officialcannabisseeds.com\/fr\/wp-json\/wp\/v2\/types\/product"}],"replies":[{"embeddable":true,"href":"https:\/\/officialcannabisseeds.com\/fr\/wp-json\/wp\/v2\/comments?post=7580"}],"wp:featuredmedia":[{"embeddable":true,"href":"https:\/\/officialcannabisseeds.com\/fr\/wp-json\/wp\/v2\/media\/5531"}],"wp:attachment":[{"href":"https:\/\/officialcannabisseeds.com\/fr\/wp-json\/wp\/v2\/media?parent=7580"}],"wp:term":[{"taxonomy":"product_brand","embeddable":true,"href":"https:\/\/officialcannabisseeds.com\/fr\/wp-json\/wp\/v2\/product_brand?post=7580"},{"taxonomy":"product_cat","embeddable":true,"href":"https:\/\/officialcannabisseeds.com\/fr\/wp-json\/wp\/v2\/product_cat?post=7580"},{"taxonomy":"product_tag","embeddable":true,"href":"https:\/\/officialcannabisseeds.com\/fr\/wp-json\/wp\/v2\/product_tag?post=7580"}],"curies":[{"name":"wp","href":"https:\/\/api.w.org\/{rel}","templated":true}]}}