{"id":7620,"date":"2025-06-24T05:16:22","date_gmt":"2025-06-24T05:16:22","guid":{"rendered":"https:\/\/officialcannabisseeds.com\/shop\/sour-diesel-2\/"},"modified":"2026-01-05T10:54:04","modified_gmt":"2026-01-05T10:54:04","slug":"sour-diesel-2","status":"publish","type":"product","link":"https:\/\/officialcannabisseeds.com\/fr\/produit\/sour-diesel-2\/","title":{"rendered":"Diesel acide"},"content":{"rendered":"<p>La Sour Diesel n&rsquo;est pas qu&rsquo;une simple vari\u00e9t\u00e9, c&rsquo;est un morceau d&rsquo;histoire. N\u00e9e de la puissance iconique de la Chem Dog, la Sour Diesel poss\u00e8de cet ar\u00f4me inimitable de carburant et cette saveur d&rsquo;agrumes qui ont marqu\u00e9 toute une g\u00e9n\u00e9ration de fumeurs. Et elle perdure.<\/p>\n<p>La Sour Diesel, alias \u00ab Sour D \u00bb, a acquis une notori\u00e9t\u00e9 sulfureuse sur la c\u00f4te Est am\u00e9ricaine dans les ann\u00e9es 90, \u00e0 une \u00e9poque de bouleversements culturels o\u00f9 la sc\u00e8ne underground r\u00e9clamait de la puissance. La Sour D a r\u00e9pondu pr\u00e9sente : un effet puissant et durable, stimulant l&rsquo;esprit et prolongeant les nuits. La Sour Diesel est devenue la vari\u00e9t\u00e9 de pr\u00e9dilection des artistes, des fumeurs r\u00e9guliers et des insomniaques en qu\u00eate de concentration et d&rsquo;\u00e9nergie. Elle est \u00e9galement devenue une vari\u00e9t\u00e9 l\u00e9gendaire, cit\u00e9e dans les chansons et souvent imit\u00e9e.<\/p>\n<p>Sa saveur est \u00e0 la fois brute et limpide : un ar\u00f4me puissant de carburant, une pointe de citron et des notes \u00e9pic\u00e9es et terreuses. Son effet est tout aussi durable : un high stimulant et \u00e9lectrisant qui ne s&rsquo;estompe pas. Des d\u00e9cennies plus tard, la Sour Diesel inspire toujours le respect. Ce n&rsquo;est pas de la nostalgie ; C&rsquo;est une preuve de force qui r\u00e9siste \u00e0 l&rsquo;\u00e9preuve du temps.<\/p>\n<p>De ses origines Chem Dog \u00e0 son ascension sur la c\u00f4te Est, la Sour Diesel est bien plus qu&rsquo;une simple fum\u00e9e\u00a0: c&rsquo;est une r\u00e9f\u00e9rence, une survivante, une l\u00e9gende qui refuse de s&rsquo;\u00e9teindre. Crossese, etc.<\/p>\n","protected":false},"excerpt":{"rendered":"<p>Une vari\u00e9t\u00e9 \u00e0 action rapide avec des effets c\u00e9r\u00e9braux \u00e9nergisants et r\u00eaveurs et un ar\u00f4me piquant de diesel.<\/p>\n","protected":false},"featured_media":6372,"comment_status":"open","ping_status":"closed","template":"","meta":[],"product_brand":[],"product_cat":[],"product_tag":[479],"class_list":{"0":"post-7620","1":"product","2":"type-product","3":"status-publish","4":"has-post-thumbnail","6":"product_tag-diesel","8":"first","9":"instock","10":"taxable","11":"shipping-taxable","12":"purchasable","13":"product-type-variable"},"acf":[],"_links":{"self":[{"href":"https:\/\/officialcannabisseeds.com\/fr\/wp-json\/wp\/v2\/product\/7620","targetHints":{"allow":["GET"]}}],"collection":[{"href":"https:\/\/officialcannabisseeds.com\/fr\/wp-json\/wp\/v2\/product"}],"about":[{"href":"https:\/\/officialcannabisseeds.com\/fr\/wp-json\/wp\/v2\/types\/product"}],"replies":[{"embeddable":true,"href":"https:\/\/officialcannabisseeds.com\/fr\/wp-json\/wp\/v2\/comments?post=7620"}],"wp:featuredmedia":[{"embeddable":true,"href":"https:\/\/officialcannabisseeds.com\/fr\/wp-json\/wp\/v2\/media\/6372"}],"wp:attachment":[{"href":"https:\/\/officialcannabisseeds.com\/fr\/wp-json\/wp\/v2\/media?parent=7620"}],"wp:term":[{"taxonomy":"product_brand","embeddable":true,"href":"https:\/\/officialcannabisseeds.com\/fr\/wp-json\/wp\/v2\/product_brand?post=7620"},{"taxonomy":"product_cat","embeddable":true,"href":"https:\/\/officialcannabisseeds.com\/fr\/wp-json\/wp\/v2\/product_cat?post=7620"},{"taxonomy":"product_tag","embeddable":true,"href":"https:\/\/officialcannabisseeds.com\/fr\/wp-json\/wp\/v2\/product_tag?post=7620"}],"curies":[{"name":"wp","href":"https:\/\/api.w.org\/{rel}","templated":true}]}}