{"id":7941,"date":"2026-01-05T15:03:27","date_gmt":"2026-01-05T15:03:27","guid":{"rendered":"https:\/\/officialcannabisseeds.com\/shop\/chapeau-cendrillon-99\/"},"modified":"2026-01-05T15:03:29","modified_gmt":"2026-01-05T15:03:29","slug":"chapeau-cendrillon-99","status":"publish","type":"product","link":"https:\/\/officialcannabisseeds.com\/fr\/produit\/chapeau-cendrillon-99\/","title":{"rendered":"Chapeau Cendrillon 99"},"content":{"rendered":"<p>Compl\u00e9tez votre look avec ce chapeau de qualit\u00e9 sup\u00e9rieure de la vari\u00e9t\u00e9 Cinderella 99, orn\u00e9 de notre timbre de cannabis brod\u00e9 Cinderella 99. Ce chapeau ajustable est confortable pour \u00eatre port\u00e9 toute la journ\u00e9e et parfait pour montrer votre appr\u00e9ciation de cette puissante vari\u00e9t\u00e9.<\/p>\n","protected":false},"excerpt":{"rendered":"<p>Chapeau Premium Cinderella 99 avec timbre brod\u00e9 sur le cannabis<\/p>\n","protected":false},"featured_media":5394,"comment_status":"open","ping_status":"closed","template":"","meta":[],"product_brand":[],"product_cat":[56],"product_tag":[],"class_list":{"0":"post-7941","1":"product","2":"type-product","3":"status-publish","4":"has-post-thumbnail","6":"product_types-hat","7":"product_cat-non-categorise","9":"first","10":"instock","11":"taxable","12":"shipping-taxable","13":"purchasable","14":"product-type-variable"},"acf":[],"_links":{"self":[{"href":"https:\/\/officialcannabisseeds.com\/fr\/wp-json\/wp\/v2\/product\/7941","targetHints":{"allow":["GET"]}}],"collection":[{"href":"https:\/\/officialcannabisseeds.com\/fr\/wp-json\/wp\/v2\/product"}],"about":[{"href":"https:\/\/officialcannabisseeds.com\/fr\/wp-json\/wp\/v2\/types\/product"}],"replies":[{"embeddable":true,"href":"https:\/\/officialcannabisseeds.com\/fr\/wp-json\/wp\/v2\/comments?post=7941"}],"wp:featuredmedia":[{"embeddable":true,"href":"https:\/\/officialcannabisseeds.com\/fr\/wp-json\/wp\/v2\/media\/5394"}],"wp:attachment":[{"href":"https:\/\/officialcannabisseeds.com\/fr\/wp-json\/wp\/v2\/media?parent=7941"}],"wp:term":[{"taxonomy":"product_brand","embeddable":true,"href":"https:\/\/officialcannabisseeds.com\/fr\/wp-json\/wp\/v2\/product_brand?post=7941"},{"taxonomy":"product_cat","embeddable":true,"href":"https:\/\/officialcannabisseeds.com\/fr\/wp-json\/wp\/v2\/product_cat?post=7941"},{"taxonomy":"product_tag","embeddable":true,"href":"https:\/\/officialcannabisseeds.com\/fr\/wp-json\/wp\/v2\/product_tag?post=7941"}],"curies":[{"name":"wp","href":"https:\/\/api.w.org\/{rel}","templated":true}]}}