{"id":7984,"date":"2026-01-05T15:11:36","date_gmt":"2026-01-05T15:11:36","guid":{"rendered":"https:\/\/officialcannabisseeds.com\/shop\/t-shirt-lambs-breath-haleine-dagneau\/"},"modified":"2026-01-05T15:11:48","modified_gmt":"2026-01-05T15:11:48","slug":"t-shirt-lambs-breath-haleine-dagneau","status":"publish","type":"product","link":"https:\/\/officialcannabisseeds.com\/fr\/produit\/t-shirt-lambs-breath-haleine-dagneau\/","title":{"rendered":"T-Shirt \u00ab\u00a0Lambs Breath\u00a0\u00bb (haleine d&rsquo;agneau)"},"content":{"rendered":"<p>Montrez votre amour pour la l\u00e9gendaire vari\u00e9t\u00e9 jama\u00efcaine Lambs Breath avec ce t-shirt en coton de premi\u00e8re qualit\u00e9 qui arbore notre timbre exclusif Lambs Breath. Ce t-shirt confortable et \u00e9l\u00e9gant est parfait pour les amateurs et les collectionneurs de cannabis.<\/p>\n","protected":false},"excerpt":{"rendered":"<p>T-shirt officiel de la souche Lambs Breath avec notre design exclusif de timbre de cannabis<\/p>\n","protected":false},"featured_media":4894,"comment_status":"open","ping_status":"closed","template":"","meta":[],"product_brand":[],"product_cat":[56],"product_tag":[],"class_list":{"0":"post-7984","1":"product","2":"type-product","3":"status-publish","4":"has-post-thumbnail","6":"product_types-t-shirt","7":"product_cat-non-categorise","9":"first","10":"instock","11":"taxable","12":"shipping-taxable","13":"purchasable","14":"product-type-variable"},"acf":[],"_links":{"self":[{"href":"https:\/\/officialcannabisseeds.com\/fr\/wp-json\/wp\/v2\/product\/7984","targetHints":{"allow":["GET"]}}],"collection":[{"href":"https:\/\/officialcannabisseeds.com\/fr\/wp-json\/wp\/v2\/product"}],"about":[{"href":"https:\/\/officialcannabisseeds.com\/fr\/wp-json\/wp\/v2\/types\/product"}],"replies":[{"embeddable":true,"href":"https:\/\/officialcannabisseeds.com\/fr\/wp-json\/wp\/v2\/comments?post=7984"}],"wp:featuredmedia":[{"embeddable":true,"href":"https:\/\/officialcannabisseeds.com\/fr\/wp-json\/wp\/v2\/media\/4894"}],"wp:attachment":[{"href":"https:\/\/officialcannabisseeds.com\/fr\/wp-json\/wp\/v2\/media?parent=7984"}],"wp:term":[{"taxonomy":"product_brand","embeddable":true,"href":"https:\/\/officialcannabisseeds.com\/fr\/wp-json\/wp\/v2\/product_brand?post=7984"},{"taxonomy":"product_cat","embeddable":true,"href":"https:\/\/officialcannabisseeds.com\/fr\/wp-json\/wp\/v2\/product_cat?post=7984"},{"taxonomy":"product_tag","embeddable":true,"href":"https:\/\/officialcannabisseeds.com\/fr\/wp-json\/wp\/v2\/product_tag?post=7984"}],"curies":[{"name":"wp","href":"https:\/\/api.w.org\/{rel}","templated":true}]}}