{"id":8328,"date":"2026-01-05T15:40:24","date_gmt":"2026-01-05T15:40:24","guid":{"rendered":"https:\/\/officialcannabisseeds.com\/shop\/chapeau-schwag\/"},"modified":"2026-01-05T15:40:25","modified_gmt":"2026-01-05T15:40:25","slug":"chapeau-schwag","status":"publish","type":"product","link":"https:\/\/officialcannabisseeds.com\/fr\/produit\/chapeau-schwag\/","title":{"rendered":"Chapeau Schwag"},"content":{"rendered":"<p>Ce chapeau r\u00e9glable est confortable et se porte tout au long de la journ\u00e9e. Il est parfait pour montrer que vous appr\u00e9ciez cette vari\u00e9t\u00e9 classique.<\/p>\n","protected":false},"excerpt":{"rendered":"<p>Chapeau de souche Schwag de qualit\u00e9 sup\u00e9rieure avec motif de timbre de cannabis brod\u00e9<\/p>\n","protected":false},"featured_media":5394,"comment_status":"open","ping_status":"closed","template":"","meta":[],"product_brand":[],"product_cat":[56],"product_tag":[],"class_list":{"0":"post-8328","1":"product","2":"type-product","3":"status-publish","4":"has-post-thumbnail","6":"product_types-hat","7":"product_cat-non-categorise","9":"first","10":"instock","11":"taxable","12":"shipping-taxable","13":"purchasable","14":"product-type-variable"},"acf":[],"_links":{"self":[{"href":"https:\/\/officialcannabisseeds.com\/fr\/wp-json\/wp\/v2\/product\/8328","targetHints":{"allow":["GET"]}}],"collection":[{"href":"https:\/\/officialcannabisseeds.com\/fr\/wp-json\/wp\/v2\/product"}],"about":[{"href":"https:\/\/officialcannabisseeds.com\/fr\/wp-json\/wp\/v2\/types\/product"}],"replies":[{"embeddable":true,"href":"https:\/\/officialcannabisseeds.com\/fr\/wp-json\/wp\/v2\/comments?post=8328"}],"wp:featuredmedia":[{"embeddable":true,"href":"https:\/\/officialcannabisseeds.com\/fr\/wp-json\/wp\/v2\/media\/5394"}],"wp:attachment":[{"href":"https:\/\/officialcannabisseeds.com\/fr\/wp-json\/wp\/v2\/media?parent=8328"}],"wp:term":[{"taxonomy":"product_brand","embeddable":true,"href":"https:\/\/officialcannabisseeds.com\/fr\/wp-json\/wp\/v2\/product_brand?post=8328"},{"taxonomy":"product_cat","embeddable":true,"href":"https:\/\/officialcannabisseeds.com\/fr\/wp-json\/wp\/v2\/product_cat?post=8328"},{"taxonomy":"product_tag","embeddable":true,"href":"https:\/\/officialcannabisseeds.com\/fr\/wp-json\/wp\/v2\/product_tag?post=8328"}],"curies":[{"name":"wp","href":"https:\/\/api.w.org\/{rel}","templated":true}]}}