{"id":8345,"date":"2026-01-05T15:42:41","date_gmt":"2026-01-05T15:42:41","guid":{"rendered":"https:\/\/officialcannabisseeds.com\/shop\/sweat-a-capuche-schwag\/"},"modified":"2026-01-05T15:42:49","modified_gmt":"2026-01-05T15:42:49","slug":"sweat-a-capuche-schwag","status":"publish","type":"product","link":"https:\/\/officialcannabisseeds.com\/fr\/produit\/sweat-a-capuche-schwag\/","title":{"rendered":"Sweat \u00e0 capuche Schwag"},"content":{"rendered":"<p>Restez au chaud et montrez votre appr\u00e9ciation pour la vari\u00e9t\u00e9 classique Schwag avec ce sweat \u00e0 capuche de qualit\u00e9 sup\u00e9rieure qui porte le motif exclusif du cannabis Schwag. Ce sweat \u00e0 capuche confortable et durable est parfait pour les amateurs de cannabis par tous les temps.<\/p>\n","protected":false},"excerpt":{"rendered":"<p>Sweat \u00e0 capuche Premium Schwag avec notre design exclusif de timbres de cannabis<\/p>\n","protected":false},"featured_media":5433,"comment_status":"open","ping_status":"closed","template":"","meta":[],"product_brand":[],"product_cat":[56],"product_tag":[],"class_list":{"0":"post-8345","1":"product","2":"type-product","3":"status-publish","4":"has-post-thumbnail","6":"product_types-hoodie","7":"product_cat-non-categorise","9":"first","10":"instock","11":"taxable","12":"shipping-taxable","13":"purchasable","14":"product-type-variable"},"acf":[],"_links":{"self":[{"href":"https:\/\/officialcannabisseeds.com\/fr\/wp-json\/wp\/v2\/product\/8345","targetHints":{"allow":["GET"]}}],"collection":[{"href":"https:\/\/officialcannabisseeds.com\/fr\/wp-json\/wp\/v2\/product"}],"about":[{"href":"https:\/\/officialcannabisseeds.com\/fr\/wp-json\/wp\/v2\/types\/product"}],"replies":[{"embeddable":true,"href":"https:\/\/officialcannabisseeds.com\/fr\/wp-json\/wp\/v2\/comments?post=8345"}],"wp:featuredmedia":[{"embeddable":true,"href":"https:\/\/officialcannabisseeds.com\/fr\/wp-json\/wp\/v2\/media\/5433"}],"wp:attachment":[{"href":"https:\/\/officialcannabisseeds.com\/fr\/wp-json\/wp\/v2\/media?parent=8345"}],"wp:term":[{"taxonomy":"product_brand","embeddable":true,"href":"https:\/\/officialcannabisseeds.com\/fr\/wp-json\/wp\/v2\/product_brand?post=8345"},{"taxonomy":"product_cat","embeddable":true,"href":"https:\/\/officialcannabisseeds.com\/fr\/wp-json\/wp\/v2\/product_cat?post=8345"},{"taxonomy":"product_tag","embeddable":true,"href":"https:\/\/officialcannabisseeds.com\/fr\/wp-json\/wp\/v2\/product_tag?post=8345"}],"curies":[{"name":"wp","href":"https:\/\/api.w.org\/{rel}","templated":true}]}}