{"id":8437,"date":"2026-01-05T15:49:28","date_gmt":"2026-01-05T15:49:28","guid":{"rendered":"https:\/\/officialcannabisseeds.com\/shop\/t-shirt-sour-d\/"},"modified":"2026-01-05T15:49:41","modified_gmt":"2026-01-05T15:49:41","slug":"t-shirt-sour-d","status":"publish","type":"product","link":"https:\/\/officialcannabisseeds.com\/fr\/produit\/t-shirt-sour-d\/","title":{"rendered":"T-Shirt Sour D"},"content":{"rendered":"<p>Montrez votre amour pour la puissante vari\u00e9t\u00e9 Sour D avec ce t-shirt en coton de premi\u00e8re qualit\u00e9 qui arbore le motif exclusif du timbre du cannabis Sour D. Ce t-shirt confortable et \u00e9l\u00e9gant est parfait pour les amateurs et les collectionneurs de cannabis.<\/p>\n","protected":false},"excerpt":{"rendered":"<p>T-shirt officiel de la souche Sour D avec notre design exclusif de timbre de cannabis<\/p>\n","protected":false},"featured_media":0,"comment_status":"open","ping_status":"closed","template":"","meta":[],"product_brand":[],"product_cat":[56],"product_tag":[],"class_list":{"0":"post-8437","1":"product","2":"type-product","3":"status-publish","5":"product_types-t-shirt","6":"product_cat-non-categorise","8":"first","9":"instock","10":"taxable","11":"shipping-taxable","12":"purchasable","13":"product-type-variable"},"acf":[],"_links":{"self":[{"href":"https:\/\/officialcannabisseeds.com\/fr\/wp-json\/wp\/v2\/product\/8437","targetHints":{"allow":["GET"]}}],"collection":[{"href":"https:\/\/officialcannabisseeds.com\/fr\/wp-json\/wp\/v2\/product"}],"about":[{"href":"https:\/\/officialcannabisseeds.com\/fr\/wp-json\/wp\/v2\/types\/product"}],"replies":[{"embeddable":true,"href":"https:\/\/officialcannabisseeds.com\/fr\/wp-json\/wp\/v2\/comments?post=8437"}],"wp:attachment":[{"href":"https:\/\/officialcannabisseeds.com\/fr\/wp-json\/wp\/v2\/media?parent=8437"}],"wp:term":[{"taxonomy":"product_brand","embeddable":true,"href":"https:\/\/officialcannabisseeds.com\/fr\/wp-json\/wp\/v2\/product_brand?post=8437"},{"taxonomy":"product_cat","embeddable":true,"href":"https:\/\/officialcannabisseeds.com\/fr\/wp-json\/wp\/v2\/product_cat?post=8437"},{"taxonomy":"product_tag","embeddable":true,"href":"https:\/\/officialcannabisseeds.com\/fr\/wp-json\/wp\/v2\/product_tag?post=8437"}],"curies":[{"name":"wp","href":"https:\/\/api.w.org\/{rel}","templated":true}]}}