{"id":8472,"date":"2025-06-24T05:16:31","date_gmt":"2025-06-24T05:16:31","guid":{"rendered":"https:\/\/officialcannabisseeds.com\/shop\/chapeau-sour-diesel\/"},"modified":"2026-01-05T15:54:53","modified_gmt":"2026-01-05T15:54:53","slug":"chapeau-sour-diesel","status":"publish","type":"product","link":"https:\/\/officialcannabisseeds.com\/fr\/produit\/chapeau-sour-diesel\/","title":{"rendered":"Chapeau Sour Diesel"},"content":{"rendered":"<p>Ce chapeau r\u00e9glable est confortable et se porte tout au long de la journ\u00e9e. Il est parfait pour montrer votre appr\u00e9ciation de cette vari\u00e9t\u00e9 l\u00e9gendaire.<\/p>\n","protected":false},"excerpt":{"rendered":"<p>Chapeau haut de gamme de la vari\u00e9t\u00e9 Sour Diesel avec motif brod\u00e9 de timbres de cannabis<\/p>\n","protected":false},"featured_media":5420,"comment_status":"open","ping_status":"closed","template":"","meta":[],"product_brand":[],"product_cat":[56],"product_tag":[],"class_list":{"0":"post-8472","1":"product","2":"type-product","3":"status-publish","4":"has-post-thumbnail","6":"product_types-hat","7":"product_cat-non-categorise","9":"first","10":"instock","11":"taxable","12":"shipping-taxable","13":"purchasable","14":"product-type-variable"},"acf":[],"_links":{"self":[{"href":"https:\/\/officialcannabisseeds.com\/fr\/wp-json\/wp\/v2\/product\/8472","targetHints":{"allow":["GET"]}}],"collection":[{"href":"https:\/\/officialcannabisseeds.com\/fr\/wp-json\/wp\/v2\/product"}],"about":[{"href":"https:\/\/officialcannabisseeds.com\/fr\/wp-json\/wp\/v2\/types\/product"}],"replies":[{"embeddable":true,"href":"https:\/\/officialcannabisseeds.com\/fr\/wp-json\/wp\/v2\/comments?post=8472"}],"wp:featuredmedia":[{"embeddable":true,"href":"https:\/\/officialcannabisseeds.com\/fr\/wp-json\/wp\/v2\/media\/5420"}],"wp:attachment":[{"href":"https:\/\/officialcannabisseeds.com\/fr\/wp-json\/wp\/v2\/media?parent=8472"}],"wp:term":[{"taxonomy":"product_brand","embeddable":true,"href":"https:\/\/officialcannabisseeds.com\/fr\/wp-json\/wp\/v2\/product_brand?post=8472"},{"taxonomy":"product_cat","embeddable":true,"href":"https:\/\/officialcannabisseeds.com\/fr\/wp-json\/wp\/v2\/product_cat?post=8472"},{"taxonomy":"product_tag","embeddable":true,"href":"https:\/\/officialcannabisseeds.com\/fr\/wp-json\/wp\/v2\/product_tag?post=8472"}],"curies":[{"name":"wp","href":"https:\/\/api.w.org\/{rel}","templated":true}]}}