{"id":8528,"date":"2025-06-24T05:16:30","date_gmt":"2025-06-24T05:16:30","guid":{"rendered":"https:\/\/officialcannabisseeds.com\/shop\/sweat-a-capuche-sour-diesel\/"},"modified":"2026-01-05T15:55:58","modified_gmt":"2026-01-05T15:55:58","slug":"sweat-a-capuche-sour-diesel","status":"publish","type":"product","link":"https:\/\/officialcannabisseeds.com\/fr\/produit\/sweat-a-capuche-sour-diesel\/","title":{"rendered":"Sweat \u00e0 capuche Sour Diesel"},"content":{"rendered":"<p>Restez au chaud et montrez votre appr\u00e9ciation pour la l\u00e9gendaire vari\u00e9t\u00e9 Sour Diesel gr\u00e2ce \u00e0 ce sweat \u00e0 capuche de qualit\u00e9 sup\u00e9rieure qui arbore le motif exclusif du cannabis Sour Diesel. Ce sweat \u00e0 capuche confortable et durable est parfait pour les amateurs de cannabis, quel que soit le temps qu&rsquo;il fait.<\/p>\n","protected":false},"excerpt":{"rendered":"<p>Sweat \u00e0 capuche de qualit\u00e9 sup\u00e9rieure de la souche Sour Diesel avec notre design exclusif de timbres de cannabis<\/p>\n","protected":false},"featured_media":5433,"comment_status":"open","ping_status":"closed","template":"","meta":[],"product_brand":[],"product_cat":[56],"product_tag":[],"class_list":{"0":"post-8528","1":"product","2":"type-product","3":"status-publish","4":"has-post-thumbnail","6":"product_types-hoodie","7":"product_cat-non-categorise","9":"first","10":"instock","11":"taxable","12":"shipping-taxable","13":"purchasable","14":"product-type-variable"},"acf":[],"_links":{"self":[{"href":"https:\/\/officialcannabisseeds.com\/fr\/wp-json\/wp\/v2\/product\/8528","targetHints":{"allow":["GET"]}}],"collection":[{"href":"https:\/\/officialcannabisseeds.com\/fr\/wp-json\/wp\/v2\/product"}],"about":[{"href":"https:\/\/officialcannabisseeds.com\/fr\/wp-json\/wp\/v2\/types\/product"}],"replies":[{"embeddable":true,"href":"https:\/\/officialcannabisseeds.com\/fr\/wp-json\/wp\/v2\/comments?post=8528"}],"wp:featuredmedia":[{"embeddable":true,"href":"https:\/\/officialcannabisseeds.com\/fr\/wp-json\/wp\/v2\/media\/5433"}],"wp:attachment":[{"href":"https:\/\/officialcannabisseeds.com\/fr\/wp-json\/wp\/v2\/media?parent=8528"}],"wp:term":[{"taxonomy":"product_brand","embeddable":true,"href":"https:\/\/officialcannabisseeds.com\/fr\/wp-json\/wp\/v2\/product_brand?post=8528"},{"taxonomy":"product_cat","embeddable":true,"href":"https:\/\/officialcannabisseeds.com\/fr\/wp-json\/wp\/v2\/product_cat?post=8528"},{"taxonomy":"product_tag","embeddable":true,"href":"https:\/\/officialcannabisseeds.com\/fr\/wp-json\/wp\/v2\/product_tag?post=8528"}],"curies":[{"name":"wp","href":"https:\/\/api.w.org\/{rel}","templated":true}]}}