{"id":8587,"date":"2026-01-05T16:00:03","date_gmt":"2026-01-05T16:00:03","guid":{"rendered":"https:\/\/officialcannabisseeds.com\/shop\/t-shirt-sour-diesel\/"},"modified":"2026-01-05T16:00:21","modified_gmt":"2026-01-05T16:00:21","slug":"t-shirt-sour-diesel","status":"publish","type":"product","link":"https:\/\/officialcannabisseeds.com\/fr\/produit\/t-shirt-sour-diesel\/","title":{"rendered":"T-Shirt Sour Diesel"},"content":{"rendered":"<p>Montrez votre amour pour la l\u00e9gendaire vari\u00e9t\u00e9 Sour Diesel avec ce t-shirt en coton de premi\u00e8re qualit\u00e9 qui arbore le motif exclusif du cannabis Sour Diesel. Ce t-shirt confortable et \u00e9l\u00e9gant est parfait pour les amateurs de cannabis et les collectionneurs.<\/p>\n","protected":false},"excerpt":{"rendered":"<p>T-shirt officiel de la souche Sour Diesel avec notre design exclusif de timbre de cannabis<\/p>\n","protected":false},"featured_media":4877,"comment_status":"open","ping_status":"closed","template":"","meta":[],"product_brand":[],"product_cat":[56],"product_tag":[],"class_list":{"0":"post-8587","1":"product","2":"type-product","3":"status-publish","4":"has-post-thumbnail","6":"product_types-t-shirt","7":"product_cat-non-categorise","9":"first","10":"instock","11":"taxable","12":"shipping-taxable","13":"purchasable","14":"product-type-variable"},"acf":[],"_links":{"self":[{"href":"https:\/\/officialcannabisseeds.com\/fr\/wp-json\/wp\/v2\/product\/8587","targetHints":{"allow":["GET"]}}],"collection":[{"href":"https:\/\/officialcannabisseeds.com\/fr\/wp-json\/wp\/v2\/product"}],"about":[{"href":"https:\/\/officialcannabisseeds.com\/fr\/wp-json\/wp\/v2\/types\/product"}],"replies":[{"embeddable":true,"href":"https:\/\/officialcannabisseeds.com\/fr\/wp-json\/wp\/v2\/comments?post=8587"}],"wp:featuredmedia":[{"embeddable":true,"href":"https:\/\/officialcannabisseeds.com\/fr\/wp-json\/wp\/v2\/media\/4877"}],"wp:attachment":[{"href":"https:\/\/officialcannabisseeds.com\/fr\/wp-json\/wp\/v2\/media?parent=8587"}],"wp:term":[{"taxonomy":"product_brand","embeddable":true,"href":"https:\/\/officialcannabisseeds.com\/fr\/wp-json\/wp\/v2\/product_brand?post=8587"},{"taxonomy":"product_cat","embeddable":true,"href":"https:\/\/officialcannabisseeds.com\/fr\/wp-json\/wp\/v2\/product_cat?post=8587"},{"taxonomy":"product_tag","embeddable":true,"href":"https:\/\/officialcannabisseeds.com\/fr\/wp-json\/wp\/v2\/product_tag?post=8587"}],"curies":[{"name":"wp","href":"https:\/\/api.w.org\/{rel}","templated":true}]}}