{"id":7404,"date":"2025-09-30T14:41:05","date_gmt":"2025-09-30T14:41:05","guid":{"rendered":"https:\/\/officialcannabisseeds.com\/shop\/gelato-2\/"},"modified":"2026-01-02T15:22:40","modified_gmt":"2026-01-02T15:22:40","slug":"gelato-2","status":"publish","type":"product","link":"https:\/\/officialcannabisseeds.com\/it\/prodotto\/gelato-2\/","title":{"rendered":"GELATO"},"content":{"rendered":"<p class=\"text-body font-regular leading-[24px] pt-[9px] pb-xxs\" dir=\"ltr\">Nel mondo della genetica della cannabis, le leggende non nascono, ma vengono meticolosamente create. Pochi ceppi esemplificano questo principio meglio di Gelato. La sua storia \u00e8 fatta di innovazione, precisione e un impegno incrollabile a spingersi oltre i confini del possibile. Questa \u00e8 la storia di come un nuovo classico \u00e8 stato forgiato nel cuore della Bay Area californiana, cambiando per sempre il panorama della cannabis moderna.<\/p>\n<p class=\"text-body font-regular leading-[24px] pt-[9px] pb-xxs\" dir=\"ltr\">La narrazione inizia con Cookie Fam Genetics, un collettivo di selezionatori visionari gi\u00e0 noti per il loro lavoro innovativo, che si basava su una premessa semplice ma rivoluzionaria: creare variet\u00e0 con profili di sapori ineguagliabili sostenuti da effetti potenti. Il loro precedente successo con Girl Scout Cookies aveva gi\u00e0 stabilito un nuovo standard industriale, ma sapevano che qualcosa di ancora pi\u00f9 trasformativo era all&#8217;orizzonte.<\/p>\n<p class=\"text-body font-regular leading-[24px] pt-[9px] pb-xxs\" dir=\"ltr\">Il progetto che avrebbe dato vita a Gelato era ambizioso. L&#8217;obiettivo era quello di ibridare due delle loro cultivar pi\u00f9 pregiate: la fruttata e rinvigorente Sunset Sherbet e la potente e aromatica Thin Mint GSC. Non si trattava di una semplice impollinazione incrociata, ma di un&#8217;impresa genetica sofisticata, che richiedeva una conoscenza approfondita dell&#8217;espressione fenotipica e della scienza dei terpeni. I selezionatori erano alla ricerca di una combinazione specifica e sfuggente, una variet\u00e0 che potesse offrire l&#8217;essenza dolce e cremosa di un dessert raffinato e al tempo stesso un&#8217;esperienza potente e ben bilanciata.<\/p>\n<p class=\"text-body font-regular leading-[24px] pt-[9px] pb-xxs\" dir=\"ltr\">Dall&#8217;incrocio iniziale \u00e8 emersa una serie di fenotipi distinti, ognuno dei quali \u00e8 stato accuratamente coltivato, analizzato e catalogato. Il team era alla ricerca dell&#8217;espressione perfetta della genetica dei genitori. Un fenotipo in particolare, il #33, si \u00e8 subito distinto. Il suo aroma era una complessa sinfonia di bacche dolci, agrumi e un pizzico di menta terrosa. La produzione di tricomi era eccezionale, e ricopriva le cime dense e di colore viola con un manto gelido. Era quello giusto. In un cenno al suo profilo terpenico simile a quello di un dessert e al numero di maglia della leggenda della pallacanestro Larry Bird, \u00e8 stato battezzato &#8220;Larry Bird&#8221;<\/p>\n<p class=\"text-body font-regular leading-[24px] pt-[9px] pb-xxs\" dir=\"ltr\">Tuttavia, fu un altro fenotipo, il #45, a catturare veramente l&#8217;essenza della loro visione, guadagnandosi alla fine il nome di Gelato. Il suo sapore era ancora pi\u00f9 raffinato, una fusione perfetta di dolcezza cremosa e scorza fruttata che non aveva nulla da invidiare a nessun&#8217;altra variet\u00e0 presente sul mercato. Quando finalmente fu introdotta, l&#8217;impatto fu immediato e profondo. Il passaparola si diffuse con incredibile velocit\u00e0.<\/p>\n<p class=\"text-body font-regular leading-[24px] pt-[9px] pb-xxs\" dir=\"ltr\">Gelato non era solo una nuova variet\u00e0, ma un fenomeno culturale. La sua combinazione unica di uno sballo euforico ed esaltante per la testa e di un effetto rilassante e confortevole per il corpo la rendeva eccezionalmente versatile. Artisti, musicisti e creatori erano attratti dalla sua capacit\u00e0 di ispirare la creativit\u00e0 senza sedazione. Gli intenditori ne lodavano il sapore e l&#8217;aroma intricato. Ben presto, Gelato non fu solo una variet\u00e0, ma un punto di riferimento per la qualit\u00e0 e l&#8217;innovazione. La sua ascesa verso la fama dimostr\u00f2 il potere di una selezione esperta e il profondo apprezzamento del mercato per la vera artigianalit\u00e0, cementando il suo status di leggenda moderna nel pantheon della cannabis.<\/p>\n","protected":false},"excerpt":{"rendered":"<p>Non tutti i gelati sono creati allo stesso modo, ma noi abbiamo il taglio ufficiale &#8220;GUNO&#8221; di Gelato. Le parti migliori del Gelato in un fenotipo unico, caratterizzato da una forte resa e da un forte gas.<\/p>\n","protected":false},"featured_media":5481,"comment_status":"open","ping_status":"closed","template":"","meta":[],"product_brand":[],"product_cat":[402,412,419],"product_tag":[531,529,527,521,622],"class_list":{"0":"post-7404","1":"product","2":"type-product","3":"status-publish","4":"has-post-thumbnail","6":"product_cat-equilibrato","7":"product_cat-semi-femminizzati","8":"product_cat-ibrida","9":"product_tag-equilibrato","10":"product_tag-bacca","11":"product_tag-sogno-blu","12":"product_tag-creativo","13":"product_tag-ibrido","15":"first","16":"instock","17":"taxable","18":"shipping-taxable","19":"purchasable","20":"product-type-variable"},"acf":[],"_links":{"self":[{"href":"https:\/\/officialcannabisseeds.com\/it\/wp-json\/wp\/v2\/product\/7404","targetHints":{"allow":["GET"]}}],"collection":[{"href":"https:\/\/officialcannabisseeds.com\/it\/wp-json\/wp\/v2\/product"}],"about":[{"href":"https:\/\/officialcannabisseeds.com\/it\/wp-json\/wp\/v2\/types\/product"}],"replies":[{"embeddable":true,"href":"https:\/\/officialcannabisseeds.com\/it\/wp-json\/wp\/v2\/comments?post=7404"}],"wp:featuredmedia":[{"embeddable":true,"href":"https:\/\/officialcannabisseeds.com\/it\/wp-json\/wp\/v2\/media\/5481"}],"wp:attachment":[{"href":"https:\/\/officialcannabisseeds.com\/it\/wp-json\/wp\/v2\/media?parent=7404"}],"wp:term":[{"taxonomy":"product_brand","embeddable":true,"href":"https:\/\/officialcannabisseeds.com\/it\/wp-json\/wp\/v2\/product_brand?post=7404"},{"taxonomy":"product_cat","embeddable":true,"href":"https:\/\/officialcannabisseeds.com\/it\/wp-json\/wp\/v2\/product_cat?post=7404"},{"taxonomy":"product_tag","embeddable":true,"href":"https:\/\/officialcannabisseeds.com\/it\/wp-json\/wp\/v2\/product_tag?post=7404"}],"curies":[{"name":"wp","href":"https:\/\/api.w.org\/{rel}","templated":true}]}}