{"id":7504,"date":"2025-09-30T15:24:51","date_gmt":"2025-09-30T15:24:51","guid":{"rendered":"https:\/\/officialcannabisseeds.com\/shop\/kush-mints\/"},"modified":"2026-01-02T15:36:47","modified_gmt":"2026-01-02T15:36:47","slug":"kush-mints","status":"publish","type":"product","link":"https:\/\/officialcannabisseeds.com\/it\/prodotto\/kush-mints\/","title":{"rendered":"Menta Kush"},"content":{"rendered":"<p class=\"text-body font-regular leading-[24px] pt-[9px] pb-xxs\" dir=\"ltr\">Negli annali della storia della cannabis, alcune cultivar fungono da pilastri fondamentali su cui vengono costruite intere dinastie genetiche. Non si tratta semplicemente di variet\u00e0 popolari, ma di pietre miliari genetiche che ridefiniscono il paesaggio. Questa \u00e8 la storia definitiva di Kush Mints, una variet\u00e0 la cui riproduzione impeccabile e la profonda influenza hanno cementato il suo posto come un capitolo essenziale nell&#8217;evoluzione della cannabis moderna.<\/p>\n<p class=\"text-body font-regular leading-[24px] pt-[9px] pb-xxs\" dir=\"ltr\">L&#8217;eredit\u00e0 di Kush Mints inizia con Seed Junky Genetics, un collettivo di selezione gi\u00e0 venerato per i suoi standard senza compromessi e la sua biblioteca genetica d&#8217;\u00e9lite. Il loro obiettivo non era quello di inseguire una tendenza passeggera, ma di creare una nuova base per i futuri progetti di selezione. Hanno immaginato una variet\u00e0 con il perfetto equilibrio tra la classica struttura kush, l&#8217;attrattiva contemporanea della borsa e un profilo terpenico unico e indimenticabile. Il lignaggio scelto \u00e8 stato un colpo di genio genetico: la potente e saporita Animal Mints incrociata con la leggendaria Bubba Kush.<\/p>\n<p class=\"text-body font-regular leading-[24px] pt-[9px] pb-xxs\" dir=\"ltr\">Si tratt\u00f2 di un accoppiamento deliberato e strategico: Bubba Kush, un&#8217;icona del periodo precedente al &#8217;98, port\u00f2 i suoi famosi effetti tranquillanti, la struttura densa delle cime e il profondo aroma terroso dell&#8217;hashish. Animal Mints, a sua volta un ibrido complesso di Animal Cookies e SinMint Cookies, contribu\u00ec con la sua formidabile potenza e con il suo sapore pungente di menta e biscotti. La fusione di queste due potenze fu progettata per creare una &#8220;variet\u00e0 per allevatori&#8221;: una cultivar cos\u00ec stabile, potente e unica che sarebbe diventata un genitore prezioso per una nuova generazione di ibridi.<\/p>\n<p class=\"text-body font-regular leading-[24px] pt-[9px] pb-xxs\" dir=\"ltr\">Da questo incrocio, Kush Mints emerse come fenotipo campione indiscusso. Fu una rivelazione immediata. La pianta esibiva i tratti migliori della sua eredit\u00e0: la struttura robusta e compatta di Bubba Kush combinata con la sbalorditiva produzione di tricomi di Animal Mints. Le cime erano dense, perfettamente formate e ricoperte da uno spesso strato di resina che ne testimoniava l&#8217;immensa potenza. Il suo profilo terpenico era innovativo: una sofisticata miscela di menta tagliente, pino terroso e un sottofondo dolce di pasta di biscotto. Era complesso, potente e assolutamente distinto.<\/p>\n<p class=\"text-body font-regular leading-[24px] pt-[9px] pb-xxs\" dir=\"ltr\">Sebbene la Kush Mints sia diventata rapidamente una delle preferite dagli intenditori, il suo vero significato storico risiede nel suo ruolo di elemento genetico. Gli allevatori hanno riconosciuto immediatamente il suo potenziale: la sua genetica stabile, gli alti livelli di THC e il suo sapore unico l&#8217;hanno resa il genitore perfetto per creare nuovi ed entusiasmanti incroci. Il suo codice genetico \u00e8 diventato la chiave per sbloccare nuove combinazioni di terpeni e aumentare la potenza nelle generazioni successive.<\/p>\n<p class=\"text-body font-regular leading-[24px] pt-[9px] pb-xxs\" dir=\"ltr\">La sua influenza \u00e8 una testimonianza della lungimiranza dei suoi creatori: \u00e8 diventata pi\u00f9 di una variet\u00e0 da consumare; \u00e8 diventata uno strumento di innovazione, una chiave genetica che ha plasmato il mercato moderno della cannabis. La storia di Kush Mints \u00e8 una potente lezione sull&#8217;arte della selezione: l&#8217;eredit\u00e0 pi\u00f9 duratura non appartiene solo al fiore che sboccia, ma al seme che d\u00e0 inizio a un&#8217;intera foresta. \u00c8 un classico moderno, una variet\u00e0 fondamentale che sar\u00e0 rispettata e utilizzata nei decenni a venire.<\/p>\n","protected":false},"excerpt":{"rendered":"<p>Bubba Kush x Animal Mints<\/p>\n","protected":false},"featured_media":6275,"comment_status":"open","ping_status":"closed","template":"","meta":[],"product_brand":[],"product_cat":[402,412,419],"product_tag":[531,529,527,521,622],"class_list":{"0":"post-7504","1":"product","2":"type-product","3":"status-publish","4":"has-post-thumbnail","6":"product_cat-equilibrato","7":"product_cat-semi-femminizzati","8":"product_cat-ibrida","9":"product_tag-equilibrato","10":"product_tag-bacca","11":"product_tag-sogno-blu","12":"product_tag-creativo","13":"product_tag-ibrido","15":"first","16":"instock","17":"taxable","18":"shipping-taxable","19":"purchasable","20":"product-type-variable"},"acf":[],"_links":{"self":[{"href":"https:\/\/officialcannabisseeds.com\/it\/wp-json\/wp\/v2\/product\/7504","targetHints":{"allow":["GET"]}}],"collection":[{"href":"https:\/\/officialcannabisseeds.com\/it\/wp-json\/wp\/v2\/product"}],"about":[{"href":"https:\/\/officialcannabisseeds.com\/it\/wp-json\/wp\/v2\/types\/product"}],"replies":[{"embeddable":true,"href":"https:\/\/officialcannabisseeds.com\/it\/wp-json\/wp\/v2\/comments?post=7504"}],"wp:featuredmedia":[{"embeddable":true,"href":"https:\/\/officialcannabisseeds.com\/it\/wp-json\/wp\/v2\/media\/6275"}],"wp:attachment":[{"href":"https:\/\/officialcannabisseeds.com\/it\/wp-json\/wp\/v2\/media?parent=7504"}],"wp:term":[{"taxonomy":"product_brand","embeddable":true,"href":"https:\/\/officialcannabisseeds.com\/it\/wp-json\/wp\/v2\/product_brand?post=7504"},{"taxonomy":"product_cat","embeddable":true,"href":"https:\/\/officialcannabisseeds.com\/it\/wp-json\/wp\/v2\/product_cat?post=7504"},{"taxonomy":"product_tag","embeddable":true,"href":"https:\/\/officialcannabisseeds.com\/it\/wp-json\/wp\/v2\/product_tag?post=7504"}],"curies":[{"name":"wp","href":"https:\/\/api.w.org\/{rel}","templated":true}]}}