{"id":7524,"date":"2025-06-24T05:16:24","date_gmt":"2025-06-24T05:16:24","guid":{"rendered":"https:\/\/officialcannabisseeds.com\/shop\/lambs-breath-2\/"},"modified":"2026-01-05T10:49:20","modified_gmt":"2026-01-05T10:49:20","slug":"lambs-breath-2","status":"publish","type":"product","link":"https:\/\/officialcannabisseeds.com\/it\/prodotto\/lambs-breath-2\/","title":{"rendered":"Alito di agnello"},"content":{"rendered":"<p>Sotto il sole dorato delle lussureggianti colline giamaicane, si dice che una variet\u00e0 diversa da qualsiasi altra sia stata donata al mondo. La Lamb&#8217;s Breath, spesso sussurrata con riverenza, occupa un posto speciale nel folklore della cannabis come una leggendaria variet\u00e0 a predominanza sativa, venerata per i suoi effetti stimolanti ed energizzanti. Si dice che questa variet\u00e0 fosse prediletta nientemeno che da Bob Marley in persona, che la chiamava &#8220;il respiro della vita&#8221;.<\/p>\n<p>Le origini della Lamb&#8217;s Breath sono avvolte nel mistero, sebbene i racconti locali affermino che sia fiorita spontaneamente nei fertili terreni dei Caraibi, nutrita dalle piogge tropicali e baciata dai caldi alisei. La sua presunta discendenza potrebbe essere legata a una rara variet\u00e0 autoctona nativa dell&#8217;isola, permeata da un inconfondibile spirito di vitalit\u00e0 e creativit\u00e0.<\/p>\n<p>La leggenda narra che le piante di Lamb&#8217;s Breath brillassero di una brillante tonalit\u00e0 verde e gialla, con le cime cos\u00ec ricoperte di resina che sembravano scintillare sotto il sole giamaicano. L&#8217;aroma di questa variet\u00e0, un&#8217;indimenticabile miscela di erbe dolci e pino terroso, stratificato con un accenno di agrumi cremosi, viaggiava trasportato dal vento come un canto antico.<\/p>\n<p>I saggi della cannabis credono che Lamb&#8217;s Breath sia pi\u00f9 di una semplice variet\u00e0: \u00e8 ispirazione in forma vegetale. Si dice che invochi concentrazione, felicit\u00e0 e profonda chiarezza, ed \u00e8 diventata una compagna sacra per visionari e sognatori artistici di generazioni diverse. La sua eredit\u00e0 perdura, celebrata da appassionati e coltivatori che venerano Lamb&#8217;s Breath come un legame iconico con le radici pi\u00f9 profonde della cultura della cannabis.<\/p>\n","protected":false},"excerpt":{"rendered":"<p>Una leggendaria sativa giamaicana con effetti edificanti e un caratteristico aroma di erbe<\/p>\n","protected":false},"featured_media":3512,"comment_status":"open","ping_status":"closed","template":"","meta":[],"product_brand":[],"product_cat":[450,442,412],"product_tag":[512,521,606,620,612],"class_list":{"0":"post-7524","1":"product","2":"type-product","3":"status-publish","4":"has-post-thumbnail","6":"product_cat-edificante","7":"product_cat-sativo","8":"product_cat-semi-femminizzati","9":"product_tag-a-base-di-erbe","10":"product_tag-creativo","11":"product_tag-edificante","12":"product_tag-il-respiro-dellagnello","13":"product_tag-sativo","15":"first","16":"instock","17":"taxable","18":"shipping-taxable","19":"purchasable","20":"product-type-variable"},"acf":[],"_links":{"self":[{"href":"https:\/\/officialcannabisseeds.com\/it\/wp-json\/wp\/v2\/product\/7524","targetHints":{"allow":["GET"]}}],"collection":[{"href":"https:\/\/officialcannabisseeds.com\/it\/wp-json\/wp\/v2\/product"}],"about":[{"href":"https:\/\/officialcannabisseeds.com\/it\/wp-json\/wp\/v2\/types\/product"}],"replies":[{"embeddable":true,"href":"https:\/\/officialcannabisseeds.com\/it\/wp-json\/wp\/v2\/comments?post=7524"}],"wp:featuredmedia":[{"embeddable":true,"href":"https:\/\/officialcannabisseeds.com\/it\/wp-json\/wp\/v2\/media\/3512"}],"wp:attachment":[{"href":"https:\/\/officialcannabisseeds.com\/it\/wp-json\/wp\/v2\/media?parent=7524"}],"wp:term":[{"taxonomy":"product_brand","embeddable":true,"href":"https:\/\/officialcannabisseeds.com\/it\/wp-json\/wp\/v2\/product_brand?post=7524"},{"taxonomy":"product_cat","embeddable":true,"href":"https:\/\/officialcannabisseeds.com\/it\/wp-json\/wp\/v2\/product_cat?post=7524"},{"taxonomy":"product_tag","embeddable":true,"href":"https:\/\/officialcannabisseeds.com\/it\/wp-json\/wp\/v2\/product_tag?post=7524"}],"curies":[{"name":"wp","href":"https:\/\/api.w.org\/{rel}","templated":true}]}}