{"id":7544,"date":"2025-06-24T05:16:25","date_gmt":"2025-06-24T05:16:25","guid":{"rendered":"https:\/\/officialcannabisseeds.com\/shop\/lemon-kush-2\/"},"modified":"2026-01-05T10:59:57","modified_gmt":"2026-01-05T10:59:57","slug":"lemon-kush-2","status":"publish","type":"product","link":"https:\/\/officialcannabisseeds.com\/it\/prodotto\/lemon-kush-2\/","title":{"rendered":"Limone Kush"},"content":{"rendered":"<p>Nelle valli assolate del cuore della cannabis californiana, dove le brezze del Pacifico trasportano il profumo degli agrumeti selvatici, l&#8217;illustre variet\u00e0 Lemon Kush \u00e8 nata da un&#8217;alleanza di linee di sangue leggendarie. Questa meraviglia a predominanza indica \u00e8 emersa alla fine degli anni 2000 dall&#8217;unione mistica di Master Kush e Lemon Joy, un abbinamento che i saggi della cannabis sostengono fosse scritto nelle stelle sopra il fertile suolo del Golden State.<\/p>\n<p>Gli architetti di questa variet\u00e0, lavorando sotto lo sguardo vigile dell&#8217;eterno sole della California meridionale, hanno cercato di catturare l&#8217;essenza dell&#8217;estate stessa in cime cristalline. Master Kush ha contribuito con la sua genetica afghana regale, conferendo un profondo rilassamento e la solida base che avrebbe ancorato la leggendaria potenza della variet\u00e0. Lemon Joy ha donato la sua luminosa anima agrumata, infondendo in ogni fiore l&#8217;essenza luminosa dei limoni appena sbucciati baciati dalla rugiada mattutina.<\/p>\n<p>Gli antichi coltivatori raccontano di come i primi giardini di Lemon Kush sembrassero risplendere di luce dorata all&#8217;alba, con le loro dense cime ricoperte di resina che emanavano un bouquet inebriante che sposava le note terrose della kush con la vibrante scorza di limone. Questa sinfonia aromatica divenne la firma divina della variet\u00e0, immediatamente riconoscibile da coloro che erano iniziati ai suoi sacri misteri.<\/p>\n<p>La leggenda narra che Lemon Kush possieda la rara capacit\u00e0 di sollevare lo spirito e di radicare il corpo in una profonda tranquillit\u00e0. La sua eredit\u00e0 perdura nei giardini di tutto il mondo, dove i coltivatori continuano a onorare la meticolosa maestria che ha dato vita a questo tesoro benedetto dagli agrumi, preservando per sempre l&#8217;armonia tra terra e sole.<\/p>\n","protected":false},"excerpt":{"rendered":"<p>Un ibrido equilibrato dal sapore brillante di agrumi e dagli effetti edificanti e rilassanti.<\/p>\n","protected":false},"featured_media":3529,"comment_status":"open","ping_status":"closed","template":"","meta":[],"product_brand":[],"product_cat":[],"product_tag":[622],"class_list":{"0":"post-7544","1":"product","2":"type-product","3":"status-publish","4":"has-post-thumbnail","6":"product_tag-ibrido","8":"first","9":"instock","10":"taxable","11":"shipping-taxable","12":"purchasable","13":"product-type-variable"},"acf":[],"_links":{"self":[{"href":"https:\/\/officialcannabisseeds.com\/it\/wp-json\/wp\/v2\/product\/7544","targetHints":{"allow":["GET"]}}],"collection":[{"href":"https:\/\/officialcannabisseeds.com\/it\/wp-json\/wp\/v2\/product"}],"about":[{"href":"https:\/\/officialcannabisseeds.com\/it\/wp-json\/wp\/v2\/types\/product"}],"replies":[{"embeddable":true,"href":"https:\/\/officialcannabisseeds.com\/it\/wp-json\/wp\/v2\/comments?post=7544"}],"wp:featuredmedia":[{"embeddable":true,"href":"https:\/\/officialcannabisseeds.com\/it\/wp-json\/wp\/v2\/media\/3529"}],"wp:attachment":[{"href":"https:\/\/officialcannabisseeds.com\/it\/wp-json\/wp\/v2\/media?parent=7544"}],"wp:term":[{"taxonomy":"product_brand","embeddable":true,"href":"https:\/\/officialcannabisseeds.com\/it\/wp-json\/wp\/v2\/product_brand?post=7544"},{"taxonomy":"product_cat","embeddable":true,"href":"https:\/\/officialcannabisseeds.com\/it\/wp-json\/wp\/v2\/product_cat?post=7544"},{"taxonomy":"product_tag","embeddable":true,"href":"https:\/\/officialcannabisseeds.com\/it\/wp-json\/wp\/v2\/product_tag?post=7544"}],"curies":[{"name":"wp","href":"https:\/\/api.w.org\/{rel}","templated":true}]}}