{"id":7794,"date":"2026-01-05T14:45:49","date_gmt":"2026-01-05T14:45:49","guid":{"rendered":"https:\/\/officialcannabisseeds.com\/shop\/cappello-da-sogno-blu\/"},"modified":"2026-01-05T14:45:51","modified_gmt":"2026-01-05T14:45:51","slug":"cappello-da-sogno-blu","status":"publish","type":"product","link":"https:\/\/officialcannabisseeds.com\/it\/prodotto\/cappello-da-sogno-blu\/","title":{"rendered":"Cappello da sogno blu"},"content":{"rendered":"<p>Completate il vostro look con questo cappello di qualit\u00e0 superiore della variet\u00e0 Blue Dream, con il nostro disegno ricamato del timbro della cannabis Blue Dream. Questo cappello regolabile \u00e8 comodo per essere indossato tutto il giorno ed \u00e8 perfetto per mostrare il vostro apprezzamento per questa leggendaria variet\u00e0.<\/p>\n","protected":false},"excerpt":{"rendered":"<p>Cappello di variet\u00e0 Premium Blue Dream con disegno ricamato del timbro della cannabis<\/p>\n","protected":false},"featured_media":5413,"comment_status":"open","ping_status":"closed","template":"","meta":[],"product_brand":[],"product_cat":[57],"product_tag":[],"class_list":{"0":"post-7794","1":"product","2":"type-product","3":"status-publish","4":"has-post-thumbnail","6":"product_types-hat","7":"product_cat-senza-categoria","9":"first","10":"instock","11":"taxable","12":"shipping-taxable","13":"purchasable","14":"product-type-variable"},"acf":[],"_links":{"self":[{"href":"https:\/\/officialcannabisseeds.com\/it\/wp-json\/wp\/v2\/product\/7794","targetHints":{"allow":["GET"]}}],"collection":[{"href":"https:\/\/officialcannabisseeds.com\/it\/wp-json\/wp\/v2\/product"}],"about":[{"href":"https:\/\/officialcannabisseeds.com\/it\/wp-json\/wp\/v2\/types\/product"}],"replies":[{"embeddable":true,"href":"https:\/\/officialcannabisseeds.com\/it\/wp-json\/wp\/v2\/comments?post=7794"}],"wp:featuredmedia":[{"embeddable":true,"href":"https:\/\/officialcannabisseeds.com\/it\/wp-json\/wp\/v2\/media\/5413"}],"wp:attachment":[{"href":"https:\/\/officialcannabisseeds.com\/it\/wp-json\/wp\/v2\/media?parent=7794"}],"wp:term":[{"taxonomy":"product_brand","embeddable":true,"href":"https:\/\/officialcannabisseeds.com\/it\/wp-json\/wp\/v2\/product_brand?post=7794"},{"taxonomy":"product_cat","embeddable":true,"href":"https:\/\/officialcannabisseeds.com\/it\/wp-json\/wp\/v2\/product_cat?post=7794"},{"taxonomy":"product_tag","embeddable":true,"href":"https:\/\/officialcannabisseeds.com\/it\/wp-json\/wp\/v2\/product_tag?post=7794"}],"curies":[{"name":"wp","href":"https:\/\/api.w.org\/{rel}","templated":true}]}}