{"id":8000,"date":"2026-01-05T15:12:11","date_gmt":"2026-01-05T15:12:11","guid":{"rendered":"https:\/\/officialcannabisseeds.com\/shop\/maglietta-lambs-breath\/"},"modified":"2026-01-05T15:12:29","modified_gmt":"2026-01-05T15:12:29","slug":"maglietta-lambs-breath","status":"publish","type":"product","link":"https:\/\/officialcannabisseeds.com\/it\/prodotto\/maglietta-lambs-breath\/","title":{"rendered":"Maglietta Lambs Breath"},"content":{"rendered":"<p>Mostrate il vostro amore per la leggendaria variet\u00e0 giamaicana Lambs Breath con questa maglietta in cotone di prima qualit\u00e0 con il nostro esclusivo disegno del timbro della cannabis Lambs Breath. Questa maglietta comoda ed elegante \u00e8 perfetta per gli appassionati e i collezionisti di cannabis.<\/p>\n","protected":false},"excerpt":{"rendered":"<p>Maglietta ufficiale della variet\u00e0 Lambs Breath con il nostro esclusivo disegno del timbro della cannabis<\/p>\n","protected":false},"featured_media":4894,"comment_status":"open","ping_status":"closed","template":"","meta":[],"product_brand":[],"product_cat":[57],"product_tag":[],"class_list":{"0":"post-8000","1":"product","2":"type-product","3":"status-publish","4":"has-post-thumbnail","6":"product_types-t-shirt","7":"product_cat-senza-categoria","9":"first","10":"instock","11":"taxable","12":"shipping-taxable","13":"purchasable","14":"product-type-variable"},"acf":[],"_links":{"self":[{"href":"https:\/\/officialcannabisseeds.com\/it\/wp-json\/wp\/v2\/product\/8000","targetHints":{"allow":["GET"]}}],"collection":[{"href":"https:\/\/officialcannabisseeds.com\/it\/wp-json\/wp\/v2\/product"}],"about":[{"href":"https:\/\/officialcannabisseeds.com\/it\/wp-json\/wp\/v2\/types\/product"}],"replies":[{"embeddable":true,"href":"https:\/\/officialcannabisseeds.com\/it\/wp-json\/wp\/v2\/comments?post=8000"}],"wp:featuredmedia":[{"embeddable":true,"href":"https:\/\/officialcannabisseeds.com\/it\/wp-json\/wp\/v2\/media\/4894"}],"wp:attachment":[{"href":"https:\/\/officialcannabisseeds.com\/it\/wp-json\/wp\/v2\/media?parent=8000"}],"wp:term":[{"taxonomy":"product_brand","embeddable":true,"href":"https:\/\/officialcannabisseeds.com\/it\/wp-json\/wp\/v2\/product_brand?post=8000"},{"taxonomy":"product_cat","embeddable":true,"href":"https:\/\/officialcannabisseeds.com\/it\/wp-json\/wp\/v2\/product_cat?post=8000"},{"taxonomy":"product_tag","embeddable":true,"href":"https:\/\/officialcannabisseeds.com\/it\/wp-json\/wp\/v2\/product_tag?post=8000"}],"curies":[{"name":"wp","href":"https:\/\/api.w.org\/{rel}","templated":true}]}}