{"id":8421,"date":"2026-01-05T15:48:35","date_gmt":"2026-01-05T15:48:35","guid":{"rendered":"https:\/\/officialcannabisseeds.com\/shop\/maglietta-sour-d\/"},"modified":"2026-01-05T15:48:53","modified_gmt":"2026-01-05T15:48:53","slug":"maglietta-sour-d","status":"publish","type":"product","link":"https:\/\/officialcannabisseeds.com\/it\/prodotto\/maglietta-sour-d\/","title":{"rendered":"Maglietta Sour D"},"content":{"rendered":"<p>Mostrate il vostro amore per la potente variet\u00e0 Sour D con questa maglietta in cotone di prima qualit\u00e0 con il nostro esclusivo disegno del timbro della cannabis Sour D. Questa maglietta comoda ed elegante \u00e8 perfetta per gli appassionati e i collezionisti di cannabis.<\/p>\n","protected":false},"excerpt":{"rendered":"<p>Maglietta ufficiale del ceppo Sour D con il nostro esclusivo disegno del timbro della cannabis<\/p>\n","protected":false},"featured_media":0,"comment_status":"open","ping_status":"closed","template":"","meta":[],"product_brand":[],"product_cat":[57],"product_tag":[],"class_list":{"0":"post-8421","1":"product","2":"type-product","3":"status-publish","5":"product_types-t-shirt","6":"product_cat-senza-categoria","8":"first","9":"instock","10":"taxable","11":"shipping-taxable","12":"purchasable","13":"product-type-variable"},"acf":[],"_links":{"self":[{"href":"https:\/\/officialcannabisseeds.com\/it\/wp-json\/wp\/v2\/product\/8421","targetHints":{"allow":["GET"]}}],"collection":[{"href":"https:\/\/officialcannabisseeds.com\/it\/wp-json\/wp\/v2\/product"}],"about":[{"href":"https:\/\/officialcannabisseeds.com\/it\/wp-json\/wp\/v2\/types\/product"}],"replies":[{"embeddable":true,"href":"https:\/\/officialcannabisseeds.com\/it\/wp-json\/wp\/v2\/comments?post=8421"}],"wp:attachment":[{"href":"https:\/\/officialcannabisseeds.com\/it\/wp-json\/wp\/v2\/media?parent=8421"}],"wp:term":[{"taxonomy":"product_brand","embeddable":true,"href":"https:\/\/officialcannabisseeds.com\/it\/wp-json\/wp\/v2\/product_brand?post=8421"},{"taxonomy":"product_cat","embeddable":true,"href":"https:\/\/officialcannabisseeds.com\/it\/wp-json\/wp\/v2\/product_cat?post=8421"},{"taxonomy":"product_tag","embeddable":true,"href":"https:\/\/officialcannabisseeds.com\/it\/wp-json\/wp\/v2\/product_tag?post=8421"}],"curies":[{"name":"wp","href":"https:\/\/api.w.org\/{rel}","templated":true}]}}