{"id":8475,"date":"2025-06-24T05:16:31","date_gmt":"2025-06-24T05:16:31","guid":{"rendered":"https:\/\/officialcannabisseeds.com\/shop\/cappello-sour-diesel\/"},"modified":"2026-01-05T15:51:41","modified_gmt":"2026-01-05T15:51:41","slug":"cappello-sour-diesel","status":"publish","type":"product","link":"https:\/\/officialcannabisseeds.com\/it\/prodotto\/cappello-sour-diesel\/","title":{"rendered":"Cappello Sour Diesel"},"content":{"rendered":"<p>Questo cappello regolabile \u00e8 comodo per essere indossato tutto il giorno ed \u00e8 perfetto per mostrare il vostro apprezzamento per questa variet\u00e0 leggendaria.<\/p>\n","protected":false},"excerpt":{"rendered":"<p>Cappello di variet\u00e0 premium Sour Diesel con disegno ricamato del timbro della cannabis<\/p>\n","protected":false},"featured_media":5420,"comment_status":"open","ping_status":"closed","template":"","meta":[],"product_brand":[],"product_cat":[57],"product_tag":[],"class_list":{"0":"post-8475","1":"product","2":"type-product","3":"status-publish","4":"has-post-thumbnail","6":"product_types-hat","7":"product_cat-senza-categoria","9":"first","10":"instock","11":"taxable","12":"shipping-taxable","13":"purchasable","14":"product-type-variable"},"acf":[],"_links":{"self":[{"href":"https:\/\/officialcannabisseeds.com\/it\/wp-json\/wp\/v2\/product\/8475","targetHints":{"allow":["GET"]}}],"collection":[{"href":"https:\/\/officialcannabisseeds.com\/it\/wp-json\/wp\/v2\/product"}],"about":[{"href":"https:\/\/officialcannabisseeds.com\/it\/wp-json\/wp\/v2\/types\/product"}],"replies":[{"embeddable":true,"href":"https:\/\/officialcannabisseeds.com\/it\/wp-json\/wp\/v2\/comments?post=8475"}],"wp:featuredmedia":[{"embeddable":true,"href":"https:\/\/officialcannabisseeds.com\/it\/wp-json\/wp\/v2\/media\/5420"}],"wp:attachment":[{"href":"https:\/\/officialcannabisseeds.com\/it\/wp-json\/wp\/v2\/media?parent=8475"}],"wp:term":[{"taxonomy":"product_brand","embeddable":true,"href":"https:\/\/officialcannabisseeds.com\/it\/wp-json\/wp\/v2\/product_brand?post=8475"},{"taxonomy":"product_cat","embeddable":true,"href":"https:\/\/officialcannabisseeds.com\/it\/wp-json\/wp\/v2\/product_cat?post=8475"},{"taxonomy":"product_tag","embeddable":true,"href":"https:\/\/officialcannabisseeds.com\/it\/wp-json\/wp\/v2\/product_tag?post=8475"}],"curies":[{"name":"wp","href":"https:\/\/api.w.org\/{rel}","templated":true}]}}